{"id":239058,"date":"2025-03-20T17:26:11","date_gmt":"2025-03-20T17:26:11","guid":{"rendered":"https:\/\/aromasentia.com\/product\/happy-scrub-soap-coconut\/"},"modified":"2025-05-31T19:15:40","modified_gmt":"2025-05-31T19:15:40","slug":"jabon-exfoliante-happy-coco","status":"publish","type":"product","link":"https:\/\/aromasentia.com\/es\/jabon-exfoliante-happy-coco\/","title":{"rendered":"Jab\u00f3n Exfoliante Happy &#8211; Coco"},"content":{"rendered":"<p>Consigue una piel suave con nuestro jab\u00f3n exfoliante Happy Scrub Soap &#8211; Coco. Esta pastilla de jab\u00f3n exfoliante combina eficaces part\u00edculas exfoliantes naturales con el aroma cremoso y ex\u00f3tico del coco fresco. Elimina suavemente las c\u00e9lulas muertas y las impurezas, dejando al descubierto una piel m\u00e1s suave, tersa y radiante. El aroma tropical del coco transforma la ducha en una escapada placentera, dejando la piel pulida, hidratada y maravillosamente perfumada.<\/p>\n","protected":false},"excerpt":{"rendered":"<p>Consigue una piel suave con nuestro jab\u00f3n exfoliante Happy Scrub Soap &#8211; Coco. Esta pastilla de jab\u00f3n exfoliante combina eficaces part\u00edculas exfoliantes naturales con el aroma cremoso y ex\u00f3tico del coco fresco. Elimina suavemente las c\u00e9lulas muertas y las impurezas, dejando al descubierto una piel m\u00e1s suave, tersa y radiante. El aroma tropical del coco [&hellip;]<\/p>\n","protected":false},"featured_media":290017,"comment_status":"closed","ping_status":"open","template":"","meta":{"_angie_page":false},"product_brand":[],"product_cat":[19453,20592],"product_tag":[],"class_list":{"0":"post-239058","1":"product","2":"type-product","3":"status-publish","4":"has-post-thumbnail","6":"product_cat-bano-y-ducha","7":"product_cat-jabones-ecologicos-naturales","8":"pa_collection-happy-scrub-soap-es","9":"pa_made-in-reino-unido","11":"first","12":"instock","13":"purchasable","14":"product-type-simple"},"supplier_id":null,"supplier_sku":"HSS-08","barcode":null,"atum_controlled":true,"out_stock_date":null,"out_stock_threshold":null,"inheritable":false,"inbound_stock":null,"stock_on_hold":0,"sold_today":0,"sales_last_days":0,"reserved_stock":null,"customer_returns":null,"warehouse_damage":null,"lost_in_post":null,"other_logs":null,"out_stock_days":0,"lost_sales":0,"has_location":null,"update_date":"2026-05-04T00:03:56","atum_locations":[],"atum_stock_status":"instock","restock_status":false,"low_stock_amount":"","sales_update_date":"2026-01-30T01:24:32","calc_backorders":null,"_links":{"self":[{"href":"https:\/\/aromasentia.com\/es\/wp-json\/wp\/v2\/product\/239058","targetHints":{"allow":["GET"]}}],"collection":[{"href":"https:\/\/aromasentia.com\/es\/wp-json\/wp\/v2\/product"}],"about":[{"href":"https:\/\/aromasentia.com\/es\/wp-json\/wp\/v2\/types\/product"}],"replies":[{"embeddable":true,"href":"https:\/\/aromasentia.com\/es\/wp-json\/wp\/v2\/comments?post=239058"}],"version-history":[{"count":0,"href":"https:\/\/aromasentia.com\/es\/wp-json\/wp\/v2\/product\/239058\/revisions"}],"wp:featuredmedia":[{"embeddable":true,"href":"https:\/\/aromasentia.com\/es\/wp-json\/wp\/v2\/media\/290017"}],"wp:attachment":[{"href":"https:\/\/aromasentia.com\/es\/wp-json\/wp\/v2\/media?parent=239058"}],"wp:term":[{"taxonomy":"product_brand","embeddable":true,"href":"https:\/\/aromasentia.com\/es\/wp-json\/wp\/v2\/product_brand?post=239058"},{"taxonomy":"product_cat","embeddable":true,"href":"https:\/\/aromasentia.com\/es\/wp-json\/wp\/v2\/product_cat?post=239058"},{"taxonomy":"product_tag","embeddable":true,"href":"https:\/\/aromasentia.com\/es\/wp-json\/wp\/v2\/product_tag?post=239058"}],"curies":[{"name":"wp","href":"https:\/\/api.w.org\/{rel}","templated":true}]}}