{"id":239050,"date":"2025-03-20T17:26:11","date_gmt":"2025-03-20T17:26:11","guid":{"rendered":"https:\/\/aromasentia.com\/product\/handmade-soap-loaf-pomegranate-slice-approx-100g\/"},"modified":"2025-05-31T19:15:30","modified_gmt":"2025-05-31T19:15:30","slug":"pastilla-jabon-artesanal-granada-rodaja-aprox-100g","status":"publish","type":"product","link":"https:\/\/aromasentia.com\/es\/pastilla-jabon-artesanal-granada-rodaja-aprox-100g\/","title":{"rendered":"Pastilla Jab\u00f3n Artesanal &#8211; Granada &#8211; Rodaja aprox. 100g"},"content":{"rendered":"<p>Experimente una limpieza rica en antioxidantes con nuestra Pastilla de Jab\u00f3n Artesanal &#8211; Granada, que ofrece ex\u00f3ticas l\u00e1minas de aproximadamente 100 g. Este jab\u00f3n artesanal est\u00e1 impregnado del aroma \u00e1cido, afrutado y ligeramente dulce de la vibrante granada. Cada rodaja cortada a mano proporciona una lujosa espuma que limpia suavemente, mientras que su estimulante fragancia deleita los sentidos. Conocido por sus propiedades beneficiosas, este jab\u00f3n con aroma de granada deja la piel fresca, suave y revitalizada con un toque de encanto ex\u00f3tico.<\/p>\n","protected":false},"excerpt":{"rendered":"<p>Experimente una limpieza rica en antioxidantes con nuestra Pastilla de Jab\u00f3n Artesanal &#8211; Granada, que ofrece ex\u00f3ticas l\u00e1minas de aproximadamente 100 g. Este jab\u00f3n artesanal est\u00e1 impregnado del aroma \u00e1cido, afrutado y ligeramente dulce de la vibrante granada. Cada rodaja cortada a mano proporciona una lujosa espuma que limpia suavemente, mientras que su estimulante fragancia [&hellip;]<\/p>\n","protected":false},"featured_media":289999,"comment_status":"closed","ping_status":"open","template":"","meta":{"_angie_page":false},"product_brand":[],"product_cat":[25844,19453,26849,26498,20592],"product_tag":[],"class_list":{"0":"post-239050","1":"product","2":"type-product","3":"status-publish","4":"has-post-thumbnail","6":"product_cat-aromas","7":"product_cat-bano-y-ducha","8":"product_cat-frutal","9":"product_cat-granada","10":"product_cat-jabones-ecologicos-naturales","11":"pa_made-in-letonia","12":"pa_size-100g","14":"first","15":"outofstock","16":"purchasable","17":"product-type-simple"},"supplier_id":null,"supplier_sku":"DSHSL-07","barcode":null,"atum_controlled":true,"out_stock_date":"2025-09-04 22:31:29","out_stock_threshold":null,"inheritable":false,"inbound_stock":null,"stock_on_hold":0,"sold_today":0,"sales_last_days":0,"reserved_stock":null,"customer_returns":null,"warehouse_damage":null,"lost_in_post":null,"other_logs":null,"out_stock_days":34,"lost_sales":0,"has_location":null,"update_date":"2026-04-27T06:59:27","atum_locations":[],"atum_stock_status":"outofstock","restock_status":false,"low_stock_amount":"","sales_update_date":"2025-10-09T03:29:09","calc_backorders":null,"_links":{"self":[{"href":"https:\/\/aromasentia.com\/es\/wp-json\/wp\/v2\/product\/239050","targetHints":{"allow":["GET"]}}],"collection":[{"href":"https:\/\/aromasentia.com\/es\/wp-json\/wp\/v2\/product"}],"about":[{"href":"https:\/\/aromasentia.com\/es\/wp-json\/wp\/v2\/types\/product"}],"replies":[{"embeddable":true,"href":"https:\/\/aromasentia.com\/es\/wp-json\/wp\/v2\/comments?post=239050"}],"version-history":[{"count":0,"href":"https:\/\/aromasentia.com\/es\/wp-json\/wp\/v2\/product\/239050\/revisions"}],"wp:featuredmedia":[{"embeddable":true,"href":"https:\/\/aromasentia.com\/es\/wp-json\/wp\/v2\/media\/289999"}],"wp:attachment":[{"href":"https:\/\/aromasentia.com\/es\/wp-json\/wp\/v2\/media?parent=239050"}],"wp:term":[{"taxonomy":"product_brand","embeddable":true,"href":"https:\/\/aromasentia.com\/es\/wp-json\/wp\/v2\/product_brand?post=239050"},{"taxonomy":"product_cat","embeddable":true,"href":"https:\/\/aromasentia.com\/es\/wp-json\/wp\/v2\/product_cat?post=239050"},{"taxonomy":"product_tag","embeddable":true,"href":"https:\/\/aromasentia.com\/es\/wp-json\/wp\/v2\/product_tag?post=239050"}],"curies":[{"name":"wp","href":"https:\/\/api.w.org\/{rel}","templated":true}]}}