{"id":239038,"date":"2025-03-20T17:26:19","date_gmt":"2025-03-20T17:26:19","guid":{"rendered":"https:\/\/aromasentia.com\/product\/happy-scrub-soap-bubblegum\/"},"modified":"2025-05-31T19:15:15","modified_gmt":"2025-05-31T19:15:15","slug":"jabon-exfoliante-happy-chicle","status":"publish","type":"product","link":"https:\/\/aromasentia.com\/es\/jabon-exfoliante-happy-chicle\/","title":{"rendered":"Jab\u00f3n Exfoliante Happy &#8211; Chicle"},"content":{"rendered":"<p>A\u00f1ada un poco de diversi\u00f3n a su exfoliaci\u00f3n con nuestro jab\u00f3n exfoliante Happy Scrub Soap &#8211; Chicle. Esta divertida barra exfoliante le trae dulces recuerdos de la infancia con su cl\u00e1sica fragancia a chicle, combinada con eficaces agentes exfoliantes naturales. Pule suavemente la piel, eliminando la opacidad y dej\u00e1ndola suave, tersa y maravillosamente fresca. Su alegre y azucarado aroma convierte la ducha en una deliciosa y estimulante aventura, a\u00f1adiendo un toque de caprichosa diversi\u00f3n a tu d\u00eda.<\/p>\n","protected":false},"excerpt":{"rendered":"<p>A\u00f1ada un poco de diversi\u00f3n a su exfoliaci\u00f3n con nuestro jab\u00f3n exfoliante Happy Scrub Soap &#8211; Chicle. Esta divertida barra exfoliante le trae dulces recuerdos de la infancia con su cl\u00e1sica fragancia a chicle, combinada con eficaces agentes exfoliantes naturales. Pule suavemente la piel, eliminando la opacidad y dej\u00e1ndola suave, tersa y maravillosamente fresca. Su [&hellip;]<\/p>\n","protected":false},"featured_media":290102,"comment_status":"closed","ping_status":"open","template":"","meta":{"_angie_page":false},"product_brand":[],"product_cat":[19453,20592],"product_tag":[],"class_list":{"0":"post-239038","1":"product","2":"type-product","3":"status-publish","4":"has-post-thumbnail","6":"product_cat-bano-y-ducha","7":"product_cat-jabones-ecologicos-naturales","8":"pa_collection-happy-scrub-soap-es","9":"pa_made-in-reino-unido","11":"first","12":"instock","13":"purchasable","14":"product-type-simple"},"supplier_id":null,"supplier_sku":"HSS-03","barcode":null,"atum_controlled":true,"out_stock_date":null,"out_stock_threshold":null,"inheritable":false,"inbound_stock":null,"stock_on_hold":0,"sold_today":0,"sales_last_days":0,"reserved_stock":null,"customer_returns":null,"warehouse_damage":null,"lost_in_post":null,"other_logs":null,"out_stock_days":0,"lost_sales":0,"has_location":null,"update_date":"2026-04-27T07:08:12","atum_locations":[],"atum_stock_status":"instock","restock_status":false,"low_stock_amount":"","sales_update_date":"2025-09-05T00:19:40","calc_backorders":null,"_links":{"self":[{"href":"https:\/\/aromasentia.com\/es\/wp-json\/wp\/v2\/product\/239038","targetHints":{"allow":["GET"]}}],"collection":[{"href":"https:\/\/aromasentia.com\/es\/wp-json\/wp\/v2\/product"}],"about":[{"href":"https:\/\/aromasentia.com\/es\/wp-json\/wp\/v2\/types\/product"}],"replies":[{"embeddable":true,"href":"https:\/\/aromasentia.com\/es\/wp-json\/wp\/v2\/comments?post=239038"}],"version-history":[{"count":0,"href":"https:\/\/aromasentia.com\/es\/wp-json\/wp\/v2\/product\/239038\/revisions"}],"wp:featuredmedia":[{"embeddable":true,"href":"https:\/\/aromasentia.com\/es\/wp-json\/wp\/v2\/media\/290102"}],"wp:attachment":[{"href":"https:\/\/aromasentia.com\/es\/wp-json\/wp\/v2\/media?parent=239038"}],"wp:term":[{"taxonomy":"product_brand","embeddable":true,"href":"https:\/\/aromasentia.com\/es\/wp-json\/wp\/v2\/product_brand?post=239038"},{"taxonomy":"product_cat","embeddable":true,"href":"https:\/\/aromasentia.com\/es\/wp-json\/wp\/v2\/product_cat?post=239038"},{"taxonomy":"product_tag","embeddable":true,"href":"https:\/\/aromasentia.com\/es\/wp-json\/wp\/v2\/product_tag?post=239038"}],"curies":[{"name":"wp","href":"https:\/\/api.w.org\/{rel}","templated":true}]}}