{"id":239034,"date":"2025-03-20T17:26:19","date_gmt":"2025-03-20T17:26:19","guid":{"rendered":"https:\/\/aromasentia.com\/product\/happy-scrub-soap-strawberry-guava\/"},"modified":"2025-05-31T19:15:08","modified_gmt":"2025-05-31T19:15:08","slug":"jabon-exfoliante-happy-fresa-y-guayaba","status":"publish","type":"product","link":"https:\/\/aromasentia.com\/es\/jabon-exfoliante-happy-fresa-y-guayaba\/","title":{"rendered":"Jab\u00f3n Exfoliante Happy &#8211; Fresa y Guayaba"},"content":{"rendered":"<p>Disfrute de una explosi\u00f3n de frescor afrutado con nuestro jab\u00f3n exfoliante Happy &#8211; Fresa y Guayaba. Esta pastilla de jab\u00f3n exfoliante combina el dulce aroma de las jugosas fresas con la ex\u00f3tica c\u00e1scara de la guayaba tropical, junto con suaves part\u00edculas exfoliantes naturales. Elimina eficazmente las impurezas y las c\u00e9lulas muertas de la piel, dej\u00e1ndola incre\u00edblemente suave, tersa y revitalizada. La deliciosa y vibrante fragancia hace que su rutina de limpieza sea una experiencia verdaderamente feliz y vigorizante.<\/p>\n","protected":false},"excerpt":{"rendered":"<p>Disfrute de una explosi\u00f3n de frescor afrutado con nuestro jab\u00f3n exfoliante Happy &#8211; Fresa y Guayaba. Esta pastilla de jab\u00f3n exfoliante combina el dulce aroma de las jugosas fresas con la ex\u00f3tica c\u00e1scara de la guayaba tropical, junto con suaves part\u00edculas exfoliantes naturales. Elimina eficazmente las impurezas y las c\u00e9lulas muertas de la piel, dej\u00e1ndola [&hellip;]<\/p>\n","protected":false},"featured_media":290085,"comment_status":"closed","ping_status":"open","template":"","meta":{"_angie_page":false},"product_brand":[],"product_cat":[25844,19453,26544,26849,26570,20592],"product_tag":[],"class_list":{"0":"post-239034","1":"product","2":"type-product","3":"status-publish","4":"has-post-thumbnail","6":"product_cat-aromas","7":"product_cat-bano-y-ducha","8":"product_cat-fresa","9":"product_cat-frutal","10":"product_cat-guayaba","11":"product_cat-jabones-ecologicos-naturales","12":"pa_collection-happy-scrub-soap-es","13":"pa_made-in-reino-unido","15":"first","16":"instock","17":"purchasable","18":"product-type-simple"},"supplier_id":null,"supplier_sku":"HSS-04","barcode":null,"atum_controlled":true,"out_stock_date":null,"out_stock_threshold":null,"inheritable":false,"inbound_stock":null,"stock_on_hold":0,"sold_today":0,"sales_last_days":0,"reserved_stock":null,"customer_returns":null,"warehouse_damage":null,"lost_in_post":null,"other_logs":null,"out_stock_days":0,"lost_sales":0,"has_location":null,"update_date":"2026-04-27T07:08:12","atum_locations":[],"atum_stock_status":"instock","restock_status":false,"low_stock_amount":"","sales_update_date":"2025-09-05T00:19:39","calc_backorders":null,"_links":{"self":[{"href":"https:\/\/aromasentia.com\/es\/wp-json\/wp\/v2\/product\/239034","targetHints":{"allow":["GET"]}}],"collection":[{"href":"https:\/\/aromasentia.com\/es\/wp-json\/wp\/v2\/product"}],"about":[{"href":"https:\/\/aromasentia.com\/es\/wp-json\/wp\/v2\/types\/product"}],"replies":[{"embeddable":true,"href":"https:\/\/aromasentia.com\/es\/wp-json\/wp\/v2\/comments?post=239034"}],"version-history":[{"count":0,"href":"https:\/\/aromasentia.com\/es\/wp-json\/wp\/v2\/product\/239034\/revisions"}],"wp:featuredmedia":[{"embeddable":true,"href":"https:\/\/aromasentia.com\/es\/wp-json\/wp\/v2\/media\/290085"}],"wp:attachment":[{"href":"https:\/\/aromasentia.com\/es\/wp-json\/wp\/v2\/media?parent=239034"}],"wp:term":[{"taxonomy":"product_brand","embeddable":true,"href":"https:\/\/aromasentia.com\/es\/wp-json\/wp\/v2\/product_brand?post=239034"},{"taxonomy":"product_cat","embeddable":true,"href":"https:\/\/aromasentia.com\/es\/wp-json\/wp\/v2\/product_cat?post=239034"},{"taxonomy":"product_tag","embeddable":true,"href":"https:\/\/aromasentia.com\/es\/wp-json\/wp\/v2\/product_tag?post=239034"}],"curies":[{"name":"wp","href":"https:\/\/api.w.org\/{rel}","templated":true}]}}