{"id":239006,"date":"2025-03-20T17:26:27","date_gmt":"2025-03-20T17:26:27","guid":{"rendered":"https:\/\/aromasentia.com\/product\/happy-scrub-soap-pinacolada\/"},"modified":"2025-05-31T19:14:43","modified_gmt":"2025-05-31T19:14:43","slug":"jabon-exfoliante-happy-pina-colada","status":"publish","type":"product","link":"https:\/\/aromasentia.com\/es\/jabon-exfoliante-happy-pina-colada\/","title":{"rendered":"Jab\u00f3n Exfoliante Happy &#8211; Pi\u00f1a Colada"},"content":{"rendered":"<p>Esc\u00e1pese a un para\u00edso tropical con nuestro Jab\u00f3n Exfoliante Feliz &#8211; Pinacolada. Esta pastilla de jab\u00f3n exfoliante captura el irresistible aroma del cremoso coco y la jugosa pi\u00f1a, mezclados con agentes exfoliantes naturales. Pule suavemente la piel, eliminando la opacidad y revelando una textura m\u00e1s suave y tersa. La cl\u00e1sica fragancia inspirada en los c\u00f3cteles transforma su ducha en unas minivacaciones, dejando su piel fresca, maravillosamente acondicionada y deliciosamente perfumada.<\/p>\n","protected":false},"excerpt":{"rendered":"<p>Esc\u00e1pese a un para\u00edso tropical con nuestro Jab\u00f3n Exfoliante Feliz &#8211; Pinacolada. Esta pastilla de jab\u00f3n exfoliante captura el irresistible aroma del cremoso coco y la jugosa pi\u00f1a, mezclados con agentes exfoliantes naturales. Pule suavemente la piel, eliminando la opacidad y revelando una textura m\u00e1s suave y tersa. La cl\u00e1sica fragancia inspirada en los c\u00f3cteles [&hellip;]<\/p>\n","protected":false},"featured_media":290136,"comment_status":"closed","ping_status":"open","template":"","meta":{"_angie_page":false},"product_brand":[],"product_cat":[19453,20592],"product_tag":[],"class_list":{"0":"post-239006","1":"product","2":"type-product","3":"status-publish","4":"has-post-thumbnail","6":"product_cat-bano-y-ducha","7":"product_cat-jabones-ecologicos-naturales","8":"pa_collection-happy-scrub-soap-es","9":"pa_made-in-reino-unido","11":"first","12":"instock","13":"purchasable","14":"product-type-simple"},"supplier_id":null,"supplier_sku":"HSS-01","barcode":null,"atum_controlled":true,"out_stock_date":null,"out_stock_threshold":null,"inheritable":false,"inbound_stock":null,"stock_on_hold":0,"sold_today":0,"sales_last_days":0,"reserved_stock":null,"customer_returns":null,"warehouse_damage":null,"lost_in_post":null,"other_logs":null,"out_stock_days":0,"lost_sales":0,"has_location":null,"update_date":"2026-04-27T07:08:12","atum_locations":[],"atum_stock_status":"instock","restock_status":false,"low_stock_amount":"","sales_update_date":"2026-02-06T00:02:17","calc_backorders":null,"_links":{"self":[{"href":"https:\/\/aromasentia.com\/es\/wp-json\/wp\/v2\/product\/239006","targetHints":{"allow":["GET"]}}],"collection":[{"href":"https:\/\/aromasentia.com\/es\/wp-json\/wp\/v2\/product"}],"about":[{"href":"https:\/\/aromasentia.com\/es\/wp-json\/wp\/v2\/types\/product"}],"replies":[{"embeddable":true,"href":"https:\/\/aromasentia.com\/es\/wp-json\/wp\/v2\/comments?post=239006"}],"version-history":[{"count":0,"href":"https:\/\/aromasentia.com\/es\/wp-json\/wp\/v2\/product\/239006\/revisions"}],"wp:featuredmedia":[{"embeddable":true,"href":"https:\/\/aromasentia.com\/es\/wp-json\/wp\/v2\/media\/290136"}],"wp:attachment":[{"href":"https:\/\/aromasentia.com\/es\/wp-json\/wp\/v2\/media?parent=239006"}],"wp:term":[{"taxonomy":"product_brand","embeddable":true,"href":"https:\/\/aromasentia.com\/es\/wp-json\/wp\/v2\/product_brand?post=239006"},{"taxonomy":"product_cat","embeddable":true,"href":"https:\/\/aromasentia.com\/es\/wp-json\/wp\/v2\/product_cat?post=239006"},{"taxonomy":"product_tag","embeddable":true,"href":"https:\/\/aromasentia.com\/es\/wp-json\/wp\/v2\/product_tag?post=239006"}],"curies":[{"name":"wp","href":"https:\/\/api.w.org\/{rel}","templated":true}]}}