{"id":238966,"date":"2025-03-20T17:27:02","date_gmt":"2025-03-20T17:27:02","guid":{"rendered":"https:\/\/aromasentia.com\/product\/baby-powder-bath-bomb\/"},"modified":"2025-05-31T19:13:38","modified_gmt":"2025-05-31T19:13:38","slug":"bombas-de-bano-polvo-de-talco","status":"publish","type":"product","link":"https:\/\/aromasentia.com\/es\/bombas-de-bano-polvo-de-talco\/","title":{"rendered":"Bombas de Ba\u00f1o Polvo de Talco"},"content":{"rendered":"<p>\u00a1Poder y alegr\u00eda! Estas fragancias energizantes te aportar\u00e1n el poder y la alegr\u00eda de la naturaleza&#8230;&nbsp;<\/p>\n<p>Las Bombas de Ba\u00f1o de eucalipto y lim\u00f3n tambi\u00e9n tienen una excelente relaci\u00f3n calidad-precio. Cada bola pesa m\u00e1s de 180 gramos y contiene manteca de karit\u00e9 para que sean m\u00e1s suaves para la piel. Tenemos una gama de fant\u00e1sticas fragancias entre las que elegir, cada una con su color distintivo. Compra varios envases diferentes para crear un expositor llamativo en tu tienda que tus clientes no podr\u00e1n resistir.<\/p>\n","protected":false},"excerpt":{"rendered":"<p>\u00a1Poder y alegr\u00eda! Estas fragancias energizantes te aportar\u00e1n el poder y la alegr\u00eda de la naturaleza&#8230;&nbsp; Las Bombas de Ba\u00f1o de eucalipto y lim\u00f3n tambi\u00e9n tienen una excelente relaci\u00f3n calidad-precio. Cada bola pesa m\u00e1s de 180 gramos y contiene manteca de karit\u00e9 para que sean m\u00e1s suaves para la piel. Tenemos una gama de fant\u00e1sticas [&hellip;]<\/p>\n","protected":false},"featured_media":290314,"comment_status":"closed","ping_status":"open","template":"","meta":{"_angie_page":false},"product_brand":[],"product_cat":[19453,20515],"product_tag":[],"class_list":{"0":"post-238966","1":"product","2":"type-product","3":"status-publish","4":"has-post-thumbnail","6":"product_cat-bano-y-ducha","7":"product_cat-bombas-de-bano","8":"pa_made-in-reino-unido","10":"first","11":"instock","12":"purchasable","13":"product-type-simple"},"supplier_id":null,"supplier_sku":"JBB-11","barcode":null,"atum_controlled":true,"out_stock_date":null,"out_stock_threshold":null,"inheritable":false,"inbound_stock":null,"stock_on_hold":0,"sold_today":0,"sales_last_days":0,"reserved_stock":null,"customer_returns":null,"warehouse_damage":null,"lost_in_post":null,"other_logs":null,"out_stock_days":0,"lost_sales":0,"has_location":null,"update_date":"2026-05-08T05:11:57","atum_locations":[],"atum_stock_status":"instock","restock_status":false,"low_stock_amount":"","sales_update_date":"2025-09-05T00:19:42","calc_backorders":null,"_links":{"self":[{"href":"https:\/\/aromasentia.com\/es\/wp-json\/wp\/v2\/product\/238966","targetHints":{"allow":["GET"]}}],"collection":[{"href":"https:\/\/aromasentia.com\/es\/wp-json\/wp\/v2\/product"}],"about":[{"href":"https:\/\/aromasentia.com\/es\/wp-json\/wp\/v2\/types\/product"}],"replies":[{"embeddable":true,"href":"https:\/\/aromasentia.com\/es\/wp-json\/wp\/v2\/comments?post=238966"}],"version-history":[{"count":0,"href":"https:\/\/aromasentia.com\/es\/wp-json\/wp\/v2\/product\/238966\/revisions"}],"wp:featuredmedia":[{"embeddable":true,"href":"https:\/\/aromasentia.com\/es\/wp-json\/wp\/v2\/media\/290314"}],"wp:attachment":[{"href":"https:\/\/aromasentia.com\/es\/wp-json\/wp\/v2\/media?parent=238966"}],"wp:term":[{"taxonomy":"product_brand","embeddable":true,"href":"https:\/\/aromasentia.com\/es\/wp-json\/wp\/v2\/product_brand?post=238966"},{"taxonomy":"product_cat","embeddable":true,"href":"https:\/\/aromasentia.com\/es\/wp-json\/wp\/v2\/product_cat?post=238966"},{"taxonomy":"product_tag","embeddable":true,"href":"https:\/\/aromasentia.com\/es\/wp-json\/wp\/v2\/product_tag?post=238966"}],"curies":[{"name":"wp","href":"https:\/\/api.w.org\/{rel}","templated":true}]}}