{"id":238950,"date":"2025-03-20T17:27:18","date_gmt":"2025-03-20T17:27:18","guid":{"rendered":"https:\/\/aromasentia.com\/product\/sweet-fennel-jojoba-bath-bomb\/"},"modified":"2025-05-31T19:13:15","modified_gmt":"2025-05-31T19:13:15","slug":"bombas-de-bano-hinojo-y-jojoba","status":"publish","type":"product","link":"https:\/\/aromasentia.com\/es\/bombas-de-bano-hinojo-y-jojoba\/","title":{"rendered":"Bombas de Ba\u00f1o Hinojo y Jojoba"},"content":{"rendered":"<p>Las Bombas de Ba\u00f1o Bucks Fizz tienen una excelente relaci\u00f3n calidad-precio. Cada bola pesa m\u00e1s de 180 gramos y contiene manteca de karit\u00e9 para que sean m\u00e1s suaves para la piel.<\/p>\n<p>Tenemos una gama de fant\u00e1sticas fragancias entre las que elegir, cada una con su propio color distintivo.<\/p>\n<p>Compra varios envases diferentes para crear un expositor llamativo en tu tienda que tus clientes no podr\u00e1n resistir.<\/p>\n","protected":false},"excerpt":{"rendered":"<p>Las Bombas de Ba\u00f1o Bucks Fizz tienen una excelente relaci\u00f3n calidad-precio. Cada bola pesa m\u00e1s de 180 gramos y contiene manteca de karit\u00e9 para que sean m\u00e1s suaves para la piel. Tenemos una gama de fant\u00e1sticas fragancias entre las que elegir, cada una con su propio color distintivo. Compra varios envases diferentes para crear un [&hellip;]<\/p>\n","protected":false},"featured_media":290408,"comment_status":"closed","ping_status":"open","template":"","meta":[],"product_brand":[],"product_cat":[25844,19453,20515,26863,26182],"product_tag":[],"class_list":{"0":"post-238950","1":"product","2":"type-product","3":"status-publish","4":"has-post-thumbnail","6":"product_cat-aromas","7":"product_cat-bano-y-ducha","8":"product_cat-bombas-de-bano","9":"product_cat-herbal-aromatico","10":"product_cat-hinojo","11":"pa_made-in-reino-unido","13":"first","14":"outofstock","15":"purchasable","16":"product-type-simple"},"supplier_id":null,"supplier_sku":"JBB-17","barcode":null,"atum_controlled":true,"out_stock_date":"2025-09-05 00:38:05","out_stock_threshold":null,"inheritable":false,"inbound_stock":0,"stock_on_hold":0,"sold_today":0,"sales_last_days":0,"reserved_stock":0,"customer_returns":0,"warehouse_damage":0,"lost_in_post":0,"other_logs":0,"out_stock_days":0,"lost_sales":0,"has_location":false,"update_date":"2026-02-11T09:34:53","atum_locations":[],"atum_stock_status":"outofstock","restock_status":false,"low_stock_amount":"","sales_update_date":"2025-09-05T00:19:43","calc_backorders":null,"_links":{"self":[{"href":"https:\/\/aromasentia.com\/es\/wp-json\/wp\/v2\/product\/238950","targetHints":{"allow":["GET"]}}],"collection":[{"href":"https:\/\/aromasentia.com\/es\/wp-json\/wp\/v2\/product"}],"about":[{"href":"https:\/\/aromasentia.com\/es\/wp-json\/wp\/v2\/types\/product"}],"replies":[{"embeddable":true,"href":"https:\/\/aromasentia.com\/es\/wp-json\/wp\/v2\/comments?post=238950"}],"version-history":[{"count":0,"href":"https:\/\/aromasentia.com\/es\/wp-json\/wp\/v2\/product\/238950\/revisions"}],"wp:featuredmedia":[{"embeddable":true,"href":"https:\/\/aromasentia.com\/es\/wp-json\/wp\/v2\/media\/290408"}],"wp:attachment":[{"href":"https:\/\/aromasentia.com\/es\/wp-json\/wp\/v2\/media?parent=238950"}],"wp:term":[{"taxonomy":"product_brand","embeddable":true,"href":"https:\/\/aromasentia.com\/es\/wp-json\/wp\/v2\/product_brand?post=238950"},{"taxonomy":"product_cat","embeddable":true,"href":"https:\/\/aromasentia.com\/es\/wp-json\/wp\/v2\/product_cat?post=238950"},{"taxonomy":"product_tag","embeddable":true,"href":"https:\/\/aromasentia.com\/es\/wp-json\/wp\/v2\/product_tag?post=238950"}],"curies":[{"name":"wp","href":"https:\/\/api.w.org\/{rel}","templated":true}]}}