{"id":238926,"date":"2025-03-20T17:27:28","date_gmt":"2025-03-20T17:27:28","guid":{"rendered":"https:\/\/aromasentia.com\/product\/chocolate-orange-bath-bomb\/"},"modified":"2025-05-31T19:12:32","modified_gmt":"2025-05-31T19:12:32","slug":"bombas-de-bano-chocolate-y-naranja","status":"publish","type":"product","link":"https:\/\/aromasentia.com\/es\/bombas-de-bano-chocolate-y-naranja\/","title":{"rendered":"Bombas de Ba\u00f1o Chocolate y Naranja"},"content":{"rendered":"<p><strong>Aroma Sentia Espa\u00f1a somos mayorista de Bombas de Ba\u00f1o<\/strong>, si est\u00e1s buscando un tratamiento relajante ha dado con \u00e9l. Las Bombas de Ba\u00f1o jumbo est\u00e1n indicadas para quienes buscan calidad adem\u00e1s de un bonito dise\u00f1o y aroma, con la mejor relaci\u00f3n calidad-precio. Incluyen manteca de karit\u00e9 para conseguir una piel suave e hidratada.<\/p>\n<p>Cada bomba pesa m\u00e1s de 180g aprox. Se puede vender al p\u00fablico desde 3.75\u20ac la unidad, dependiendo de la forma de presentaci\u00f3n y el mercado local. Tenemos una amplia gama de fant\u00e1sticas fragancias y colores. Aprov\u00e9chela para crear un original y atractivo escaparate que atrape las miradas.<\/p>\n<p>Mira tambi\u00e9n nuestras Bombas de Ba\u00f1o Jumbo Extra Manteca de Karit\u00e9. &nbsp;S\u00f3lo venta al por mayor.<\/p>\n","protected":false},"excerpt":{"rendered":"<p>Aroma Sentia Espa\u00f1a somos mayorista de Bombas de Ba\u00f1o, si est\u00e1s buscando un tratamiento relajante ha dado con \u00e9l. Las Bombas de Ba\u00f1o jumbo est\u00e1n indicadas para quienes buscan calidad adem\u00e1s de un bonito dise\u00f1o y aroma, con la mejor relaci\u00f3n calidad-precio. Incluyen manteca de karit\u00e9 para conseguir una piel suave e hidratada. Cada bomba [&hellip;]<\/p>\n","protected":false},"featured_media":290460,"comment_status":"closed","ping_status":"open","template":"","meta":{"_angie_page":false},"product_brand":[],"product_cat":[25844,19453,20515,26821,26309],"product_tag":[],"class_list":{"0":"post-238926","1":"product","2":"type-product","3":"status-publish","4":"has-post-thumbnail","6":"product_cat-aromas","7":"product_cat-bano-y-ducha","8":"product_cat-bombas-de-bano","9":"product_cat-citrico","10":"product_cat-naranja","11":"pa_made-in-reino-unido","13":"first","14":"instock","15":"purchasable","16":"product-type-simple"},"supplier_id":null,"supplier_sku":"JBB-21","barcode":null,"atum_controlled":true,"out_stock_date":null,"out_stock_threshold":null,"inheritable":false,"inbound_stock":null,"stock_on_hold":0,"sold_today":0,"sales_last_days":0,"reserved_stock":null,"customer_returns":null,"warehouse_damage":null,"lost_in_post":null,"other_logs":null,"out_stock_days":0,"lost_sales":0,"has_location":null,"update_date":"2026-04-27T07:09:57","atum_locations":[],"atum_stock_status":"instock","restock_status":false,"low_stock_amount":"","sales_update_date":"2025-09-05T00:19:44","calc_backorders":null,"_links":{"self":[{"href":"https:\/\/aromasentia.com\/es\/wp-json\/wp\/v2\/product\/238926","targetHints":{"allow":["GET"]}}],"collection":[{"href":"https:\/\/aromasentia.com\/es\/wp-json\/wp\/v2\/product"}],"about":[{"href":"https:\/\/aromasentia.com\/es\/wp-json\/wp\/v2\/types\/product"}],"replies":[{"embeddable":true,"href":"https:\/\/aromasentia.com\/es\/wp-json\/wp\/v2\/comments?post=238926"}],"version-history":[{"count":0,"href":"https:\/\/aromasentia.com\/es\/wp-json\/wp\/v2\/product\/238926\/revisions"}],"wp:featuredmedia":[{"embeddable":true,"href":"https:\/\/aromasentia.com\/es\/wp-json\/wp\/v2\/media\/290460"}],"wp:attachment":[{"href":"https:\/\/aromasentia.com\/es\/wp-json\/wp\/v2\/media?parent=238926"}],"wp:term":[{"taxonomy":"product_brand","embeddable":true,"href":"https:\/\/aromasentia.com\/es\/wp-json\/wp\/v2\/product_brand?post=238926"},{"taxonomy":"product_cat","embeddable":true,"href":"https:\/\/aromasentia.com\/es\/wp-json\/wp\/v2\/product_cat?post=238926"},{"taxonomy":"product_tag","embeddable":true,"href":"https:\/\/aromasentia.com\/es\/wp-json\/wp\/v2\/product_tag?post=238926"}],"curies":[{"name":"wp","href":"https:\/\/api.w.org\/{rel}","templated":true}]}}