{"id":238918,"date":"2025-03-20T17:27:41","date_gmt":"2025-03-20T17:27:41","guid":{"rendered":"https:\/\/aromasentia.com\/product\/strawberry-pavlova-red-white\/"},"modified":"2025-05-31T19:12:16","modified_gmt":"2025-05-31T19:12:16","slug":"bombas-de-bano-fresa-pavlova-rojo-y-blanco","status":"publish","type":"product","link":"https:\/\/aromasentia.com\/es\/bombas-de-bano-fresa-pavlova-rojo-y-blanco\/","title":{"rendered":"Bombas de Ba\u00f1o Fresa Pavlova &#8211; Rojo y Blanco"},"content":{"rendered":"<p>Estas Bombas de Ba\u00f1o gigantes son perfectas para cualquiera que busque un producto de alta calidad para el ba\u00f1o con un aspecto y un aroma fant\u00e1sticos. &nbsp;Con una fragancia que te har\u00e1 la boca agua, estas Bombas de Ba\u00f1o son casi comestibles (pero, por favor, no las comas).<\/p>\n<p>Cada bomba pesa 180 gramos. <\/p>\n<p>Tenemos una gama de fant\u00e1sticas fragancias entre las que elegir, cada una con su color distintivo.&nbsp;<\/p>\n","protected":false},"excerpt":{"rendered":"<p>Estas Bombas de Ba\u00f1o gigantes son perfectas para cualquiera que busque un producto de alta calidad para el ba\u00f1o con un aspecto y un aroma fant\u00e1sticos. &nbsp;Con una fragancia que te har\u00e1 la boca agua, estas Bombas de Ba\u00f1o son casi comestibles (pero, por favor, no las comas). Cada bomba pesa 180 gramos. Tenemos una [&hellip;]<\/p>\n","protected":false},"featured_media":290864,"comment_status":"closed","ping_status":"open","template":"","meta":{"_angie_page":false},"product_brand":[],"product_cat":[25844,19453,26544,26849],"product_tag":[],"class_list":{"0":"post-238918","1":"product","2":"type-product","3":"status-publish","4":"has-post-thumbnail","6":"product_cat-aromas","7":"product_cat-bano-y-ducha","8":"product_cat-fresa","9":"product_cat-frutal","10":"pa_collection-just-desserts-bath-bombs-200g-es","11":"pa_made-in-reino-unido","13":"first","14":"instock","15":"purchasable","16":"product-type-simple"},"supplier_id":null,"supplier_sku":"JDBB-02","barcode":null,"atum_controlled":true,"out_stock_date":null,"out_stock_threshold":null,"inheritable":false,"inbound_stock":null,"stock_on_hold":0,"sold_today":0,"sales_last_days":0,"reserved_stock":null,"customer_returns":null,"warehouse_damage":null,"lost_in_post":null,"other_logs":null,"out_stock_days":0,"lost_sales":0,"has_location":null,"update_date":"2026-04-27T07:10:05","atum_locations":[],"atum_stock_status":"instock","restock_status":false,"low_stock_amount":"","sales_update_date":"2026-01-30T01:26:34","calc_backorders":null,"_links":{"self":[{"href":"https:\/\/aromasentia.com\/es\/wp-json\/wp\/v2\/product\/238918","targetHints":{"allow":["GET"]}}],"collection":[{"href":"https:\/\/aromasentia.com\/es\/wp-json\/wp\/v2\/product"}],"about":[{"href":"https:\/\/aromasentia.com\/es\/wp-json\/wp\/v2\/types\/product"}],"replies":[{"embeddable":true,"href":"https:\/\/aromasentia.com\/es\/wp-json\/wp\/v2\/comments?post=238918"}],"version-history":[{"count":0,"href":"https:\/\/aromasentia.com\/es\/wp-json\/wp\/v2\/product\/238918\/revisions"}],"wp:featuredmedia":[{"embeddable":true,"href":"https:\/\/aromasentia.com\/es\/wp-json\/wp\/v2\/media\/290864"}],"wp:attachment":[{"href":"https:\/\/aromasentia.com\/es\/wp-json\/wp\/v2\/media?parent=238918"}],"wp:term":[{"taxonomy":"product_brand","embeddable":true,"href":"https:\/\/aromasentia.com\/es\/wp-json\/wp\/v2\/product_brand?post=238918"},{"taxonomy":"product_cat","embeddable":true,"href":"https:\/\/aromasentia.com\/es\/wp-json\/wp\/v2\/product_cat?post=238918"},{"taxonomy":"product_tag","embeddable":true,"href":"https:\/\/aromasentia.com\/es\/wp-json\/wp\/v2\/product_tag?post=238918"}],"curies":[{"name":"wp","href":"https:\/\/api.w.org\/{rel}","templated":true}]}}