{"id":238886,"date":"2025-03-20T17:27:52","date_gmt":"2025-03-20T17:27:52","guid":{"rendered":"https:\/\/aromasentia.com\/product\/banoffee-pie-banana-toffee\/"},"modified":"2025-05-31T19:11:39","modified_gmt":"2025-05-31T19:11:39","slug":"bombas-de-bano-tarta-de-platano","status":"publish","type":"product","link":"https:\/\/aromasentia.com\/es\/bombas-de-bano-tarta-de-platano\/","title":{"rendered":"Bombas de Ba\u00f1o Tarta de Pl\u00e1tano"},"content":{"rendered":"<p>La exfoliaci\u00f3n es una de las mejores cosas que puedes hacer por tu piel, y \u00bfqu\u00e9 mejor manera de hacerlo que con un Jabon Esponja?<\/p>\n<p>Las esponjas de lufa provienen de la planta de lufa, que pertenece a la familia del pepino. Cuando la planta madura, se le quita la piel y las semillas para dejar al descubierto la fibra de lufa. A continuaci\u00f3n, la fibra de lufa se lava para eliminar cualquier resto de semillas y piel.&nbsp;<\/p>\n<p>Una vez que la fibra de lufa est\u00e1 completamente limpia, se seca por completo. Todas las esponjas de lufa naturales proporcionan una excelente exfoliaci\u00f3n para una amplia variedad de proyectos, como esta nueva gama de jabones artesanales <strong>Aroma Sentia-ping<\/strong> <strong>Jabon Esponja Loaf 1,8 kg &#8211; Lavanda<\/strong><\/p>\n<p><strong>&nbsp;<\/strong>Pide hoy mismo y ofrece a tus clientes una exfoliaci\u00f3n extra intensa.<\/p>\n","protected":false},"excerpt":{"rendered":"<p>La exfoliaci\u00f3n es una de las mejores cosas que puedes hacer por tu piel, y \u00bfqu\u00e9 mejor manera de hacerlo que con un Jabon Esponja? Las esponjas de lufa provienen de la planta de lufa, que pertenece a la familia del pepino. Cuando la planta madura, se le quita la piel y las semillas para [&hellip;]<\/p>\n","protected":false},"featured_media":282546,"comment_status":"closed","ping_status":"open","template":"","meta":{"_angie_page":false},"product_brand":[],"product_cat":[25844,19453,26849,26569],"product_tag":[],"class_list":{"0":"post-238886","1":"product","2":"type-product","3":"status-publish","4":"has-post-thumbnail","6":"product_cat-aromas","7":"product_cat-bano-y-ducha","8":"product_cat-frutal","9":"product_cat-platano","10":"pa_collection-just-desserts-bath-bombs-200g-es","11":"pa_made-in-reino-unido","13":"first","14":"instock","15":"purchasable","16":"product-type-simple"},"supplier_id":null,"supplier_sku":"JDBB-04","barcode":null,"atum_controlled":true,"out_stock_date":null,"out_stock_threshold":null,"inheritable":false,"inbound_stock":null,"stock_on_hold":0,"sold_today":0,"sales_last_days":0,"reserved_stock":null,"customer_returns":null,"warehouse_damage":null,"lost_in_post":null,"other_logs":null,"out_stock_days":0,"lost_sales":0,"has_location":null,"update_date":"2026-04-27T07:10:05","atum_locations":[],"atum_stock_status":"instock","restock_status":false,"low_stock_amount":"","sales_update_date":"2026-01-30T01:26:31","calc_backorders":null,"_links":{"self":[{"href":"https:\/\/aromasentia.com\/es\/wp-json\/wp\/v2\/product\/238886","targetHints":{"allow":["GET"]}}],"collection":[{"href":"https:\/\/aromasentia.com\/es\/wp-json\/wp\/v2\/product"}],"about":[{"href":"https:\/\/aromasentia.com\/es\/wp-json\/wp\/v2\/types\/product"}],"replies":[{"embeddable":true,"href":"https:\/\/aromasentia.com\/es\/wp-json\/wp\/v2\/comments?post=238886"}],"version-history":[{"count":0,"href":"https:\/\/aromasentia.com\/es\/wp-json\/wp\/v2\/product\/238886\/revisions"}],"wp:featuredmedia":[{"embeddable":true,"href":"https:\/\/aromasentia.com\/es\/wp-json\/wp\/v2\/media\/282546"}],"wp:attachment":[{"href":"https:\/\/aromasentia.com\/es\/wp-json\/wp\/v2\/media?parent=238886"}],"wp:term":[{"taxonomy":"product_brand","embeddable":true,"href":"https:\/\/aromasentia.com\/es\/wp-json\/wp\/v2\/product_brand?post=238886"},{"taxonomy":"product_cat","embeddable":true,"href":"https:\/\/aromasentia.com\/es\/wp-json\/wp\/v2\/product_cat?post=238886"},{"taxonomy":"product_tag","embeddable":true,"href":"https:\/\/aromasentia.com\/es\/wp-json\/wp\/v2\/product_tag?post=238886"}],"curies":[{"name":"wp","href":"https:\/\/api.w.org\/{rel}","templated":true}]}}