{"id":238878,"date":"2025-03-20T17:28:36","date_gmt":"2025-03-20T17:28:36","guid":{"rendered":"https:\/\/aromasentia.com\/product\/klay-soap-lavender-vanilla\/"},"modified":"2025-05-31T19:11:27","modified_gmt":"2025-05-31T19:11:27","slug":"jabon-de-arcilla-lavanda-y-vainilla","status":"publish","type":"product","link":"https:\/\/aromasentia.com\/es\/jabon-de-arcilla-lavanda-y-vainilla\/","title":{"rendered":"Jab\u00f3n de Arcilla &#8211; Lavanda y vainilla"},"content":{"rendered":"<p>Deleite a sus clientes con los jabones de arcilla de lavanda y vainilla, formulado con arcilla de <strong>Bentonita <\/strong>de <strong>Aroma Sentia Espa\u00f1a.&nbsp;<\/strong><\/p>\n<p>Esta arcilla es famosa por sus propiedades limpiadoras y purificantes. Adem\u00e1s ayuda con el exceso de grasa de la piel e impurezas.&nbsp;<\/p>\n<p>La lavanda es ampliamente conocida por sus efectos calmantes. Su aroma floral tiene la capacidad de reducir el estr\u00e9s, adem\u00e1s sus semillas ayudan a una exfoliaci\u00f3n suave. Por otro lado la vainilla aportar\u00e1 aun aroma dulce y acogedor.&nbsp;<\/p>\n<p>Producto se vende en conjunto de 3 unidades.&nbsp;<\/p>\n<p><strong>Estos jabones de arcilla son perfectos para tiendas que buscan ofrecer productos naturales y efectivos para el cuidado de la piel al por mayor.&nbsp;<\/strong><\/p>\n","protected":false},"excerpt":{"rendered":"<p>Deleite a sus clientes con los jabones de arcilla de lavanda y vainilla, formulado con arcilla de Bentonita de Aroma Sentia Espa\u00f1a.&nbsp; Esta arcilla es famosa por sus propiedades limpiadoras y purificantes. Adem\u00e1s ayuda con el exceso de grasa de la piel e impurezas.&nbsp; La lavanda es ampliamente conocida por sus efectos calmantes. Su aroma [&hellip;]<\/p>\n","protected":false},"featured_media":291438,"comment_status":"closed","ping_status":"open","template":"","meta":{"_angie_page":false},"product_brand":[],"product_cat":[25844,19453,26835,20592,26235],"product_tag":[],"class_list":{"0":"post-238878","1":"product","2":"type-product","3":"status-publish","4":"has-post-thumbnail","6":"product_cat-aromas","7":"product_cat-bano-y-ducha","8":"product_cat-floral","9":"product_cat-jabones-ecologicos-naturales","10":"product_cat-lavanda","11":"pa_collection-natural-clay-soaps-es","12":"pa_made-in-reino-unido","14":"first","15":"instock","16":"purchasable","17":"product-type-simple"},"supplier_id":null,"supplier_sku":"KSoap-01","barcode":null,"atum_controlled":true,"out_stock_date":null,"out_stock_threshold":null,"inheritable":false,"inbound_stock":null,"stock_on_hold":0,"sold_today":0,"sales_last_days":0,"reserved_stock":null,"customer_returns":null,"warehouse_damage":null,"lost_in_post":null,"other_logs":null,"out_stock_days":0,"lost_sales":0,"has_location":null,"update_date":"2026-04-27T07:10:28","atum_locations":[],"atum_stock_status":"instock","restock_status":false,"low_stock_amount":"","sales_update_date":"2025-09-05T00:19:49","calc_backorders":null,"_links":{"self":[{"href":"https:\/\/aromasentia.com\/es\/wp-json\/wp\/v2\/product\/238878","targetHints":{"allow":["GET"]}}],"collection":[{"href":"https:\/\/aromasentia.com\/es\/wp-json\/wp\/v2\/product"}],"about":[{"href":"https:\/\/aromasentia.com\/es\/wp-json\/wp\/v2\/types\/product"}],"replies":[{"embeddable":true,"href":"https:\/\/aromasentia.com\/es\/wp-json\/wp\/v2\/comments?post=238878"}],"version-history":[{"count":0,"href":"https:\/\/aromasentia.com\/es\/wp-json\/wp\/v2\/product\/238878\/revisions"}],"wp:featuredmedia":[{"embeddable":true,"href":"https:\/\/aromasentia.com\/es\/wp-json\/wp\/v2\/media\/291438"}],"wp:attachment":[{"href":"https:\/\/aromasentia.com\/es\/wp-json\/wp\/v2\/media?parent=238878"}],"wp:term":[{"taxonomy":"product_brand","embeddable":true,"href":"https:\/\/aromasentia.com\/es\/wp-json\/wp\/v2\/product_brand?post=238878"},{"taxonomy":"product_cat","embeddable":true,"href":"https:\/\/aromasentia.com\/es\/wp-json\/wp\/v2\/product_cat?post=238878"},{"taxonomy":"product_tag","embeddable":true,"href":"https:\/\/aromasentia.com\/es\/wp-json\/wp\/v2\/product_tag?post=238878"}],"curies":[{"name":"wp","href":"https:\/\/api.w.org\/{rel}","templated":true}]}}