{"id":238846,"date":"2025-03-20T17:29:29","date_gmt":"2025-03-20T17:29:29","guid":{"rendered":"https:\/\/aromasentia.com\/product\/klay-soap-orange-and-ginger\/"},"modified":"2025-05-31T19:10:36","modified_gmt":"2025-05-31T19:10:36","slug":"jabon-de-arcilla-naranja-y-jengibre","status":"publish","type":"product","link":"https:\/\/aromasentia.com\/es\/jabon-de-arcilla-naranja-y-jengibre\/","title":{"rendered":"Jab\u00f3n de Arcilla &#8211; Naranja y jengibre"},"content":{"rendered":"<p>Este jab\u00f3n de Aroma Sentia Espa\u00f1a combina las propiedades purificantes de la arcilla <strong>amarilla,&nbsp;<\/strong>este jab\u00f3n cuenta con posos del caf\u00e9 que aportar\u00e1 una exfoliaci\u00f3n suave en su autocuidado.<\/p>\n<p><strong>Este producto se vende en conjunto de 3 unidades.&nbsp;<\/strong><\/p>\n<p>La naranja aportar\u00e1 un toque c\u00edtrico y de frescor mientras que el jengibre ofrece una sensaci\u00f3n revitalizante. juntos, limpian la piel en profundidad eliminando las c\u00e9lulas muertas, la suciedad y el exceso de grasa, dej\u00e1ndola suave y fresca.&nbsp;<\/p>\n<p><strong>\u00a1Haz que tus clientes se enamoren de los jabones de arcilla de Aroma Sentia Espa\u00f1a por su suavidad y frescura!<\/strong><\/p>\n","protected":false},"excerpt":{"rendered":"<p>Este jab\u00f3n de Aroma Sentia Espa\u00f1a combina las propiedades purificantes de la arcilla amarilla,&nbsp;este jab\u00f3n cuenta con posos del caf\u00e9 que aportar\u00e1 una exfoliaci\u00f3n suave en su autocuidado. Este producto se vende en conjunto de 3 unidades.&nbsp; La naranja aportar\u00e1 un toque c\u00edtrico y de frescor mientras que el jengibre ofrece una sensaci\u00f3n revitalizante. juntos, [&hellip;]<\/p>\n","protected":false},"featured_media":291512,"comment_status":"closed","ping_status":"open","template":"","meta":{"_angie_page":false},"product_brand":[],"product_cat":[25844,19453,26821,26891,26192,20592,26309],"product_tag":[],"class_list":{"0":"post-238846","1":"product","2":"type-product","3":"status-publish","4":"has-post-thumbnail","6":"product_cat-aromas","7":"product_cat-bano-y-ducha","8":"product_cat-citrico","9":"product_cat-especiado","10":"product_cat-geranio","11":"product_cat-jabones-ecologicos-naturales","12":"product_cat-naranja","13":"pa_collection-natural-clay-soaps-es","14":"pa_made-in-reino-unido","16":"first","17":"instock","18":"purchasable","19":"product-type-simple"},"supplier_id":null,"supplier_sku":"KSoap-03","barcode":null,"atum_controlled":true,"out_stock_date":null,"out_stock_threshold":null,"inheritable":false,"inbound_stock":null,"stock_on_hold":0,"sold_today":0,"sales_last_days":0,"reserved_stock":null,"customer_returns":null,"warehouse_damage":null,"lost_in_post":null,"other_logs":null,"out_stock_days":0,"lost_sales":0,"has_location":null,"update_date":"2026-04-27T07:10:28","atum_locations":[],"atum_stock_status":"instock","restock_status":false,"low_stock_amount":"","sales_update_date":"2025-09-05T00:19:48","calc_backorders":null,"_links":{"self":[{"href":"https:\/\/aromasentia.com\/es\/wp-json\/wp\/v2\/product\/238846","targetHints":{"allow":["GET"]}}],"collection":[{"href":"https:\/\/aromasentia.com\/es\/wp-json\/wp\/v2\/product"}],"about":[{"href":"https:\/\/aromasentia.com\/es\/wp-json\/wp\/v2\/types\/product"}],"replies":[{"embeddable":true,"href":"https:\/\/aromasentia.com\/es\/wp-json\/wp\/v2\/comments?post=238846"}],"version-history":[{"count":0,"href":"https:\/\/aromasentia.com\/es\/wp-json\/wp\/v2\/product\/238846\/revisions"}],"wp:featuredmedia":[{"embeddable":true,"href":"https:\/\/aromasentia.com\/es\/wp-json\/wp\/v2\/media\/291512"}],"wp:attachment":[{"href":"https:\/\/aromasentia.com\/es\/wp-json\/wp\/v2\/media?parent=238846"}],"wp:term":[{"taxonomy":"product_brand","embeddable":true,"href":"https:\/\/aromasentia.com\/es\/wp-json\/wp\/v2\/product_brand?post=238846"},{"taxonomy":"product_cat","embeddable":true,"href":"https:\/\/aromasentia.com\/es\/wp-json\/wp\/v2\/product_cat?post=238846"},{"taxonomy":"product_tag","embeddable":true,"href":"https:\/\/aromasentia.com\/es\/wp-json\/wp\/v2\/product_tag?post=238846"}],"curies":[{"name":"wp","href":"https:\/\/api.w.org\/{rel}","templated":true}]}}