{"id":238522,"date":"2025-03-20T17:35:54","date_gmt":"2025-03-20T17:35:54","guid":{"rendered":"https:\/\/aromasentia.com\/product\/boxed-single-massage-soaps-tea-tree-aloe-vera\/"},"modified":"2025-05-31T19:04:38","modified_gmt":"2025-05-31T19:04:38","slug":"jabones-de-masaje-individuales-en-caja-arbol-de-te-y-aloe-vera","status":"publish","type":"product","link":"https:\/\/aromasentia.com\/es\/jabones-de-masaje-individuales-en-caja-arbol-de-te-y-aloe-vera\/","title":{"rendered":"Jabones de Masaje Individuales en Caja &#8211; \u00c1rbol de T\u00e9 y Aloe Vera"},"content":{"rendered":"<h2>Crea una tranquila atm\u00f3sfera de spa con nuestros Jabones de Masaje Individuales en Caja al por mayor &#8211; \u00c1rbol de T\u00e9 y Aloe Vera <\/h2>\n<p>Elaborados con el m\u00e1ximo cuidado y utilizando ingredientes de primera calidad, nuestros Jabones de Masaje Individuales en Caja al por mayor &#8211; \u00c1rbol de T\u00e9 y Aloe Vera ofrecen una experiencia de limpieza lujosa y vigorizante. Sum\u00e9rjase en la fragancia revitalizante del \u00e1rbol del t\u00e9 y la esencia calmante del aloe vera, dejando su piel fresca, nutrida y delicadamente perfumada.<\/p>\n<p>Dise\u00f1ado para mejorar su ritual de ba\u00f1o, cada jab\u00f3n cuenta con una funci\u00f3n de masaje \u00fanica. La superficie texturizada del jab\u00f3n exfolia suavemente, mientras que la forma ergon\u00f3mica se adapta perfectamente a su mano, permitiendo una experiencia de masaje revitalizante durante cada ba\u00f1o o ducha. Disfrute de los beneficios terap\u00e9uticos del \u00e1rbol del t\u00e9 y de las cualidades calmantes del aloe vera mientras mima su cuerpo y su mente.<\/p>\n","protected":false},"excerpt":{"rendered":"<p>Crea una tranquila atm\u00f3sfera de spa con nuestros Jabones de Masaje Individuales en Caja al por mayor &#8211; \u00c1rbol de T\u00e9 y Aloe Vera Elaborados con el m\u00e1ximo cuidado y utilizando ingredientes de primera calidad, nuestros Jabones de Masaje Individuales en Caja al por mayor &#8211; \u00c1rbol de T\u00e9 y Aloe Vera ofrecen una experiencia [&hellip;]<\/p>\n","protected":false},"featured_media":293777,"comment_status":"closed","ping_status":"open","template":"","meta":[],"product_brand":[],"product_cat":[26581,26410,25844,19453,26842,20592,26870],"product_tag":[],"class_list":{"0":"post-238522","1":"product","2":"type-product","3":"status-publish","4":"has-post-thumbnail","6":"product_cat-aloe-vera","7":"product_cat-arbol-de-te","8":"product_cat-aromas","9":"product_cat-bano-y-ducha","10":"product_cat-fresco-limpio","11":"product_cat-jabones-ecologicos-naturales","12":"product_cat-medicinal-alcanforado","13":"pa_collection-boxed-single-massage-soaps-es","14":"pa_made-in-reino-unido","16":"first","17":"instock","18":"purchasable","19":"product-type-simple"},"supplier_id":null,"supplier_sku":"MSPS-02","barcode":null,"atum_controlled":true,"out_stock_date":null,"out_stock_threshold":null,"inheritable":false,"inbound_stock":null,"stock_on_hold":0,"sold_today":0,"sales_last_days":0,"reserved_stock":null,"customer_returns":null,"warehouse_damage":null,"lost_in_post":null,"other_logs":null,"out_stock_days":0,"lost_sales":0,"has_location":null,"update_date":"2026-02-06T00:01:52","atum_locations":[],"atum_stock_status":"instock","restock_status":false,"low_stock_amount":"","sales_update_date":"2026-02-06T00:01:52","calc_backorders":null,"_links":{"self":[{"href":"https:\/\/aromasentia.com\/es\/wp-json\/wp\/v2\/product\/238522","targetHints":{"allow":["GET"]}}],"collection":[{"href":"https:\/\/aromasentia.com\/es\/wp-json\/wp\/v2\/product"}],"about":[{"href":"https:\/\/aromasentia.com\/es\/wp-json\/wp\/v2\/types\/product"}],"replies":[{"embeddable":true,"href":"https:\/\/aromasentia.com\/es\/wp-json\/wp\/v2\/comments?post=238522"}],"version-history":[{"count":0,"href":"https:\/\/aromasentia.com\/es\/wp-json\/wp\/v2\/product\/238522\/revisions"}],"wp:featuredmedia":[{"embeddable":true,"href":"https:\/\/aromasentia.com\/es\/wp-json\/wp\/v2\/media\/293777"}],"wp:attachment":[{"href":"https:\/\/aromasentia.com\/es\/wp-json\/wp\/v2\/media?parent=238522"}],"wp:term":[{"taxonomy":"product_brand","embeddable":true,"href":"https:\/\/aromasentia.com\/es\/wp-json\/wp\/v2\/product_brand?post=238522"},{"taxonomy":"product_cat","embeddable":true,"href":"https:\/\/aromasentia.com\/es\/wp-json\/wp\/v2\/product_cat?post=238522"},{"taxonomy":"product_tag","embeddable":true,"href":"https:\/\/aromasentia.com\/es\/wp-json\/wp\/v2\/product_tag?post=238522"}],"curies":[{"name":"wp","href":"https:\/\/api.w.org\/{rel}","templated":true}]}}