{"id":238506,"date":"2025-03-20T17:35:54","date_gmt":"2025-03-20T17:35:54","guid":{"rendered":"https:\/\/aromasentia.com\/product\/boxed-single-massage-soaps-geranium-sandalwood\/"},"modified":"2025-05-31T19:04:24","modified_gmt":"2025-05-31T19:04:24","slug":"jabones-de-masaje-individuales-en-caja-geranio-y-sandalo","status":"publish","type":"product","link":"https:\/\/aromasentia.com\/es\/jabones-de-masaje-individuales-en-caja-geranio-y-sandalo\/","title":{"rendered":"Jabones de Masaje Individuales en Caja &#8211; Geranio y S\u00e1ndalo"},"content":{"rendered":"<h2>Sum\u00e9rgete en los sutiles aromas de Geranio y S\u00e1ndalo con nuestros Jabones de Masaje Premium<\/h2>\n<p>Presentamos nuestros Jabones de Masaje Individuales en Caja al por mayor &#8211; Geranio y S\u00e1ndalo, meticulosamente empaquetados en cajas individuales, convirti\u00e9ndolos en la elecci\u00f3n perfecta para compras al por mayor. Cada caja contiene un jab\u00f3n de masaje individual, lo que permite una f\u00e1cil exposici\u00f3n y presentaci\u00f3n a sus valiosos clientes. Estos exquisitos jabones de masaje son la opci\u00f3n preferida para spas, centros de bienestar, hoteles boutique y tiendas de regalos que desean ofrecer una experiencia de ba\u00f1o distintiva e indulgente.<\/p>\n<p>Ya sea que busque establecer un ambiente de spa sereno o proporcionar una soluci\u00f3n de regalo \u00fanica, estos jabones de masaje ofrecen una selecci\u00f3n vers\u00e1til y opulenta que aporta relajaci\u00f3n, armon\u00eda y un toque de sofisticaci\u00f3n a cada momento de ba\u00f1o.<\/p>\n<p><strong>Mejora los rituales de autocuidado de tus clientes con los Jabones de Masaje Individuales en Caja al por mayor &#8211; Geranio y S\u00e1ndalo.<\/strong><\/p>\n<p>Los Jabones de Masaje Individuales en Caja al por mayor &#8211; Geranio y S\u00e1ndalo.<\/p>\n","protected":false},"excerpt":{"rendered":"<p>Sum\u00e9rgete en los sutiles aromas de Geranio y S\u00e1ndalo con nuestros Jabones de Masaje Premium Presentamos nuestros Jabones de Masaje Individuales en Caja al por mayor &#8211; Geranio y S\u00e1ndalo, meticulosamente empaquetados en cajas individuales, convirti\u00e9ndolos en la elecci\u00f3n perfecta para compras al por mayor. Cada caja contiene un jab\u00f3n de masaje individual, lo que [&hellip;]<\/p>\n","protected":false},"featured_media":293709,"comment_status":"closed","ping_status":"open","template":"","meta":{"_angie_page":false},"product_brand":[],"product_cat":[26898,25844,19453,26835,26189,20592,26390],"product_tag":[],"class_list":{"0":"post-238506","1":"product","2":"type-product","3":"status-publish","4":"has-post-thumbnail","6":"product_cat-amaderado","7":"product_cat-aromas","8":"product_cat-bano-y-ducha","9":"product_cat-floral","10":"product_cat-incienso","11":"product_cat-jabones-ecologicos-naturales","12":"product_cat-sandalo","13":"pa_collection-boxed-single-massage-soaps-es","14":"pa_made-in-reino-unido","16":"first","17":"instock","18":"purchasable","19":"product-type-simple"},"supplier_id":null,"supplier_sku":"MSPS-06","barcode":null,"atum_controlled":true,"out_stock_date":null,"out_stock_threshold":null,"inheritable":false,"inbound_stock":null,"stock_on_hold":0,"sold_today":0,"sales_last_days":0,"reserved_stock":null,"customer_returns":null,"warehouse_damage":null,"lost_in_post":null,"other_logs":null,"out_stock_days":0,"lost_sales":0,"has_location":null,"update_date":"2026-04-27T07:14:23","atum_locations":[],"atum_stock_status":"instock","restock_status":false,"low_stock_amount":"","sales_update_date":"2026-02-06T00:02:02","calc_backorders":null,"_links":{"self":[{"href":"https:\/\/aromasentia.com\/es\/wp-json\/wp\/v2\/product\/238506","targetHints":{"allow":["GET"]}}],"collection":[{"href":"https:\/\/aromasentia.com\/es\/wp-json\/wp\/v2\/product"}],"about":[{"href":"https:\/\/aromasentia.com\/es\/wp-json\/wp\/v2\/types\/product"}],"replies":[{"embeddable":true,"href":"https:\/\/aromasentia.com\/es\/wp-json\/wp\/v2\/comments?post=238506"}],"version-history":[{"count":0,"href":"https:\/\/aromasentia.com\/es\/wp-json\/wp\/v2\/product\/238506\/revisions"}],"wp:featuredmedia":[{"embeddable":true,"href":"https:\/\/aromasentia.com\/es\/wp-json\/wp\/v2\/media\/293709"}],"wp:attachment":[{"href":"https:\/\/aromasentia.com\/es\/wp-json\/wp\/v2\/media?parent=238506"}],"wp:term":[{"taxonomy":"product_brand","embeddable":true,"href":"https:\/\/aromasentia.com\/es\/wp-json\/wp\/v2\/product_brand?post=238506"},{"taxonomy":"product_cat","embeddable":true,"href":"https:\/\/aromasentia.com\/es\/wp-json\/wp\/v2\/product_cat?post=238506"},{"taxonomy":"product_tag","embeddable":true,"href":"https:\/\/aromasentia.com\/es\/wp-json\/wp\/v2\/product_tag?post=238506"}],"curies":[{"name":"wp","href":"https:\/\/api.w.org\/{rel}","templated":true}]}}