{"id":238486,"date":"2025-03-20T17:36:12","date_gmt":"2025-03-20T17:36:12","guid":{"rendered":"https:\/\/aromasentia.com\/product\/boxed-single-massage-soaps-spearmint-eucalyptus\/"},"modified":"2025-05-31T19:04:03","modified_gmt":"2025-05-31T19:04:03","slug":"jabones-de-masaje-individuales-en-caja-menta-y-eucalipto","status":"publish","type":"product","link":"https:\/\/aromasentia.com\/es\/jabones-de-masaje-individuales-en-caja-menta-y-eucalipto\/","title":{"rendered":"Jabones de Masaje Individuales en Caja &#8211; Menta y Eucalipto"},"content":{"rendered":"<h2>Descubre los Jabones de Masaje de Ancient Wisdom: <\/h2>\n<p><strong>Jabones de masaje Ancient Wisdom<\/strong> est\u00e1n ahora disponibles en cajas de cart\u00f3n &#8211; listos para ser expuestos en los estantes de su tienda.<\/p>\n<p>Las cintas de colores y las bellas fragancias atraer\u00e1n sin duda la atenci\u00f3n de sus clientes.<br style=\"box-sizing: inherit; color: rgb(29, 28, 29); font-family: Slack-Lato, Slack-Fracciones, appleLogo, sans-serif; font-size: 15px; font-style: normal; font-variant-ligatures: common-ligatures; font-variant-caps: normal; font-weight: 400; letter-spacing: normal; orphans: 2; text-align: left; text-indent: 0px; text-transform: none; white-space: normal; widows: 2; word-spacing: 0px; -webkit-text-stroke-width: 0px; background-color: rgb(255, 255, 255); text-decoration-thickness: initial; text-decoration-style: initial; text-decoration-color: initial;\">Las pastillas de Jab\u00f3n de Masaje ayudan a limpiar los poros de la piel eliminando las toxinas que los obstruyen. Su forma \u00fanica estimula la circulaci\u00f3n durante el masaje, lo que con el tiempo ayuda a reducir la celulitis y reafirmar la piel.<\/p>\n<p>C\u00f3mo guardar:<br style=\"box-sizing: inherit; color: rgb(29, 28, 29); font-family: Slack-Lato, Slack-Fracciones, appleLogo, sans-serif; font-size: 15px; font-style: normal; font-variant-ligatures: common-ligatures; font-variant-caps: normal; font-weight: 400; letter-spacing: normal; orphans: 2; text-align: left; text-indent: 0px; text-transform: none; white-space: normal; widows: 2; word-spacing: 0px; -webkit-text-stroke-width: 0px; background-color: rgb(255, 255, 255); text-decoration-thickness: initial; text-decoration-style: initial; text-decoration-color: initial;\">Mantenga el Jab\u00f3n de Masaje fresco y seco, hasta que est\u00e9 listo para disfrutar de un tratamiento de spa en casa, o su piel necesite un impulso de hidrataci\u00f3n.<\/p>\n<p>Modo de empleo:<br style=\"box-sizing: inherit; color: rgb(29, 28, 29); font-family: Slack-Lato, Slack-Fractions, appleLogo, sans-serif; font-size: 15px; font-style: normal; font-variant-ligatures: common-ligatures; font-variant-caps: normal; font-weight: 400; letter-spacing: normal; orphans: 2; text-align: left; text-indent: 0px; text-transform: none; white-space: normal; widows: 2; word-spacing: 0px; -webkit-text-stroke-width: 0px; background-color: rgb(255, 255, 255); text-decoration-thickness: initial; text-decoration-style: initial; text-decoration-color: initial;\"<br style=\"box-sizing: inherit; color: rgb(29, 28, 29); font-family: Slack-Lato, Slack-Fracciones, appleLogo, sans-serif; font-size: 15px; font-style: normal; font-variant-ligatures: common-ligatures; font-variant-caps: normal; font-weight: 400; letter-spacing: normal; orphans: 2; text-align: left; text-indent: 0px; text-transform: none; white-space: normal; widows: 2; word-spacing: 0px; -webkit-text-stroke-width: 0px; background-color: rgb(255, 255, 255); text-decoration-thickness: initial; text-decoration-style: initial; text-decoration-color: initial;\">Tama\u00f1o del jab\u00f3n: 5x5x5 (cm), 170g<\/p>\n","protected":false},"excerpt":{"rendered":"<p>Descubre los Jabones de Masaje de Ancient Wisdom: Jabones de masaje Ancient Wisdom est\u00e1n ahora disponibles en cajas de cart\u00f3n &#8211; listos para ser expuestos en los estantes de su tienda. Las cintas de colores y las bellas fragancias atraer\u00e1n sin duda la atenci\u00f3n de sus clientes.Las pastillas de Jab\u00f3n de Masaje ayudan a limpiar [&hellip;]<\/p>\n","protected":false},"featured_media":293810,"comment_status":"closed","ping_status":"open","template":"","meta":[],"product_brand":[],"product_cat":[25844,19453,26178,26393,20592,26870,26877],"product_tag":[],"class_list":{"0":"post-238486","1":"product","2":"type-product","3":"status-publish","4":"has-post-thumbnail","6":"product_cat-aromas","7":"product_cat-bano-y-ducha","8":"product_cat-eucalipto","9":"product_cat-hierbabuena-menta-verde","10":"product_cat-jabones-ecologicos-naturales","11":"product_cat-medicinal-alcanforado","12":"product_cat-mentolado","13":"pa_collection-boxed-single-massage-soaps-es","14":"pa_made-in-reino-unido","16":"first","17":"instock","18":"purchasable","19":"product-type-simple"},"supplier_id":null,"supplier_sku":"MSPS-01","barcode":null,"atum_controlled":true,"out_stock_date":null,"out_stock_threshold":null,"inheritable":false,"inbound_stock":null,"stock_on_hold":0,"sold_today":0,"sales_last_days":0,"reserved_stock":null,"customer_returns":null,"warehouse_damage":null,"lost_in_post":null,"other_logs":null,"out_stock_days":0,"lost_sales":0,"has_location":null,"update_date":"2026-01-30T01:24:32","atum_locations":[],"atum_stock_status":"instock","restock_status":false,"low_stock_amount":"","sales_update_date":"2026-01-30T01:24:32","calc_backorders":null,"_links":{"self":[{"href":"https:\/\/aromasentia.com\/es\/wp-json\/wp\/v2\/product\/238486","targetHints":{"allow":["GET"]}}],"collection":[{"href":"https:\/\/aromasentia.com\/es\/wp-json\/wp\/v2\/product"}],"about":[{"href":"https:\/\/aromasentia.com\/es\/wp-json\/wp\/v2\/types\/product"}],"replies":[{"embeddable":true,"href":"https:\/\/aromasentia.com\/es\/wp-json\/wp\/v2\/comments?post=238486"}],"version-history":[{"count":0,"href":"https:\/\/aromasentia.com\/es\/wp-json\/wp\/v2\/product\/238486\/revisions"}],"wp:featuredmedia":[{"embeddable":true,"href":"https:\/\/aromasentia.com\/es\/wp-json\/wp\/v2\/media\/293810"}],"wp:attachment":[{"href":"https:\/\/aromasentia.com\/es\/wp-json\/wp\/v2\/media?parent=238486"}],"wp:term":[{"taxonomy":"product_brand","embeddable":true,"href":"https:\/\/aromasentia.com\/es\/wp-json\/wp\/v2\/product_brand?post=238486"},{"taxonomy":"product_cat","embeddable":true,"href":"https:\/\/aromasentia.com\/es\/wp-json\/wp\/v2\/product_cat?post=238486"},{"taxonomy":"product_tag","embeddable":true,"href":"https:\/\/aromasentia.com\/es\/wp-json\/wp\/v2\/product_tag?post=238486"}],"curies":[{"name":"wp","href":"https:\/\/api.w.org\/{rel}","templated":true}]}}