{"id":238346,"date":"2025-03-20T17:38:25","date_gmt":"2025-03-20T17:38:25","guid":{"rendered":"https:\/\/aromasentia.com\/product\/organic-body-oil-50ml-sandalwood-myrrh\/"},"modified":"2025-05-31T19:00:56","modified_gmt":"2025-05-31T19:00:56","slug":"aceite-corporal-organico-50-ml-sandalo-y-mirra","status":"publish","type":"product","link":"https:\/\/aromasentia.com\/es\/aceite-corporal-organico-50-ml-sandalo-y-mirra\/","title":{"rendered":"Aceite Corporal Organico 50 ml- S\u00e1ndalo y Mirra"},"content":{"rendered":"<p>Caracter\u00edsticas:<\/p>\n<p>Aceite de ricino: &nbsp;conocido por sus propiedades hidratantes profundas, el aceite de ricino hidrata la piel dej\u00e1ndola suave y aterciopelada.&nbsp;<\/p>\n<p>Aceite de comino negro:&nbsp;repleto de antioxidantes y \u00e1cidos grasos esenciales, el aceite de comino negro ayuda a rejuvenecer la piel, promoviendo una tez saludable y radiante.<\/p>\n<p>Aceite esencial de s\u00e1ndalo:&nbsp;conocido por sus propiedades calmantes y estabilizadoras, el aceite esencial de s\u00e1ndalo calma la mente y promueve una sensaci\u00f3n de tranquilidad.<\/p>\n<p>Aceite esencial de mirra: &nbsp;Con su aroma c\u00e1lido y terroso, el aceite esencial de mirra ofrece beneficios aromaterap\u00e9uticos, promoviendo la relajaci\u00f3n y el equilibrio emocional.<\/p>\n","protected":false},"excerpt":{"rendered":"<p>Caracter\u00edsticas: Aceite de ricino: &nbsp;conocido por sus propiedades hidratantes profundas, el aceite de ricino hidrata la piel dej\u00e1ndola suave y aterciopelada.&nbsp; Aceite de comino negro:&nbsp;repleto de antioxidantes y \u00e1cidos grasos esenciales, el aceite de comino negro ayuda a rejuvenecer la piel, promoviendo una tez saludable y radiante. Aceite esencial de s\u00e1ndalo:&nbsp;conocido por sus propiedades calmantes [&hellip;]<\/p>\n","protected":false},"featured_media":294776,"comment_status":"closed","ping_status":"open","template":"","meta":{"_angie_page":false},"product_brand":[27071],"product_cat":[26898,25844,19453,26281,26884,26390],"product_tag":[],"class_list":{"0":"post-238346","1":"product","2":"type-product","3":"status-publish","4":"has-post-thumbnail","6":"product_brand-aw-cosmetics","7":"product_cat-amaderado","8":"product_cat-aromas","9":"product_cat-bano-y-ducha","10":"product_cat-mirto","11":"product_cat-resinoso-balsamico","12":"product_cat-sandalo","13":"pa_collection-organic-body-oils-50ml-es","14":"pa_made-in-reino-unido","16":"first","17":"instock","18":"purchasable","19":"product-type-simple"},"supplier_id":null,"supplier_sku":"OBO-05","barcode":null,"atum_controlled":true,"out_stock_date":null,"out_stock_threshold":null,"inheritable":false,"inbound_stock":null,"stock_on_hold":0,"sold_today":0,"sales_last_days":0,"reserved_stock":null,"customer_returns":null,"warehouse_damage":null,"lost_in_post":null,"other_logs":null,"out_stock_days":0,"lost_sales":0,"has_location":null,"update_date":"2026-05-04T00:03:59","atum_locations":[],"atum_stock_status":"instock","restock_status":false,"low_stock_amount":"","sales_update_date":"2025-09-05T00:20:20","calc_backorders":null,"_links":{"self":[{"href":"https:\/\/aromasentia.com\/es\/wp-json\/wp\/v2\/product\/238346","targetHints":{"allow":["GET"]}}],"collection":[{"href":"https:\/\/aromasentia.com\/es\/wp-json\/wp\/v2\/product"}],"about":[{"href":"https:\/\/aromasentia.com\/es\/wp-json\/wp\/v2\/types\/product"}],"replies":[{"embeddable":true,"href":"https:\/\/aromasentia.com\/es\/wp-json\/wp\/v2\/comments?post=238346"}],"version-history":[{"count":0,"href":"https:\/\/aromasentia.com\/es\/wp-json\/wp\/v2\/product\/238346\/revisions"}],"wp:featuredmedia":[{"embeddable":true,"href":"https:\/\/aromasentia.com\/es\/wp-json\/wp\/v2\/media\/294776"}],"wp:attachment":[{"href":"https:\/\/aromasentia.com\/es\/wp-json\/wp\/v2\/media?parent=238346"}],"wp:term":[{"taxonomy":"product_brand","embeddable":true,"href":"https:\/\/aromasentia.com\/es\/wp-json\/wp\/v2\/product_brand?post=238346"},{"taxonomy":"product_cat","embeddable":true,"href":"https:\/\/aromasentia.com\/es\/wp-json\/wp\/v2\/product_cat?post=238346"},{"taxonomy":"product_tag","embeddable":true,"href":"https:\/\/aromasentia.com\/es\/wp-json\/wp\/v2\/product_tag?post=238346"}],"curies":[{"name":"wp","href":"https:\/\/api.w.org\/{rel}","templated":true}]}}