{"id":238334,"date":"2025-03-20T17:38:40","date_gmt":"2025-03-20T17:38:40","guid":{"rendered":"https:\/\/aromasentia.com\/product\/organic-body-oil-50ml-rosehip-unfragranced\/"},"modified":"2025-05-31T19:00:40","modified_gmt":"2025-05-31T19:00:40","slug":"aceite-corporal-organico-50-ml-rosa-mosqueta-sin-fragancia","status":"publish","type":"product","link":"https:\/\/aromasentia.com\/es\/aceite-corporal-organico-50-ml-rosa-mosqueta-sin-fragancia\/","title":{"rendered":"Aceite Corporal Organico 50 ml &#8211; Rosa Mosqueta (sin fragancia)"},"content":{"rendered":"<p>100% vegano y libre de crueldad animal<\/p>\n<p>Elaborado con ingredientes org\u00e1nicos de primera calidad.<\/p>\n<p>Libre de fragancias a\u00f1adidas.<\/p>\n<p><strong>Caracter\u00edsticas:<\/strong><\/p>\n<p>\u25aa\ufe0fAceite de ricino org\u00e1nico: hidrata, promueve la salud del cabello y favorece la cicatrizaci\u00f3n de heridas.&nbsp;<\/p>\n<p>\u25aa\ufe0fAceite de comino negro org\u00e1nico : reduce el acn\u00e9, fortalece el cabello y estimula la regeneraci\u00f3n de la piel.&nbsp;<\/p>\n<p>\u25aa\ufe0fAceite de rosa mosqueta org\u00e1nico : minimiza las cicatrices, estimula la producci\u00f3n de col\u00e1geno e hidrata la piel seca.<\/p>\n","protected":false},"excerpt":{"rendered":"<p>100% vegano y libre de crueldad animal Elaborado con ingredientes org\u00e1nicos de primera calidad. Libre de fragancias a\u00f1adidas. Caracter\u00edsticas: \u25aa\ufe0fAceite de ricino org\u00e1nico: hidrata, promueve la salud del cabello y favorece la cicatrizaci\u00f3n de heridas.&nbsp; \u25aa\ufe0fAceite de comino negro org\u00e1nico : reduce el acn\u00e9, fortalece el cabello y estimula la regeneraci\u00f3n de la piel.&nbsp; \u25aa\ufe0fAceite [&hellip;]<\/p>\n","protected":false},"featured_media":294812,"comment_status":"closed","ping_status":"open","template":"","meta":{"_angie_page":false},"product_brand":[27071],"product_cat":[25844,19453,26499,26828],"product_tag":[],"class_list":{"0":"post-238334","1":"product","2":"type-product","3":"status-publish","4":"has-post-thumbnail","6":"product_brand-aw-cosmetics","7":"product_cat-aromas","8":"product_cat-bano-y-ducha","9":"product_cat-escaramujo","10":"product_cat-terroso-verde","11":"pa_collection-organic-body-oils-50ml-es","12":"pa_made-in-reino-unido","14":"first","15":"instock","16":"purchasable","17":"product-type-simple"},"supplier_id":null,"supplier_sku":"OBO-01","barcode":null,"atum_controlled":true,"out_stock_date":null,"out_stock_threshold":null,"inheritable":false,"inbound_stock":null,"stock_on_hold":0,"sold_today":0,"sales_last_days":0,"reserved_stock":null,"customer_returns":null,"warehouse_damage":null,"lost_in_post":null,"other_logs":null,"out_stock_days":0,"lost_sales":0,"has_location":null,"update_date":"2026-04-27T07:16:19","atum_locations":[],"atum_stock_status":"instock","restock_status":false,"low_stock_amount":"","sales_update_date":"2025-09-05T00:20:21","calc_backorders":null,"_links":{"self":[{"href":"https:\/\/aromasentia.com\/es\/wp-json\/wp\/v2\/product\/238334","targetHints":{"allow":["GET"]}}],"collection":[{"href":"https:\/\/aromasentia.com\/es\/wp-json\/wp\/v2\/product"}],"about":[{"href":"https:\/\/aromasentia.com\/es\/wp-json\/wp\/v2\/types\/product"}],"replies":[{"embeddable":true,"href":"https:\/\/aromasentia.com\/es\/wp-json\/wp\/v2\/comments?post=238334"}],"version-history":[{"count":0,"href":"https:\/\/aromasentia.com\/es\/wp-json\/wp\/v2\/product\/238334\/revisions"}],"wp:featuredmedia":[{"embeddable":true,"href":"https:\/\/aromasentia.com\/es\/wp-json\/wp\/v2\/media\/294812"}],"wp:attachment":[{"href":"https:\/\/aromasentia.com\/es\/wp-json\/wp\/v2\/media?parent=238334"}],"wp:term":[{"taxonomy":"product_brand","embeddable":true,"href":"https:\/\/aromasentia.com\/es\/wp-json\/wp\/v2\/product_brand?post=238334"},{"taxonomy":"product_cat","embeddable":true,"href":"https:\/\/aromasentia.com\/es\/wp-json\/wp\/v2\/product_cat?post=238334"},{"taxonomy":"product_tag","embeddable":true,"href":"https:\/\/aromasentia.com\/es\/wp-json\/wp\/v2\/product_tag?post=238334"}],"curies":[{"name":"wp","href":"https:\/\/api.w.org\/{rel}","templated":true}]}}