{"id":238086,"date":"2025-03-20T17:44:22","date_gmt":"2025-03-20T17:44:22","guid":{"rendered":"https:\/\/aromasentia.com\/product\/daily-glow-oil\/"},"modified":"2025-05-31T18:55:35","modified_gmt":"2025-05-31T18:55:35","slug":"serum-facial-brillo-diario","status":"publish","type":"product","link":"https:\/\/aromasentia.com\/es\/serum-facial-brillo-diario\/","title":{"rendered":"Serum facial Brillo Diario"},"content":{"rendered":"<p>El Serum es un producto que poco a poco se est\u00e1 incorporando en la rutina de cuidado personal de muchas personas debido a sus m\u00faltiples&nbsp;beneficios&nbsp;como:<\/p>\n<p>&#8211; Hidrataci\u00f3n profunda.&nbsp;<\/p>\n<p>&#8211; Alta concentraci\u00f3n de principios activos.<\/p>\n<p>&#8211; No es un producto que aporta grasa y hace que la sensaci\u00f3n sea m\u00e1s c\u00f3moda.&nbsp;<\/p>\n<p>El serum facial de brillo diario <strong>hidrata y protege<\/strong>. Contiene una <strong>mezcla 100% natural de aceites<\/strong> para aportar r\u00e1pidamente hidrataci\u00f3n a la piel.<\/p>\n<p>Apto para todo tipos de pieles.&nbsp;<\/p>\n<p><strong>Absorci\u00f3n r\u00e1pida. Producto vegano. Botella de 30ml. *Fabricado en Inglaterra. <\/strong><\/p>\n","protected":false},"excerpt":{"rendered":"<p>El Serum es un producto que poco a poco se est\u00e1 incorporando en la rutina de cuidado personal de muchas personas debido a sus m\u00faltiples&nbsp;beneficios&nbsp;como: &#8211; Hidrataci\u00f3n profunda.&nbsp; &#8211; Alta concentraci\u00f3n de principios activos. &#8211; No es un producto que aporta grasa y hace que la sensaci\u00f3n sea m\u00e1s c\u00f3moda.&nbsp; El serum facial de brillo [&hellip;]<\/p>\n","protected":false},"featured_media":296806,"comment_status":"closed","ping_status":"open","template":"","meta":{"_angie_page":false},"product_brand":[27071],"product_cat":[19453,20888],"product_tag":[],"class_list":{"0":"post-238086","1":"product","2":"type-product","3":"status-publish","4":"has-post-thumbnail","6":"product_brand-aw-cosmetics","7":"product_cat-bano-y-ducha","8":"product_cat-cuidado-de-la-piel","9":"pa_collection-facial-serum-30ml-es","10":"pa_made-in-reino-unido","11":"pa_size-30ml","13":"first","14":"instock","15":"purchasable","16":"product-type-simple"},"supplier_id":null,"supplier_sku":"SerF-04","barcode":null,"atum_controlled":true,"out_stock_date":null,"out_stock_threshold":null,"inheritable":false,"inbound_stock":null,"stock_on_hold":0,"sold_today":0,"sales_last_days":0,"reserved_stock":null,"customer_returns":null,"warehouse_damage":null,"lost_in_post":null,"other_logs":null,"out_stock_days":0,"lost_sales":0,"has_location":null,"update_date":"2026-04-27T07:21:08","atum_locations":[],"atum_stock_status":"instock","restock_status":false,"low_stock_amount":"","sales_update_date":"2025-09-05T00:20:35","calc_backorders":null,"_links":{"self":[{"href":"https:\/\/aromasentia.com\/es\/wp-json\/wp\/v2\/product\/238086","targetHints":{"allow":["GET"]}}],"collection":[{"href":"https:\/\/aromasentia.com\/es\/wp-json\/wp\/v2\/product"}],"about":[{"href":"https:\/\/aromasentia.com\/es\/wp-json\/wp\/v2\/types\/product"}],"replies":[{"embeddable":true,"href":"https:\/\/aromasentia.com\/es\/wp-json\/wp\/v2\/comments?post=238086"}],"version-history":[{"count":0,"href":"https:\/\/aromasentia.com\/es\/wp-json\/wp\/v2\/product\/238086\/revisions"}],"wp:featuredmedia":[{"embeddable":true,"href":"https:\/\/aromasentia.com\/es\/wp-json\/wp\/v2\/media\/296806"}],"wp:attachment":[{"href":"https:\/\/aromasentia.com\/es\/wp-json\/wp\/v2\/media?parent=238086"}],"wp:term":[{"taxonomy":"product_brand","embeddable":true,"href":"https:\/\/aromasentia.com\/es\/wp-json\/wp\/v2\/product_brand?post=238086"},{"taxonomy":"product_cat","embeddable":true,"href":"https:\/\/aromasentia.com\/es\/wp-json\/wp\/v2\/product_cat?post=238086"},{"taxonomy":"product_tag","embeddable":true,"href":"https:\/\/aromasentia.com\/es\/wp-json\/wp\/v2\/product_tag?post=238086"}],"curies":[{"name":"wp","href":"https:\/\/api.w.org\/{rel}","templated":true}]}}