{"id":237842,"date":"2025-03-20T17:52:41","date_gmt":"2025-03-20T17:52:41","guid":{"rendered":"https:\/\/aromasentia.com\/product\/hippo-bathbomb-85g-citrus-crush\/"},"modified":"2025-05-31T18:51:10","modified_gmt":"2025-05-31T18:51:10","slug":"bomba-de-bano-hipopotamo-85g","status":"publish","type":"product","link":"https:\/\/aromasentia.com\/es\/bomba-de-bano-hipopotamo-85g\/","title":{"rendered":"Bomba de Ba\u00f1o &#8211; Hipopotamo 85g"},"content":{"rendered":"<p>\u00a1A\u00f1ada en su l\u00ednea de ba\u00f1o estas divertidas Bombas de Ba\u00f1o en forma de hipop\u00f3tamo! Es un producto ideal para los ni\u00f1os para que disfruten y se diviertan a la hora del ba\u00f1o.<\/p>\n<p>Estas bombas son especiales porque contienen m\u00e1s espuma que las bombas tradicionales y adem\u00e1s llevan un aroma a cr\u00edtico.&nbsp;<\/p>\n<p>Cada bomba pesa aproximadamente 85 gramos. Se vende en packs de 8 unidades.&nbsp;<\/p>\n<p>\u00a1Estas Bombas de Ba\u00f1o contienen m\u00e1s espuma que las Bombas de Ba\u00f1o cl\u00e1sicas, lo que significa m\u00e1s diversi\u00f3n!<\/p>\n<p>Estas bombas est\u00e1n envueltas individualmente.<\/p>\n","protected":false},"excerpt":{"rendered":"<p>\u00a1A\u00f1ada en su l\u00ednea de ba\u00f1o estas divertidas Bombas de Ba\u00f1o en forma de hipop\u00f3tamo! Es un producto ideal para los ni\u00f1os para que disfruten y se diviertan a la hora del ba\u00f1o. Estas bombas son especiales porque contienen m\u00e1s espuma que las bombas tradicionales y adem\u00e1s llevan un aroma a cr\u00edtico.&nbsp; Cada bomba pesa [&hellip;]<\/p>\n","protected":false},"featured_media":299155,"comment_status":"closed","ping_status":"open","template":"","meta":{"_angie_page":false},"product_brand":[],"product_cat":[19453],"product_tag":[],"class_list":{"0":"post-237842","1":"product","2":"type-product","3":"status-publish","4":"has-post-thumbnail","6":"product_cat-bano-y-ducha","7":"pa_collection-shaped-bath-bombs-for-kids-es","8":"pa_made-in-reino-unido","10":"first","11":"instock","12":"purchasable","13":"product-type-simple"},"supplier_id":null,"supplier_sku":"SKB-03","barcode":null,"atum_controlled":true,"out_stock_date":null,"out_stock_threshold":null,"inheritable":false,"inbound_stock":null,"stock_on_hold":0,"sold_today":0,"sales_last_days":0,"reserved_stock":null,"customer_returns":null,"warehouse_damage":null,"lost_in_post":null,"other_logs":null,"out_stock_days":0,"lost_sales":0,"has_location":null,"update_date":"2026-04-27T07:21:33","atum_locations":[],"atum_stock_status":"instock","restock_status":false,"low_stock_amount":"","sales_update_date":"2026-01-20T05:14:20","calc_backorders":null,"_links":{"self":[{"href":"https:\/\/aromasentia.com\/es\/wp-json\/wp\/v2\/product\/237842","targetHints":{"allow":["GET"]}}],"collection":[{"href":"https:\/\/aromasentia.com\/es\/wp-json\/wp\/v2\/product"}],"about":[{"href":"https:\/\/aromasentia.com\/es\/wp-json\/wp\/v2\/types\/product"}],"replies":[{"embeddable":true,"href":"https:\/\/aromasentia.com\/es\/wp-json\/wp\/v2\/comments?post=237842"}],"version-history":[{"count":0,"href":"https:\/\/aromasentia.com\/es\/wp-json\/wp\/v2\/product\/237842\/revisions"}],"wp:featuredmedia":[{"embeddable":true,"href":"https:\/\/aromasentia.com\/es\/wp-json\/wp\/v2\/media\/299155"}],"wp:attachment":[{"href":"https:\/\/aromasentia.com\/es\/wp-json\/wp\/v2\/media?parent=237842"}],"wp:term":[{"taxonomy":"product_brand","embeddable":true,"href":"https:\/\/aromasentia.com\/es\/wp-json\/wp\/v2\/product_brand?post=237842"},{"taxonomy":"product_cat","embeddable":true,"href":"https:\/\/aromasentia.com\/es\/wp-json\/wp\/v2\/product_cat?post=237842"},{"taxonomy":"product_tag","embeddable":true,"href":"https:\/\/aromasentia.com\/es\/wp-json\/wp\/v2\/product_tag?post=237842"}],"curies":[{"name":"wp","href":"https:\/\/api.w.org\/{rel}","templated":true}]}}