{"id":237826,"date":"2025-03-20T17:52:41","date_gmt":"2025-03-20T17:52:41","guid":{"rendered":"https:\/\/aromasentia.com\/product\/monkey-bathbomb-90g-guava-strawberry\/"},"modified":"2025-05-31T18:50:40","modified_gmt":"2025-05-31T18:50:40","slug":"bomba-de-bano-mono-90g","status":"publish","type":"product","link":"https:\/\/aromasentia.com\/es\/bomba-de-bano-mono-90g\/","title":{"rendered":"Bomba de Ba\u00f1o &#8211; Mono 90g"},"content":{"rendered":"<p>Aroma Sentia Espa\u00f1a vende estas Bombas de Ba\u00f1o en forma de mono al por mayor. Estas Bombas de Ba\u00f1o contiene guayaba y fresa.<\/p>\n<p>Producto divertido y contiene colores llamativos que se difuminar\u00e1n en al agua. Puede verlo en las fotograf\u00edas del productos.&nbsp;<\/p>\n<p>Cada bomba pesa aproximadamente 100 gramos. Se vende en packs de 8 unidades.&nbsp;<\/p>\n<p>\u00a1Estas Bombas de Ba\u00f1o contienen m\u00e1s espuma que las Bombas de Ba\u00f1o cl\u00e1sicas, lo que significa m\u00e1s diversi\u00f3n!<\/p>\n<p>Estas bombas est\u00e1n envueltas individualmente.<\/p>\n","protected":false},"excerpt":{"rendered":"<p>Aroma Sentia Espa\u00f1a vende estas Bombas de Ba\u00f1o en forma de mono al por mayor. Estas Bombas de Ba\u00f1o contiene guayaba y fresa. Producto divertido y contiene colores llamativos que se difuminar\u00e1n en al agua. Puede verlo en las fotograf\u00edas del productos.&nbsp; Cada bomba pesa aproximadamente 100 gramos. Se vende en packs de 8 unidades.&nbsp; [&hellip;]<\/p>\n","protected":false},"featured_media":299055,"comment_status":"closed","ping_status":"open","template":"","meta":{"_angie_page":false},"product_brand":[],"product_cat":[25844,19453,26544,26849,26570],"product_tag":[],"class_list":{"0":"post-237826","1":"product","2":"type-product","3":"status-publish","4":"has-post-thumbnail","6":"product_cat-aromas","7":"product_cat-bano-y-ducha","8":"product_cat-fresa","9":"product_cat-frutal","10":"product_cat-guayaba","11":"pa_collection-shaped-bath-bombs-for-kids-es","12":"pa_made-in-reino-unido","13":"pa_size-90g","15":"first","16":"instock","17":"purchasable","18":"product-type-simple"},"supplier_id":null,"supplier_sku":"SKB-07","barcode":null,"atum_controlled":true,"out_stock_date":null,"out_stock_threshold":null,"inheritable":false,"inbound_stock":null,"stock_on_hold":0,"sold_today":0,"sales_last_days":0,"reserved_stock":null,"customer_returns":null,"warehouse_damage":null,"lost_in_post":null,"other_logs":null,"out_stock_days":0,"lost_sales":0,"has_location":null,"update_date":"2026-04-27T07:21:33","atum_locations":[],"atum_stock_status":"instock","restock_status":false,"low_stock_amount":"","sales_update_date":"2025-09-05T00:20:56","calc_backorders":null,"_links":{"self":[{"href":"https:\/\/aromasentia.com\/es\/wp-json\/wp\/v2\/product\/237826","targetHints":{"allow":["GET"]}}],"collection":[{"href":"https:\/\/aromasentia.com\/es\/wp-json\/wp\/v2\/product"}],"about":[{"href":"https:\/\/aromasentia.com\/es\/wp-json\/wp\/v2\/types\/product"}],"replies":[{"embeddable":true,"href":"https:\/\/aromasentia.com\/es\/wp-json\/wp\/v2\/comments?post=237826"}],"version-history":[{"count":0,"href":"https:\/\/aromasentia.com\/es\/wp-json\/wp\/v2\/product\/237826\/revisions"}],"wp:featuredmedia":[{"embeddable":true,"href":"https:\/\/aromasentia.com\/es\/wp-json\/wp\/v2\/media\/299055"}],"wp:attachment":[{"href":"https:\/\/aromasentia.com\/es\/wp-json\/wp\/v2\/media?parent=237826"}],"wp:term":[{"taxonomy":"product_brand","embeddable":true,"href":"https:\/\/aromasentia.com\/es\/wp-json\/wp\/v2\/product_brand?post=237826"},{"taxonomy":"product_cat","embeddable":true,"href":"https:\/\/aromasentia.com\/es\/wp-json\/wp\/v2\/product_cat?post=237826"},{"taxonomy":"product_tag","embeddable":true,"href":"https:\/\/aromasentia.com\/es\/wp-json\/wp\/v2\/product_tag?post=237826"}],"curies":[{"name":"wp","href":"https:\/\/api.w.org\/{rel}","templated":true}]}}