{"id":237778,"date":"2025-03-20T17:53:50","date_gmt":"2025-03-20T17:53:50","guid":{"rendered":"https:\/\/aromasentia.com\/product\/round-honey-marble-rounded-soap-dish\/"},"modified":"2025-05-31T18:49:54","modified_gmt":"2025-05-31T18:49:54","slug":"jabonera-redonda-de-marmol-miel-redonda","status":"publish","type":"product","link":"https:\/\/aromasentia.com\/es\/jabonera-redonda-de-marmol-miel-redonda\/","title":{"rendered":"Jabonera Redonda de M\u00e1rmol Miel Redonda"},"content":{"rendered":"<p>\u00danica jabonera decorativa redonda de m\u00e1rmol miel. La parte interior lisa resalta la naturalidad de la piedra. Los agujeros en la parte inferior facilitan el secado del jab\u00f3n y lo mantienen en buen estado.<\/p>\n<p><strong>NB:<\/strong> Cada jabonera de piedra es \u00fanica; la foto muestra el producto en una combinaci\u00f3n de colores ejemplar.<\/strong><\/p>\n<p><strong>Jabonera de m\u00e1rmol miel<\/strong>.<\/p>\n","protected":false},"excerpt":{"rendered":"<p>\u00danica jabonera decorativa redonda de m\u00e1rmol miel. La parte interior lisa resalta la naturalidad de la piedra. Los agujeros en la parte inferior facilitan el secado del jab\u00f3n y lo mantienen en buen estado. NB: Cada jabonera de piedra es \u00fanica; la foto muestra el producto en una combinaci\u00f3n de colores ejemplar. Jabonera de m\u00e1rmol [&hellip;]<\/p>\n","protected":false},"featured_media":299505,"comment_status":"closed","ping_status":"open","template":"","meta":{"_angie_page":false},"product_brand":[],"product_cat":[19453,20540],"product_tag":[],"class_list":{"0":"post-237778","1":"product","2":"type-product","3":"status-publish","4":"has-post-thumbnail","6":"product_cat-bano-y-ducha","7":"product_cat-jaboneras-y-dispensadores","8":"pa_collection-stone-soap-dishes-es","9":"pa_made-in-indonesia","11":"first","12":"instock","13":"purchasable","14":"product-type-simple"},"supplier_id":null,"supplier_sku":"SSD-07","barcode":null,"atum_controlled":true,"out_stock_date":null,"out_stock_threshold":null,"inheritable":false,"inbound_stock":null,"stock_on_hold":0,"sold_today":0,"sales_last_days":0,"reserved_stock":null,"customer_returns":null,"warehouse_damage":null,"lost_in_post":null,"other_logs":null,"out_stock_days":70,"lost_sales":0,"has_location":null,"update_date":"2026-04-27T07:23:10","atum_locations":[],"atum_stock_status":"instock","restock_status":false,"low_stock_amount":"","sales_update_date":"2026-02-06T00:01:05","calc_backorders":null,"_links":{"self":[{"href":"https:\/\/aromasentia.com\/es\/wp-json\/wp\/v2\/product\/237778","targetHints":{"allow":["GET"]}}],"collection":[{"href":"https:\/\/aromasentia.com\/es\/wp-json\/wp\/v2\/product"}],"about":[{"href":"https:\/\/aromasentia.com\/es\/wp-json\/wp\/v2\/types\/product"}],"replies":[{"embeddable":true,"href":"https:\/\/aromasentia.com\/es\/wp-json\/wp\/v2\/comments?post=237778"}],"version-history":[{"count":0,"href":"https:\/\/aromasentia.com\/es\/wp-json\/wp\/v2\/product\/237778\/revisions"}],"wp:featuredmedia":[{"embeddable":true,"href":"https:\/\/aromasentia.com\/es\/wp-json\/wp\/v2\/media\/299505"}],"wp:attachment":[{"href":"https:\/\/aromasentia.com\/es\/wp-json\/wp\/v2\/media?parent=237778"}],"wp:term":[{"taxonomy":"product_brand","embeddable":true,"href":"https:\/\/aromasentia.com\/es\/wp-json\/wp\/v2\/product_brand?post=237778"},{"taxonomy":"product_cat","embeddable":true,"href":"https:\/\/aromasentia.com\/es\/wp-json\/wp\/v2\/product_cat?post=237778"},{"taxonomy":"product_tag","embeddable":true,"href":"https:\/\/aromasentia.com\/es\/wp-json\/wp\/v2\/product_tag?post=237778"}],"curies":[{"name":"wp","href":"https:\/\/api.w.org\/{rel}","templated":true}]}}