{"id":237762,"date":"2025-03-20T17:54:08","date_gmt":"2025-03-20T17:54:08","guid":{"rendered":"https:\/\/aromasentia.com\/product\/riverstone-natural-soap-dish\/"},"modified":"2025-05-31T18:49:42","modified_gmt":"2025-05-31T18:49:42","slug":"jabonera-natural-de-piedra-de-rio","status":"publish","type":"product","link":"https:\/\/aromasentia.com\/es\/jabonera-natural-de-piedra-de-rio\/","title":{"rendered":"Jabonera Natural de Piedra de R\u00edo"},"content":{"rendered":"<p>La jabonera est\u00e1 hecha a mano con piedra de r\u00edo y tiene los bordes en bruto, sin tocar, lo que la convierte en un producto \u00fanico y aut\u00e9ntico. La jabonera est\u00e1 pulida y tiene agujeros por los que puede salir el agua. Funcionar\u00e1 en cualquier cuarto de ba\u00f1o o cocina.<\/p>\n<p>NB: Cada producto es \u00fanico con un color \u00fanico&#8230; directamente de la naturaleza.<\/p>\n<p><strong>Directamente de la naturaleza<\/strong>.<\/p>\n","protected":false},"excerpt":{"rendered":"<p>La jabonera est\u00e1 hecha a mano con piedra de r\u00edo y tiene los bordes en bruto, sin tocar, lo que la convierte en un producto \u00fanico y aut\u00e9ntico. La jabonera est\u00e1 pulida y tiene agujeros por los que puede salir el agua. Funcionar\u00e1 en cualquier cuarto de ba\u00f1o o cocina. NB: Cada producto es \u00fanico [&hellip;]<\/p>\n","protected":false},"featured_media":299607,"comment_status":"closed","ping_status":"open","template":"","meta":{"_angie_page":false},"product_brand":[],"product_cat":[19453,20540],"product_tag":[],"class_list":{"0":"post-237762","1":"product","2":"type-product","3":"status-publish","4":"has-post-thumbnail","6":"product_cat-bano-y-ducha","7":"product_cat-jaboneras-y-dispensadores","8":"pa_collection-stone-soap-dishes-es","9":"pa_made-in-indonesia","11":"first","12":"instock","13":"purchasable","14":"product-type-simple"},"supplier_id":null,"supplier_sku":"SSD-13","barcode":null,"atum_controlled":true,"out_stock_date":null,"out_stock_threshold":null,"inheritable":false,"inbound_stock":null,"stock_on_hold":0,"sold_today":0,"sales_last_days":0,"reserved_stock":null,"customer_returns":null,"warehouse_damage":null,"lost_in_post":null,"other_logs":null,"out_stock_days":0,"lost_sales":0,"has_location":null,"update_date":"2026-05-08T05:20:16","atum_locations":[],"atum_stock_status":"instock","restock_status":false,"low_stock_amount":"","sales_update_date":"2026-01-30T01:25:46","calc_backorders":null,"_links":{"self":[{"href":"https:\/\/aromasentia.com\/es\/wp-json\/wp\/v2\/product\/237762","targetHints":{"allow":["GET"]}}],"collection":[{"href":"https:\/\/aromasentia.com\/es\/wp-json\/wp\/v2\/product"}],"about":[{"href":"https:\/\/aromasentia.com\/es\/wp-json\/wp\/v2\/types\/product"}],"replies":[{"embeddable":true,"href":"https:\/\/aromasentia.com\/es\/wp-json\/wp\/v2\/comments?post=237762"}],"version-history":[{"count":0,"href":"https:\/\/aromasentia.com\/es\/wp-json\/wp\/v2\/product\/237762\/revisions"}],"wp:featuredmedia":[{"embeddable":true,"href":"https:\/\/aromasentia.com\/es\/wp-json\/wp\/v2\/media\/299607"}],"wp:attachment":[{"href":"https:\/\/aromasentia.com\/es\/wp-json\/wp\/v2\/media?parent=237762"}],"wp:term":[{"taxonomy":"product_brand","embeddable":true,"href":"https:\/\/aromasentia.com\/es\/wp-json\/wp\/v2\/product_brand?post=237762"},{"taxonomy":"product_cat","embeddable":true,"href":"https:\/\/aromasentia.com\/es\/wp-json\/wp\/v2\/product_cat?post=237762"},{"taxonomy":"product_tag","embeddable":true,"href":"https:\/\/aromasentia.com\/es\/wp-json\/wp\/v2\/product_tag?post=237762"}],"curies":[{"name":"wp","href":"https:\/\/api.w.org\/{rel}","templated":true}]}}