{"id":237758,"date":"2025-03-20T17:54:08","date_gmt":"2025-03-20T17:54:08","guid":{"rendered":"https:\/\/aromasentia.com\/product\/classic-oval-black-marble-soap-dish\/"},"modified":"2025-05-31T18:49:39","modified_gmt":"2025-05-31T18:49:39","slug":"jabonera-clasica-ovalada-de-marmol-negro","status":"publish","type":"product","link":"https:\/\/aromasentia.com\/es\/jabonera-clasica-ovalada-de-marmol-negro\/","title":{"rendered":"Jabonera Cl\u00e1sica Ovalada de M\u00e1rmol negro"},"content":{"rendered":"<p>Cuida el cuarto de ba\u00f1o y elige accesorios \u00fanicos de m\u00e1rmol negro. La jabonera ovalada, adem\u00e1s de cumplir su funci\u00f3n de secar el jab\u00f3n, a\u00f1adir\u00e1 un toque de color y estilo que a menudo se olvida en este espacio.<\/p>\n<p>NB: Cada jabonera de piedra es \u00fanica; la foto muestra el producto en una combinaci\u00f3n de colores ejemplar.<\/p>\n<p>La jabonera ovalada, adem\u00e1s de cumplir su funci\u00f3n de secar el jab\u00f3n, aportar\u00e1 un toque de color y estilo que a menudo se olvida en este espacio.<\/p>\n","protected":false},"excerpt":{"rendered":"<p>Cuida el cuarto de ba\u00f1o y elige accesorios \u00fanicos de m\u00e1rmol negro. La jabonera ovalada, adem\u00e1s de cumplir su funci\u00f3n de secar el jab\u00f3n, a\u00f1adir\u00e1 un toque de color y estilo que a menudo se olvida en este espacio. NB: Cada jabonera de piedra es \u00fanica; la foto muestra el producto en una combinaci\u00f3n de [&hellip;]<\/p>\n","protected":false},"featured_media":299590,"comment_status":"closed","ping_status":"open","template":"","meta":{"_angie_page":false},"product_brand":[],"product_cat":[19453,20540],"product_tag":[],"class_list":{"0":"post-237758","1":"product","2":"type-product","3":"status-publish","4":"has-post-thumbnail","6":"product_cat-bano-y-ducha","7":"product_cat-jaboneras-y-dispensadores","8":"pa_collection-stone-soap-dishes-es","9":"pa_made-in-indonesia","11":"first","12":"instock","13":"purchasable","14":"product-type-simple"},"supplier_id":null,"supplier_sku":"SSD-12","barcode":null,"atum_controlled":true,"out_stock_date":null,"out_stock_threshold":null,"inheritable":false,"inbound_stock":null,"stock_on_hold":0,"sold_today":0,"sales_last_days":0,"reserved_stock":null,"customer_returns":null,"warehouse_damage":null,"lost_in_post":null,"other_logs":null,"out_stock_days":0,"lost_sales":0,"has_location":null,"update_date":"2026-05-11T01:56:48","atum_locations":[],"atum_stock_status":"instock","restock_status":false,"low_stock_amount":"","sales_update_date":"2026-01-30T01:24:41","calc_backorders":null,"_links":{"self":[{"href":"https:\/\/aromasentia.com\/es\/wp-json\/wp\/v2\/product\/237758","targetHints":{"allow":["GET"]}}],"collection":[{"href":"https:\/\/aromasentia.com\/es\/wp-json\/wp\/v2\/product"}],"about":[{"href":"https:\/\/aromasentia.com\/es\/wp-json\/wp\/v2\/types\/product"}],"replies":[{"embeddable":true,"href":"https:\/\/aromasentia.com\/es\/wp-json\/wp\/v2\/comments?post=237758"}],"version-history":[{"count":0,"href":"https:\/\/aromasentia.com\/es\/wp-json\/wp\/v2\/product\/237758\/revisions"}],"wp:featuredmedia":[{"embeddable":true,"href":"https:\/\/aromasentia.com\/es\/wp-json\/wp\/v2\/media\/299590"}],"wp:attachment":[{"href":"https:\/\/aromasentia.com\/es\/wp-json\/wp\/v2\/media?parent=237758"}],"wp:term":[{"taxonomy":"product_brand","embeddable":true,"href":"https:\/\/aromasentia.com\/es\/wp-json\/wp\/v2\/product_brand?post=237758"},{"taxonomy":"product_cat","embeddable":true,"href":"https:\/\/aromasentia.com\/es\/wp-json\/wp\/v2\/product_cat?post=237758"},{"taxonomy":"product_tag","embeddable":true,"href":"https:\/\/aromasentia.com\/es\/wp-json\/wp\/v2\/product_tag?post=237758"}],"curies":[{"name":"wp","href":"https:\/\/api.w.org\/{rel}","templated":true}]}}