{"id":237754,"date":"2025-03-20T17:54:08","date_gmt":"2025-03-20T17:54:08","guid":{"rendered":"https:\/\/aromasentia.com\/product\/classic-oval-grey-marble-soap-dish\/"},"modified":"2025-05-31T18:49:36","modified_gmt":"2025-05-31T18:49:36","slug":"jabonera-clasica-ovalada-de-marmol-gris","status":"publish","type":"product","link":"https:\/\/aromasentia.com\/es\/jabonera-clasica-ovalada-de-marmol-gris\/","title":{"rendered":"Jabonera Cl\u00e1sica Ovalada de M\u00e1rmol gris"},"content":{"rendered":"<p>La jabonera de m\u00e1rmol ha sido dise\u00f1ada con una forma cl\u00e1sica y atemporal. Ser\u00e1 un elemento atractivo y elegante de un cuarto de ba\u00f1o con estilo. Los tonos negros, blancos y grises de la piedra le dan clase.&nbsp;<\/p>\n<p>Los productos est\u00e1n hechos de piedra natural. Pueden diferir en color, tono, dibujo y textura. El dibujo de la piedra natural es \u00fanico.<\/p>\n","protected":false},"excerpt":{"rendered":"<p>La jabonera de m\u00e1rmol ha sido dise\u00f1ada con una forma cl\u00e1sica y atemporal. Ser\u00e1 un elemento atractivo y elegante de un cuarto de ba\u00f1o con estilo. Los tonos negros, blancos y grises de la piedra le dan clase.&nbsp; Los productos est\u00e1n hechos de piedra natural. Pueden diferir en color, tono, dibujo y textura. El dibujo [&hellip;]<\/p>\n","protected":false},"featured_media":299573,"comment_status":"closed","ping_status":"open","template":"","meta":{"_angie_page":false},"product_brand":[],"product_cat":[19453,20540],"product_tag":[],"class_list":{"0":"post-237754","1":"product","2":"type-product","3":"status-publish","4":"has-post-thumbnail","6":"product_cat-bano-y-ducha","7":"product_cat-jaboneras-y-dispensadores","8":"pa_collection-stone-soap-dishes-es","9":"pa_made-in-indonesia","11":"first","12":"instock","13":"purchasable","14":"product-type-simple"},"supplier_id":null,"supplier_sku":"SSD-11","barcode":null,"atum_controlled":true,"out_stock_date":null,"out_stock_threshold":null,"inheritable":false,"inbound_stock":null,"stock_on_hold":0,"sold_today":0,"sales_last_days":0,"reserved_stock":null,"customer_returns":null,"warehouse_damage":null,"lost_in_post":null,"other_logs":null,"out_stock_days":0,"lost_sales":0,"has_location":null,"update_date":"2026-05-08T05:20:16","atum_locations":[],"atum_stock_status":"instock","restock_status":false,"low_stock_amount":"","sales_update_date":"2025-09-05T00:21:06","calc_backorders":null,"_links":{"self":[{"href":"https:\/\/aromasentia.com\/es\/wp-json\/wp\/v2\/product\/237754","targetHints":{"allow":["GET"]}}],"collection":[{"href":"https:\/\/aromasentia.com\/es\/wp-json\/wp\/v2\/product"}],"about":[{"href":"https:\/\/aromasentia.com\/es\/wp-json\/wp\/v2\/types\/product"}],"replies":[{"embeddable":true,"href":"https:\/\/aromasentia.com\/es\/wp-json\/wp\/v2\/comments?post=237754"}],"version-history":[{"count":0,"href":"https:\/\/aromasentia.com\/es\/wp-json\/wp\/v2\/product\/237754\/revisions"}],"wp:featuredmedia":[{"embeddable":true,"href":"https:\/\/aromasentia.com\/es\/wp-json\/wp\/v2\/media\/299573"}],"wp:attachment":[{"href":"https:\/\/aromasentia.com\/es\/wp-json\/wp\/v2\/media?parent=237754"}],"wp:term":[{"taxonomy":"product_brand","embeddable":true,"href":"https:\/\/aromasentia.com\/es\/wp-json\/wp\/v2\/product_brand?post=237754"},{"taxonomy":"product_cat","embeddable":true,"href":"https:\/\/aromasentia.com\/es\/wp-json\/wp\/v2\/product_cat?post=237754"},{"taxonomy":"product_tag","embeddable":true,"href":"https:\/\/aromasentia.com\/es\/wp-json\/wp\/v2\/product_tag?post=237754"}],"curies":[{"name":"wp","href":"https:\/\/api.w.org\/{rel}","templated":true}]}}