{"id":237726,"date":"2025-03-20T17:54:28","date_gmt":"2025-03-20T17:54:28","guid":{"rendered":"https:\/\/aromasentia.com\/product\/petrified-wood-black-soap-dish\/"},"modified":"2025-05-31T18:49:08","modified_gmt":"2025-05-31T18:49:08","slug":"jabonera-negra-de-madera-petrificada","status":"publish","type":"product","link":"https:\/\/aromasentia.com\/es\/jabonera-negra-de-madera-petrificada\/","title":{"rendered":"Jabonera Negra de Madera Petrificada"},"content":{"rendered":"<p>Jabonera hecha a mano con madera petrificada. La parte superior se ha pulido suavemente; los bordes se han dejado en bruto. La jabonera tambi\u00e9n tiene un pr\u00e1ctico hoyuelo para el jab\u00f3n. El material de alta calidad, el color oscuro y el dise\u00f1o sencillo hacen que esta jabonera tenga un aspecto muy elegante y eficaz. Ser\u00e1 una original decoraci\u00f3n de interiores y un interesante acento llamativo.<\/p>\n<p>La madera petrificada es un material extremadamente duradero y atemporal, gracias al cual la jabonera servir\u00e1 durante mucho tiempo.<\/p>\n<p>NB: Esta madera petrificada puede ser completamente negra o tener elementos negros. Las fotos muestran el producto en una combinaci\u00f3n de colores ejemplar.&nbsp;<\/p>\n<p>\n","protected":false},"excerpt":{"rendered":"<p>Jabonera hecha a mano con madera petrificada. La parte superior se ha pulido suavemente; los bordes se han dejado en bruto. La jabonera tambi\u00e9n tiene un pr\u00e1ctico hoyuelo para el jab\u00f3n. El material de alta calidad, el color oscuro y el dise\u00f1o sencillo hacen que esta jabonera tenga un aspecto muy elegante y eficaz. Ser\u00e1 [&hellip;]<\/p>\n","protected":false},"featured_media":299624,"comment_status":"closed","ping_status":"open","template":"","meta":{"_angie_page":false},"product_brand":[],"product_cat":[19453,25225,20540,25717],"product_tag":[],"class_list":{"0":"post-237726","1":"product","2":"type-product","3":"status-publish","4":"has-post-thumbnail","6":"product_cat-bano-y-ducha","7":"product_cat-gemas-y-minerales","8":"product_cat-jaboneras-y-dispensadores","9":"product_cat-madera-petrificada","10":"pa_collection-stone-soap-dishes-es","11":"pa_made-in-indonesia","13":"first","14":"instock","15":"purchasable","16":"product-type-simple"},"supplier_id":null,"supplier_sku":"SSD-14","barcode":null,"atum_controlled":true,"out_stock_date":null,"out_stock_threshold":null,"inheritable":false,"inbound_stock":null,"stock_on_hold":0,"sold_today":0,"sales_last_days":0,"reserved_stock":null,"customer_returns":null,"warehouse_damage":null,"lost_in_post":null,"other_logs":null,"out_stock_days":0,"lost_sales":0,"has_location":null,"update_date":"2026-05-04T00:04:59","atum_locations":[],"atum_stock_status":"instock","restock_status":false,"low_stock_amount":"","sales_update_date":"2026-01-30T01:24:53","calc_backorders":null,"_links":{"self":[{"href":"https:\/\/aromasentia.com\/es\/wp-json\/wp\/v2\/product\/237726","targetHints":{"allow":["GET"]}}],"collection":[{"href":"https:\/\/aromasentia.com\/es\/wp-json\/wp\/v2\/product"}],"about":[{"href":"https:\/\/aromasentia.com\/es\/wp-json\/wp\/v2\/types\/product"}],"replies":[{"embeddable":true,"href":"https:\/\/aromasentia.com\/es\/wp-json\/wp\/v2\/comments?post=237726"}],"version-history":[{"count":0,"href":"https:\/\/aromasentia.com\/es\/wp-json\/wp\/v2\/product\/237726\/revisions"}],"wp:featuredmedia":[{"embeddable":true,"href":"https:\/\/aromasentia.com\/es\/wp-json\/wp\/v2\/media\/299624"}],"wp:attachment":[{"href":"https:\/\/aromasentia.com\/es\/wp-json\/wp\/v2\/media?parent=237726"}],"wp:term":[{"taxonomy":"product_brand","embeddable":true,"href":"https:\/\/aromasentia.com\/es\/wp-json\/wp\/v2\/product_brand?post=237726"},{"taxonomy":"product_cat","embeddable":true,"href":"https:\/\/aromasentia.com\/es\/wp-json\/wp\/v2\/product_cat?post=237726"},{"taxonomy":"product_tag","embeddable":true,"href":"https:\/\/aromasentia.com\/es\/wp-json\/wp\/v2\/product_tag?post=237726"}],"curies":[{"name":"wp","href":"https:\/\/api.w.org\/{rel}","templated":true}]}}