{"id":237646,"date":"2025-03-20T17:56:14","date_gmt":"2025-03-20T17:56:14","guid":{"rendered":"https:\/\/aromasentia.com\/product\/tropical-paradise-coco-bath-bombs-watermelon\/"},"modified":"2025-12-30T21:57:23","modified_gmt":"2025-12-30T21:57:23","slug":"bombas-de-bano-de-coco-paraiso-tropical-sandia","status":"publish","type":"product","link":"https:\/\/aromasentia.com\/es\/bombas-de-bano-de-coco-paraiso-tropical-sandia\/","title":{"rendered":"Bombas de Ba\u00f1o de Coco Para\u00edso Tropical &#8211; Sand\u00eda"},"content":{"rendered":"<p>Un parfum incroyable de <strong>Tropical Paradise Coco Bath Bombs &#8211; Ananas<\/strong> avec sa fragrance tropicale douce, fra\u00eeche et fruit\u00e9e. <\/p>\n<p>L&#8217;ananas est un fruit tropical classique et un ingr\u00e9dient courant dans les cocktails fruit\u00e9s exotiques. Son parfum est si frais et juteux que tu auras presque l&#8217;impression de te baigner sur une \u00eele paradisiaque. Aloha ! Chaque bombe p\u00e8se 180 grammes et contient une bonne dose de beurre de noix de coco pour rendre ta peau plus douce, ainsi que des copeaux de savon color\u00e9s qui aident \u00e0 cr\u00e9er une mousse soyeuse et \u00e0 nettoyer ton corps pendant que tu profites d&#8217;un bain tropical. <\/p>\n<p><span style=\u00ab color: rgb(141, 186, 216); \u00bb><strong>Pour chaque achat de trois bombes de bain de la m\u00eame taille, quelle que soit la gamme, la commande sera livr\u00e9e dans un coffret cadeau en carton naturel gratuit. Liste compl\u00e8te des ingr\u00e9dients en couleur incluse. &nbsp;<\/p>\n","protected":false},"excerpt":{"rendered":"<p>Un parfum incroyable de Tropical Paradise Coco Bath Bombs &#8211; Ananas avec sa fragrance tropicale douce, fra\u00eeche et fruit\u00e9e. L&#8217;ananas est un fruit tropical classique et un ingr\u00e9dient courant dans les cocktails fruit\u00e9s exotiques. Son parfum est si frais et juteux que tu auras presque l&#8217;impression de te baigner sur une \u00eele paradisiaque. Aloha ! [&hellip;]<\/p>\n","protected":false},"featured_media":300116,"comment_status":"closed","ping_status":"open","template":"","meta":{"_angie_page":false},"product_brand":[],"product_cat":[25844,19453,20515,26849,26500],"product_tag":[],"class_list":{"0":"post-237646","1":"product","2":"type-product","3":"status-publish","4":"has-post-thumbnail","6":"product_cat-aromas","7":"product_cat-bano-y-ducha","8":"product_cat-bombas-de-bano","9":"product_cat-frutal","10":"product_cat-sandia","11":"pa_collection-tropical-paradise-coco-bath-bombs-180g-es","12":"pa_made-in-reino-unido","14":"first","15":"instock","16":"purchasable","17":"product-type-simple"},"supplier_id":null,"supplier_sku":"TPCB-01DS","barcode":null,"atum_controlled":true,"out_stock_date":null,"out_stock_threshold":null,"inheritable":false,"inbound_stock":null,"stock_on_hold":0,"sold_today":0,"sales_last_days":0,"reserved_stock":null,"customer_returns":null,"warehouse_damage":null,"lost_in_post":null,"other_logs":null,"out_stock_days":0,"lost_sales":0,"has_location":null,"update_date":"2026-04-27T07:25:10","atum_locations":[],"atum_stock_status":"instock","restock_status":false,"low_stock_amount":"","sales_update_date":"2026-01-30T01:24:49","calc_backorders":null,"_links":{"self":[{"href":"https:\/\/aromasentia.com\/es\/wp-json\/wp\/v2\/product\/237646","targetHints":{"allow":["GET"]}}],"collection":[{"href":"https:\/\/aromasentia.com\/es\/wp-json\/wp\/v2\/product"}],"about":[{"href":"https:\/\/aromasentia.com\/es\/wp-json\/wp\/v2\/types\/product"}],"replies":[{"embeddable":true,"href":"https:\/\/aromasentia.com\/es\/wp-json\/wp\/v2\/comments?post=237646"}],"version-history":[{"count":0,"href":"https:\/\/aromasentia.com\/es\/wp-json\/wp\/v2\/product\/237646\/revisions"}],"wp:featuredmedia":[{"embeddable":true,"href":"https:\/\/aromasentia.com\/es\/wp-json\/wp\/v2\/media\/300116"}],"wp:attachment":[{"href":"https:\/\/aromasentia.com\/es\/wp-json\/wp\/v2\/media?parent=237646"}],"wp:term":[{"taxonomy":"product_brand","embeddable":true,"href":"https:\/\/aromasentia.com\/es\/wp-json\/wp\/v2\/product_brand?post=237646"},{"taxonomy":"product_cat","embeddable":true,"href":"https:\/\/aromasentia.com\/es\/wp-json\/wp\/v2\/product_cat?post=237646"},{"taxonomy":"product_tag","embeddable":true,"href":"https:\/\/aromasentia.com\/es\/wp-json\/wp\/v2\/product_tag?post=237646"}],"curies":[{"name":"wp","href":"https:\/\/api.w.org\/{rel}","templated":true}]}}