{"id":237638,"date":"2025-03-20T17:56:45","date_gmt":"2025-03-20T17:56:45","guid":{"rendered":"https:\/\/aromasentia.com\/product\/tropical-paradise-soap-loaf-watermelon\/"},"modified":"2025-12-30T21:57:23","modified_gmt":"2025-12-30T21:57:23","slug":"jabon-paraiso-tropical-sandia","status":"publish","type":"product","link":"https:\/\/aromasentia.com\/es\/jabon-paraiso-tropical-sandia\/","title":{"rendered":"Jab\u00f3n paraiso tropical &#8211; Sand\u00eda"},"content":{"rendered":"<p>\u00a1Aroma Sentia vende jab\u00f3n de para\u00edso tropical de sand\u00eda que har\u00e1 que sus clientes se enamoren de \u00e9l!<\/p>\n<p>Este jab\u00f3n de sand\u00eda tiene semillas de amapola que ofrecer\u00e1 a sus clientes:<\/p>\n<p>&#8211; Eliminar la piel muerta.<\/p>\n<p>&#8211; Piel hidratada.<\/p>\n<p>Se vende en unidades de 1,2 kg. Puedes obtener hasta 12 trozos de 100 gramos cada una. (El peso es aproximado)&nbsp;<\/p>\n<p><strong>&nbsp;Solo venta al por mayor.<\/strong><\/p>\n<p><\/p>\n","protected":false},"excerpt":{"rendered":"<p>\u00a1Aroma Sentia vende jab\u00f3n de para\u00edso tropical de sand\u00eda que har\u00e1 que sus clientes se enamoren de \u00e9l! Este jab\u00f3n de sand\u00eda tiene semillas de amapola que ofrecer\u00e1 a sus clientes: &#8211; Eliminar la piel muerta. &#8211; Piel hidratada. Se vende en unidades de 1,2 kg. Puedes obtener hasta 12 trozos de 100 gramos cada [&hellip;]<\/p>\n","protected":false},"featured_media":300364,"comment_status":"closed","ping_status":"open","template":"","meta":{"_angie_page":false},"product_brand":[],"product_cat":[25844,19453,26849,20592,26500],"product_tag":[],"class_list":{"0":"post-237638","1":"product","2":"type-product","3":"status-publish","4":"has-post-thumbnail","6":"product_cat-aromas","7":"product_cat-bano-y-ducha","8":"product_cat-frutal","9":"product_cat-jabones-ecologicos-naturales","10":"product_cat-sandia","11":"pa_collection-tropical-paradise-soap-loaves-1-3kg-and-slices-es","12":"pa_made-in-reino-unido","14":"first","15":"instock","16":"purchasable","17":"product-type-simple"},"supplier_id":null,"supplier_sku":"TPSoap-01","barcode":null,"atum_controlled":true,"out_stock_date":null,"out_stock_threshold":null,"inheritable":false,"inbound_stock":null,"stock_on_hold":0,"sold_today":0,"sales_last_days":0,"reserved_stock":null,"customer_returns":null,"warehouse_damage":null,"lost_in_post":null,"other_logs":null,"out_stock_days":0,"lost_sales":0,"has_location":null,"update_date":"2026-04-27T07:25:15","atum_locations":[],"atum_stock_status":"instock","restock_status":false,"low_stock_amount":"","sales_update_date":"2026-01-30T01:24:57","calc_backorders":null,"_links":{"self":[{"href":"https:\/\/aromasentia.com\/es\/wp-json\/wp\/v2\/product\/237638","targetHints":{"allow":["GET"]}}],"collection":[{"href":"https:\/\/aromasentia.com\/es\/wp-json\/wp\/v2\/product"}],"about":[{"href":"https:\/\/aromasentia.com\/es\/wp-json\/wp\/v2\/types\/product"}],"replies":[{"embeddable":true,"href":"https:\/\/aromasentia.com\/es\/wp-json\/wp\/v2\/comments?post=237638"}],"version-history":[{"count":0,"href":"https:\/\/aromasentia.com\/es\/wp-json\/wp\/v2\/product\/237638\/revisions"}],"wp:featuredmedia":[{"embeddable":true,"href":"https:\/\/aromasentia.com\/es\/wp-json\/wp\/v2\/media\/300364"}],"wp:attachment":[{"href":"https:\/\/aromasentia.com\/es\/wp-json\/wp\/v2\/media?parent=237638"}],"wp:term":[{"taxonomy":"product_brand","embeddable":true,"href":"https:\/\/aromasentia.com\/es\/wp-json\/wp\/v2\/product_brand?post=237638"},{"taxonomy":"product_cat","embeddable":true,"href":"https:\/\/aromasentia.com\/es\/wp-json\/wp\/v2\/product_cat?post=237638"},{"taxonomy":"product_tag","embeddable":true,"href":"https:\/\/aromasentia.com\/es\/wp-json\/wp\/v2\/product_tag?post=237638"}],"curies":[{"name":"wp","href":"https:\/\/api.w.org\/{rel}","templated":true}]}}