{"id":237634,"date":"2025-03-20T17:56:45","date_gmt":"2025-03-20T17:56:45","guid":{"rendered":"https:\/\/aromasentia.com\/product\/tropical-paradise-coco-bath-bombs-pineapple\/"},"modified":"2025-12-30T21:57:23","modified_gmt":"2025-12-30T21:57:23","slug":"bombas-de-bano-de-coco-paraiso-tropical-pina","status":"publish","type":"product","link":"https:\/\/aromasentia.com\/es\/bombas-de-bano-de-coco-paraiso-tropical-pina\/","title":{"rendered":"Bombas de Ba\u00f1o de Coco Para\u00edso Tropical &#8211; Pi\u00f1a"},"content":{"rendered":"<p>Un parfum incroyable de<strong>&nbsp;Bombes de bain Tropical Paradise Coco &#8211; &nbsp;Fraise&nbsp;<\/strong>avec son parfum tropical sucr\u00e9, frais et fruit\u00e9. Bon, on sait bien que les fraises ne sont pas vraiment des fruits tropicaux, mais elles sont tellement sucr\u00e9es et d\u00e9licieusement fruit\u00e9es, avec leur parfum distinctif de fruits verts et leur touche florale, qu&#8217;elles m\u00e9ritent bien le titre honorifique de fruit tropical. Chaque bombe p\u00e8se 180 grammes et contient une bonne dose de beurre de noix de coco pour rendre ta peau plus douce, ainsi que des copeaux de savon color\u00e9s qui aident \u00e0 cr\u00e9er une mousse soyeuse et \u00e0 nettoyer ton corps pendant que tu profites d&#8217;un bain tropical. <\/p>\n<p><span style=\u00ab color: rgb(141, 186, 216); \u00bb><strong>Pour chaque achat de trois bombes de bain de la m\u00eame taille, quelle que soit la gamme, la commande sera livr\u00e9e dans un coffret cadeau en carton naturel gratuit. &nbsp;Liste compl\u00e8te des ingr\u00e9dients en couleur incluse. &nbsp;<\/strong><\/span><\/p>\n","protected":false},"excerpt":{"rendered":"<p>Un parfum incroyable de&nbsp;Bombes de bain Tropical Paradise Coco &#8211; &nbsp;Fraise&nbsp;avec son parfum tropical sucr\u00e9, frais et fruit\u00e9. Bon, on sait bien que les fraises ne sont pas vraiment des fruits tropicaux, mais elles sont tellement sucr\u00e9es et d\u00e9licieusement fruit\u00e9es, avec leur parfum distinctif de fruits verts et leur touche florale, qu&#8217;elles m\u00e9ritent bien le [&hellip;]<\/p>\n","protected":false},"featured_media":300339,"comment_status":"closed","ping_status":"open","template":"","meta":{"_angie_page":false},"product_brand":[],"product_cat":[25844,19453,20515,26849,26497],"product_tag":[],"class_list":{"0":"post-237634","1":"product","2":"type-product","3":"status-publish","4":"has-post-thumbnail","6":"product_cat-aromas","7":"product_cat-bano-y-ducha","8":"product_cat-bombas-de-bano","9":"product_cat-frutal","10":"product_cat-pina","11":"pa_collection-tropical-paradise-coco-bath-bombs-180g-es","12":"pa_made-in-reino-unido","14":"first","15":"instock","16":"purchasable","17":"product-type-simple"},"supplier_id":null,"supplier_sku":"TPCB-08DS","barcode":null,"atum_controlled":true,"out_stock_date":null,"out_stock_threshold":null,"inheritable":false,"inbound_stock":null,"stock_on_hold":0,"sold_today":0,"sales_last_days":0,"reserved_stock":null,"customer_returns":null,"warehouse_damage":null,"lost_in_post":null,"other_logs":null,"out_stock_days":0,"lost_sales":0,"has_location":null,"update_date":"2026-04-27T07:25:15","atum_locations":[],"atum_stock_status":"instock","restock_status":false,"low_stock_amount":"","sales_update_date":"2025-09-05T00:21:14","calc_backorders":null,"_links":{"self":[{"href":"https:\/\/aromasentia.com\/es\/wp-json\/wp\/v2\/product\/237634","targetHints":{"allow":["GET"]}}],"collection":[{"href":"https:\/\/aromasentia.com\/es\/wp-json\/wp\/v2\/product"}],"about":[{"href":"https:\/\/aromasentia.com\/es\/wp-json\/wp\/v2\/types\/product"}],"replies":[{"embeddable":true,"href":"https:\/\/aromasentia.com\/es\/wp-json\/wp\/v2\/comments?post=237634"}],"version-history":[{"count":0,"href":"https:\/\/aromasentia.com\/es\/wp-json\/wp\/v2\/product\/237634\/revisions"}],"wp:featuredmedia":[{"embeddable":true,"href":"https:\/\/aromasentia.com\/es\/wp-json\/wp\/v2\/media\/300339"}],"wp:attachment":[{"href":"https:\/\/aromasentia.com\/es\/wp-json\/wp\/v2\/media?parent=237634"}],"wp:term":[{"taxonomy":"product_brand","embeddable":true,"href":"https:\/\/aromasentia.com\/es\/wp-json\/wp\/v2\/product_brand?post=237634"},{"taxonomy":"product_cat","embeddable":true,"href":"https:\/\/aromasentia.com\/es\/wp-json\/wp\/v2\/product_cat?post=237634"},{"taxonomy":"product_tag","embeddable":true,"href":"https:\/\/aromasentia.com\/es\/wp-json\/wp\/v2\/product_tag?post=237634"}],"curies":[{"name":"wp","href":"https:\/\/api.w.org\/{rel}","templated":true}]}}