{"id":237630,"date":"2025-03-20T17:56:45","date_gmt":"2025-03-20T17:56:45","guid":{"rendered":"https:\/\/aromasentia.com\/product\/tropical-paradise-coco-bath-bombs-strawberry\/"},"modified":"2025-12-30T21:57:15","modified_gmt":"2025-12-30T21:57:15","slug":"bomba-de-bano-de-coco-paraiso-tropical-fresa","status":"publish","type":"product","link":"https:\/\/aromasentia.com\/es\/bomba-de-bano-de-coco-paraiso-tropical-fresa\/","title":{"rendered":"Bomba de Ba\u00f1o de Coco Para\u00edso Tropical &#8211; Fresa"},"content":{"rendered":"<p>Un parfum incroyable de<strong>&nbsp;Tropical Paradise Coco Bath Bombs &#8211; &nbsp;Kiwi Fruit&nbsp;<\/strong>avec sa fragrance tropicale douce, fra\u00eeche et fruit\u00e9e. Chaque bombe p\u00e8se 180 grammes et contient une bonne dose de beurre de noix de coco pour rendre ta peau plus douce, ainsi que des copeaux de savon color\u00e9s qui aident \u00e0 cr\u00e9er une mousse soyeuse et \u00e0 nettoyer ton corps pendant que tu profites d&#8217;un bain tropical. Pour chaque achat de trois bombes de bain de la m\u00eame taille, quelle que soit la gamme, la commande sera livr\u00e9e dans un coffret cadeau en carton naturel gratuit. La liste compl\u00e8te des ingr\u00e9dients est incluse.<\/p>\n","protected":false},"excerpt":{"rendered":"<p>Un parfum incroyable de&nbsp;Tropical Paradise Coco Bath Bombs &#8211; &nbsp;Kiwi Fruit&nbsp;avec sa fragrance tropicale douce, fra\u00eeche et fruit\u00e9e. Chaque bombe p\u00e8se 180 grammes et contient une bonne dose de beurre de noix de coco pour rendre ta peau plus douce, ainsi que des copeaux de savon color\u00e9s qui aident \u00e0 cr\u00e9er une mousse soyeuse et [&hellip;]<\/p>\n","protected":false},"featured_media":300306,"comment_status":"closed","ping_status":"open","template":"","meta":{"_angie_page":false},"product_brand":[],"product_cat":[25844,19453,20515,26544,26849],"product_tag":[],"class_list":{"0":"post-237630","1":"product","2":"type-product","3":"status-publish","4":"has-post-thumbnail","6":"product_cat-aromas","7":"product_cat-bano-y-ducha","8":"product_cat-bombas-de-bano","9":"product_cat-fresa","10":"product_cat-frutal","11":"pa_collection-tropical-paradise-coco-bath-bombs-180g-es","12":"pa_made-in-reino-unido","14":"first","15":"instock","16":"purchasable","17":"product-type-simple"},"supplier_id":null,"supplier_sku":"TPCB-07DS","barcode":null,"atum_controlled":true,"out_stock_date":null,"out_stock_threshold":null,"inheritable":false,"inbound_stock":null,"stock_on_hold":0,"sold_today":0,"sales_last_days":0,"reserved_stock":null,"customer_returns":null,"warehouse_damage":null,"lost_in_post":null,"other_logs":null,"out_stock_days":0,"lost_sales":0,"has_location":null,"update_date":"2026-05-04T00:05:00","atum_locations":[],"atum_stock_status":"instock","restock_status":false,"low_stock_amount":"","sales_update_date":"2025-09-05T00:21:14","calc_backorders":null,"_links":{"self":[{"href":"https:\/\/aromasentia.com\/es\/wp-json\/wp\/v2\/product\/237630","targetHints":{"allow":["GET"]}}],"collection":[{"href":"https:\/\/aromasentia.com\/es\/wp-json\/wp\/v2\/product"}],"about":[{"href":"https:\/\/aromasentia.com\/es\/wp-json\/wp\/v2\/types\/product"}],"replies":[{"embeddable":true,"href":"https:\/\/aromasentia.com\/es\/wp-json\/wp\/v2\/comments?post=237630"}],"version-history":[{"count":0,"href":"https:\/\/aromasentia.com\/es\/wp-json\/wp\/v2\/product\/237630\/revisions"}],"wp:featuredmedia":[{"embeddable":true,"href":"https:\/\/aromasentia.com\/es\/wp-json\/wp\/v2\/media\/300306"}],"wp:attachment":[{"href":"https:\/\/aromasentia.com\/es\/wp-json\/wp\/v2\/media?parent=237630"}],"wp:term":[{"taxonomy":"product_brand","embeddable":true,"href":"https:\/\/aromasentia.com\/es\/wp-json\/wp\/v2\/product_brand?post=237630"},{"taxonomy":"product_cat","embeddable":true,"href":"https:\/\/aromasentia.com\/es\/wp-json\/wp\/v2\/product_cat?post=237630"},{"taxonomy":"product_tag","embeddable":true,"href":"https:\/\/aromasentia.com\/es\/wp-json\/wp\/v2\/product_tag?post=237630"}],"curies":[{"name":"wp","href":"https:\/\/api.w.org\/{rel}","templated":true}]}}