{"id":237622,"date":"2025-03-20T17:57:18","date_gmt":"2025-03-20T17:57:18","guid":{"rendered":"https:\/\/aromasentia.com\/product\/tropical-paradise-soap-loaf-strawberry\/"},"modified":"2025-12-30T21:57:15","modified_gmt":"2025-12-30T21:57:15","slug":"jabon-paraiso-tropical-fresa","status":"publish","type":"product","link":"https:\/\/aromasentia.com\/es\/jabon-paraiso-tropical-fresa\/","title":{"rendered":"Jab\u00f3n paraiso tropical &#8211; Fresa"},"content":{"rendered":"<p>La fresa tiene m\u00faltiples beneficios para la piel, como sus <strong>propiedades antinflamatorias o antioxidantes. <\/strong><\/p>\n<p>El jab\u00f3n de fresa de Aroma Sentia huele incre\u00edble y aportar\u00e1 a sus clientes una piel hidratada y limpia.&nbsp;<\/p>\n<p>Tenga en cuenta que este jab\u00f3n ha sido <strong>elaborado artesanalmente.<\/strong><\/p>\n<p>Se suministra en barra de 1,2 kilos . Puedes obtener &nbsp;12 trozos de jab\u00f3n de 100 gramos cada una (peso aprox.)&nbsp;<\/p>\n<p>M\u00e1s abajo, podr\u00e1 encontrar otros jabones tropicales que puede que le interesen. \u2b07\ufe0f<\/p>\n<p><strong>Solo venta al por mayor.&nbsp;<\/strong><\/p>\n","protected":false},"excerpt":{"rendered":"<p>La fresa tiene m\u00faltiples beneficios para la piel, como sus propiedades antinflamatorias o antioxidantes. El jab\u00f3n de fresa de Aroma Sentia huele incre\u00edble y aportar\u00e1 a sus clientes una piel hidratada y limpia.&nbsp; Tenga en cuenta que este jab\u00f3n ha sido elaborado artesanalmente. Se suministra en barra de 1,2 kilos . Puedes obtener &nbsp;12 trozos [&hellip;]<\/p>\n","protected":false},"featured_media":300554,"comment_status":"closed","ping_status":"open","template":"","meta":{"_angie_page":false},"product_brand":[],"product_cat":[25844,19453,26544,26849,20592],"product_tag":[],"class_list":{"0":"post-237622","1":"product","2":"type-product","3":"status-publish","4":"has-post-thumbnail","6":"product_cat-aromas","7":"product_cat-bano-y-ducha","8":"product_cat-fresa","9":"product_cat-frutal","10":"product_cat-jabones-ecologicos-naturales","11":"pa_collection-tropical-paradise-soap-loaves-1-3kg-and-slices-es","12":"pa_made-in-reino-unido","14":"first","15":"instock","16":"purchasable","17":"product-type-simple"},"supplier_id":null,"supplier_sku":"TPSoap-07","barcode":null,"atum_controlled":true,"out_stock_date":null,"out_stock_threshold":null,"inheritable":false,"inbound_stock":null,"stock_on_hold":0,"sold_today":0,"sales_last_days":0,"reserved_stock":null,"customer_returns":null,"warehouse_damage":null,"lost_in_post":null,"other_logs":null,"out_stock_days":0,"lost_sales":0,"has_location":null,"update_date":"2026-05-02T13:05:40","atum_locations":[],"atum_stock_status":"instock","restock_status":false,"low_stock_amount":"","sales_update_date":"2025-09-05T00:21:16","calc_backorders":null,"_links":{"self":[{"href":"https:\/\/aromasentia.com\/es\/wp-json\/wp\/v2\/product\/237622","targetHints":{"allow":["GET"]}}],"collection":[{"href":"https:\/\/aromasentia.com\/es\/wp-json\/wp\/v2\/product"}],"about":[{"href":"https:\/\/aromasentia.com\/es\/wp-json\/wp\/v2\/types\/product"}],"replies":[{"embeddable":true,"href":"https:\/\/aromasentia.com\/es\/wp-json\/wp\/v2\/comments?post=237622"}],"version-history":[{"count":0,"href":"https:\/\/aromasentia.com\/es\/wp-json\/wp\/v2\/product\/237622\/revisions"}],"wp:featuredmedia":[{"embeddable":true,"href":"https:\/\/aromasentia.com\/es\/wp-json\/wp\/v2\/media\/300554"}],"wp:attachment":[{"href":"https:\/\/aromasentia.com\/es\/wp-json\/wp\/v2\/media?parent=237622"}],"wp:term":[{"taxonomy":"product_brand","embeddable":true,"href":"https:\/\/aromasentia.com\/es\/wp-json\/wp\/v2\/product_brand?post=237622"},{"taxonomy":"product_cat","embeddable":true,"href":"https:\/\/aromasentia.com\/es\/wp-json\/wp\/v2\/product_cat?post=237622"},{"taxonomy":"product_tag","embeddable":true,"href":"https:\/\/aromasentia.com\/es\/wp-json\/wp\/v2\/product_tag?post=237622"}],"curies":[{"name":"wp","href":"https:\/\/api.w.org\/{rel}","templated":true}]}}