{"id":237590,"date":"2025-03-20T17:57:48","date_gmt":"2025-03-20T17:57:48","guid":{"rendered":"https:\/\/aromasentia.com\/product\/tropical-paradise-soap-slice-watermelon\/"},"modified":"2025-12-30T21:57:07","modified_gmt":"2025-12-30T21:57:07","slug":"rodaja-de-jabon-paraiso-tropical-sandia","status":"publish","type":"product","link":"https:\/\/aromasentia.com\/es\/rodaja-de-jabon-paraiso-tropical-sandia\/","title":{"rendered":"Rodaja de Jab\u00f3n Para\u00edso Tropical &#8211; Sand\u00eda"},"content":{"rendered":"<p>Un savon merveilleux qui d\u00e9gage un parfum incroyable de past\u00e8que avec une fragrance tropicale douce et fruit\u00e9e, rempli de graines de pavot pour exfolier les peaux mortes et laisser la peau lisse et brillante ! Avec nos parfums de fruits tropicaux, tes mains, ton corps et ton esprit se sentiront propres, nourris et hydrat\u00e9s. Les savons sont vendus emball\u00e9s dans du papier cir\u00e9 avec une \u00e9tiquette indiquant les ingr\u00e9dients et p\u00e8sent environ 115 g par tranche.<\/p>\n","protected":false},"excerpt":{"rendered":"<p>Un savon merveilleux qui d\u00e9gage un parfum incroyable de past\u00e8que avec une fragrance tropicale douce et fruit\u00e9e, rempli de graines de pavot pour exfolier les peaux mortes et laisser la peau lisse et brillante ! Avec nos parfums de fruits tropicaux, tes mains, ton corps et ton esprit se sentiront propres, nourris et hydrat\u00e9s. Les [&hellip;]<\/p>\n","protected":false},"featured_media":300620,"comment_status":"closed","ping_status":"open","template":"","meta":{"_angie_page":false},"product_brand":[],"product_cat":[25844,19453,26849,20592,26500],"product_tag":[],"class_list":{"0":"post-237590","1":"product","2":"type-product","3":"status-publish","4":"has-post-thumbnail","6":"product_cat-aromas","7":"product_cat-bano-y-ducha","8":"product_cat-frutal","9":"product_cat-jabones-ecologicos-naturales","10":"product_cat-sandia","11":"pa_collection-tropical-paradise-soap-loaves-1-3kg-and-slices-es","12":"pa_made-in-reino-unido","14":"first","15":"instock","16":"purchasable","17":"product-type-simple"},"supplier_id":null,"supplier_sku":"DSTPSoap-01","barcode":null,"atum_controlled":true,"out_stock_date":null,"out_stock_threshold":null,"inheritable":false,"inbound_stock":null,"stock_on_hold":0,"sold_today":0,"sales_last_days":0,"reserved_stock":null,"customer_returns":null,"warehouse_damage":null,"lost_in_post":null,"other_logs":null,"out_stock_days":0,"lost_sales":0,"has_location":null,"update_date":"2026-04-27T06:59:51","atum_locations":[],"atum_stock_status":"instock","restock_status":false,"low_stock_amount":"","sales_update_date":"2026-01-30T01:25:27","calc_backorders":null,"_links":{"self":[{"href":"https:\/\/aromasentia.com\/es\/wp-json\/wp\/v2\/product\/237590","targetHints":{"allow":["GET"]}}],"collection":[{"href":"https:\/\/aromasentia.com\/es\/wp-json\/wp\/v2\/product"}],"about":[{"href":"https:\/\/aromasentia.com\/es\/wp-json\/wp\/v2\/types\/product"}],"replies":[{"embeddable":true,"href":"https:\/\/aromasentia.com\/es\/wp-json\/wp\/v2\/comments?post=237590"}],"version-history":[{"count":0,"href":"https:\/\/aromasentia.com\/es\/wp-json\/wp\/v2\/product\/237590\/revisions"}],"wp:featuredmedia":[{"embeddable":true,"href":"https:\/\/aromasentia.com\/es\/wp-json\/wp\/v2\/media\/300620"}],"wp:attachment":[{"href":"https:\/\/aromasentia.com\/es\/wp-json\/wp\/v2\/media?parent=237590"}],"wp:term":[{"taxonomy":"product_brand","embeddable":true,"href":"https:\/\/aromasentia.com\/es\/wp-json\/wp\/v2\/product_brand?post=237590"},{"taxonomy":"product_cat","embeddable":true,"href":"https:\/\/aromasentia.com\/es\/wp-json\/wp\/v2\/product_cat?post=237590"},{"taxonomy":"product_tag","embeddable":true,"href":"https:\/\/aromasentia.com\/es\/wp-json\/wp\/v2\/product_tag?post=237590"}],"curies":[{"name":"wp","href":"https:\/\/api.w.org\/{rel}","templated":true}]}}