{"id":237574,"date":"2025-03-20T17:58:22","date_gmt":"2025-03-20T17:58:22","guid":{"rendered":"https:\/\/aromasentia.com\/product\/tropical-paradise-soap-slice-strawberry\/"},"modified":"2025-12-30T21:57:07","modified_gmt":"2025-12-30T21:57:07","slug":"rodaja-de-jabon-paraiso-tropical-fresa","status":"publish","type":"product","link":"https:\/\/aromasentia.com\/es\/rodaja-de-jabon-paraiso-tropical-fresa\/","title":{"rendered":"Rodaja de Jab\u00f3n Para\u00edso Tropical &#8211; Fresa"},"content":{"rendered":"<p>Bon, on sait bien que les fraises ne sont pas vraiment des fruits tropicaux, mais elles sont tellement <strong>sucr\u00e9es et d\u00e9licieusement fruit\u00e9es<\/strong>, avec leur parfum caract\u00e9ristique de fruits verts et leur touche florale, qu&#8217;elles m\u00e9ritent bien le titre honorifique de fruit tropical. Elles sont remplies de graines de pavot pour exfolier les peaux mortes et rendre la peau lisse et brillante. Avec nos parfums de fruits tropicaux, tes mains, ton corps et ton \u00e2me se sentiront purifi\u00e9s, nourris et hydrat\u00e9s.&nbsp;<\/p>\n<p>Les savons sont vendus emball\u00e9s dans du papier cir\u00e9 avec une \u00e9tiquette indiquant les ingr\u00e9dients et p\u00e8sent environ 115 g par savon.&nbsp;<\/p>\n<p><strong>REMARQUE : nos savons sont faits \u00e0 la main, leur couleur ou leur design peut \u00eatre un peu diff\u00e9rent des photos.&nbsp;<\/p>\n","protected":false},"excerpt":{"rendered":"<p>Bon, on sait bien que les fraises ne sont pas vraiment des fruits tropicaux, mais elles sont tellement sucr\u00e9es et d\u00e9licieusement fruit\u00e9es, avec leur parfum caract\u00e9ristique de fruits verts et leur touche florale, qu&#8217;elles m\u00e9ritent bien le titre honorifique de fruit tropical. Elles sont remplies de graines de pavot pour exfolier les peaux mortes et [&hellip;]<\/p>\n","protected":false},"featured_media":300810,"comment_status":"closed","ping_status":"open","template":"","meta":{"_angie_page":false},"product_brand":[],"product_cat":[25844,19453,26544,26849,20592],"product_tag":[],"class_list":{"0":"post-237574","1":"product","2":"type-product","3":"status-publish","4":"has-post-thumbnail","6":"product_cat-aromas","7":"product_cat-bano-y-ducha","8":"product_cat-fresa","9":"product_cat-frutal","10":"product_cat-jabones-ecologicos-naturales","11":"pa_collection-tropical-paradise-soap-loaves-1-3kg-and-slices-es","12":"pa_made-in-reino-unido","14":"first","15":"instock","16":"purchasable","17":"product-type-simple"},"supplier_id":null,"supplier_sku":"DSTPSoap-07","barcode":null,"atum_controlled":true,"out_stock_date":null,"out_stock_threshold":null,"inheritable":false,"inbound_stock":null,"stock_on_hold":0,"sold_today":0,"sales_last_days":0,"reserved_stock":null,"customer_returns":null,"warehouse_damage":null,"lost_in_post":null,"other_logs":null,"out_stock_days":0,"lost_sales":0,"has_location":null,"update_date":"2026-04-27T06:59:51","atum_locations":[],"atum_stock_status":"instock","restock_status":false,"low_stock_amount":"","sales_update_date":"2026-01-30T01:25:27","calc_backorders":null,"_links":{"self":[{"href":"https:\/\/aromasentia.com\/es\/wp-json\/wp\/v2\/product\/237574","targetHints":{"allow":["GET"]}}],"collection":[{"href":"https:\/\/aromasentia.com\/es\/wp-json\/wp\/v2\/product"}],"about":[{"href":"https:\/\/aromasentia.com\/es\/wp-json\/wp\/v2\/types\/product"}],"replies":[{"embeddable":true,"href":"https:\/\/aromasentia.com\/es\/wp-json\/wp\/v2\/comments?post=237574"}],"version-history":[{"count":0,"href":"https:\/\/aromasentia.com\/es\/wp-json\/wp\/v2\/product\/237574\/revisions"}],"wp:featuredmedia":[{"embeddable":true,"href":"https:\/\/aromasentia.com\/es\/wp-json\/wp\/v2\/media\/300810"}],"wp:attachment":[{"href":"https:\/\/aromasentia.com\/es\/wp-json\/wp\/v2\/media?parent=237574"}],"wp:term":[{"taxonomy":"product_brand","embeddable":true,"href":"https:\/\/aromasentia.com\/es\/wp-json\/wp\/v2\/product_brand?post=237574"},{"taxonomy":"product_cat","embeddable":true,"href":"https:\/\/aromasentia.com\/es\/wp-json\/wp\/v2\/product_cat?post=237574"},{"taxonomy":"product_tag","embeddable":true,"href":"https:\/\/aromasentia.com\/es\/wp-json\/wp\/v2\/product_tag?post=237574"}],"curies":[{"name":"wp","href":"https:\/\/api.w.org\/{rel}","templated":true}]}}