{"id":237554,"date":"2025-03-20T17:58:52","date_gmt":"2025-03-20T17:58:52","guid":{"rendered":"https:\/\/aromasentia.com\/product\/vitamin-c-goddesss-body-lotion-orange-lemon\/"},"modified":"2025-12-30T21:57:07","modified_gmt":"2025-12-30T21:57:07","slug":"locion-corporal-con-vitamina-c-naranja-y-limon","status":"publish","type":"product","link":"https:\/\/aromasentia.com\/es\/locion-corporal-con-vitamina-c-naranja-y-limon\/","title":{"rendered":"Locion Corporal con Vitamina C &#8211; Naranja y Limon"},"content":{"rendered":"<p><strong>Caracter\u00edsticas principales:<\/strong><\/p>\n<p><strong>Enriquecido con vitamina C: <\/strong>&nbsp;esta loci\u00f3n corporal, enriquecida con vitamina C, ayuda a iluminar la piel, reducir los signos del envejecimiento y promover una tez saludable y radiante.<\/p>\n<p><strong>Mezcla de aceites esenciales:<\/strong>&nbsp;formulada con aceite de c\u00e1scara de naranja y aceite de c\u00e1scara de lim\u00f3n, que ofrece un aroma c\u00edtrico refrescante al tiempo que proporciona beneficios antioxidantes y antis\u00e9pticos.<\/p>\n<p><strong>Ingredientes nutritivos:<\/strong>&nbsp;Contiene aceite de semilla de girasol y aceite de rosa mosqueta, que son ricos en \u00e1cidos grasos esenciales y vitaminas, hidratando y nutriendo profundamente la piel.<\/p>\n<p>Suave e hidratante: &nbsp;una textura suave y cremosa que se absorbe r\u00e1pidamente en la piel, dej\u00e1ndola suave e hidratada sin dejar residuos grasos.<\/p>\n<p><strong>Beneficios de la aromaterapia:<\/strong> Enriquecido con compuestos naturales como limoneno, linalol y citral, que ofrecen efectos de aromaterapia calmantes y estimulantes, mejorando la experiencia sensorial general.&nbsp;<\/p>\n","protected":false},"excerpt":{"rendered":"<p>Caracter\u00edsticas principales: Enriquecido con vitamina C: &nbsp;esta loci\u00f3n corporal, enriquecida con vitamina C, ayuda a iluminar la piel, reducir los signos del envejecimiento y promover una tez saludable y radiante. Mezcla de aceites esenciales:&nbsp;formulada con aceite de c\u00e1scara de naranja y aceite de c\u00e1scara de lim\u00f3n, que ofrece un aroma c\u00edtrico refrescante al tiempo que [&hellip;]<\/p>\n","protected":false},"featured_media":300959,"comment_status":"closed","ping_status":"open","template":"","meta":{"_angie_page":false},"product_brand":[27071],"product_cat":[25844,19453,26821,26236,26309],"product_tag":[],"class_list":{"0":"post-237554","1":"product","2":"type-product","3":"status-publish","4":"has-post-thumbnail","6":"product_brand-aw-cosmetics","7":"product_cat-aromas","8":"product_cat-bano-y-ducha","9":"product_cat-citrico","10":"product_cat-limon","11":"product_cat-naranja","12":"pa_collection-vitamin-c-skincare-line-es","13":"pa_made-in-reino-unido","15":"first","16":"instock","17":"purchasable","18":"product-type-simple"},"supplier_id":null,"supplier_sku":"VitC-03","barcode":null,"atum_controlled":true,"out_stock_date":null,"out_stock_threshold":null,"inheritable":false,"inbound_stock":null,"stock_on_hold":0,"sold_today":0,"sales_last_days":0,"reserved_stock":null,"customer_returns":null,"warehouse_damage":null,"lost_in_post":null,"other_logs":null,"out_stock_days":0,"lost_sales":0,"has_location":null,"update_date":"2026-05-04T00:05:00","atum_locations":[],"atum_stock_status":"instock","restock_status":false,"low_stock_amount":"","sales_update_date":"2026-01-30T01:24:59","calc_backorders":null,"_links":{"self":[{"href":"https:\/\/aromasentia.com\/es\/wp-json\/wp\/v2\/product\/237554","targetHints":{"allow":["GET"]}}],"collection":[{"href":"https:\/\/aromasentia.com\/es\/wp-json\/wp\/v2\/product"}],"about":[{"href":"https:\/\/aromasentia.com\/es\/wp-json\/wp\/v2\/types\/product"}],"replies":[{"embeddable":true,"href":"https:\/\/aromasentia.com\/es\/wp-json\/wp\/v2\/comments?post=237554"}],"version-history":[{"count":0,"href":"https:\/\/aromasentia.com\/es\/wp-json\/wp\/v2\/product\/237554\/revisions"}],"wp:featuredmedia":[{"embeddable":true,"href":"https:\/\/aromasentia.com\/es\/wp-json\/wp\/v2\/media\/300959"}],"wp:attachment":[{"href":"https:\/\/aromasentia.com\/es\/wp-json\/wp\/v2\/media?parent=237554"}],"wp:term":[{"taxonomy":"product_brand","embeddable":true,"href":"https:\/\/aromasentia.com\/es\/wp-json\/wp\/v2\/product_brand?post=237554"},{"taxonomy":"product_cat","embeddable":true,"href":"https:\/\/aromasentia.com\/es\/wp-json\/wp\/v2\/product_cat?post=237554"},{"taxonomy":"product_tag","embeddable":true,"href":"https:\/\/aromasentia.com\/es\/wp-json\/wp\/v2\/product_tag?post=237554"}],"curies":[{"name":"wp","href":"https:\/\/api.w.org\/{rel}","templated":true}]}}