{"id":237550,"date":"2025-03-20T17:58:52","date_gmt":"2025-03-20T17:58:52","guid":{"rendered":"https:\/\/aromasentia.com\/product\/brightening-vitamin-c-hand-soap-with-essential-oils\/"},"modified":"2025-12-30T21:56:59","modified_gmt":"2025-12-30T21:56:59","slug":"jabon-de-manos-con-vitamina-c-y-aceites-esenciales","status":"publish","type":"product","link":"https:\/\/aromasentia.com\/es\/jabon-de-manos-con-vitamina-c-y-aceites-esenciales\/","title":{"rendered":"Jabon de Manos con Vitamina C y Aceites Esenciales"},"content":{"rendered":"<p><strong>Caracter\u00edsticas principales:<\/strong><\/p>\n<p><strong>Enriquecido con vitamina C:<\/strong>&nbsp;este jab\u00f3n de manos, enriquecido con vitamina C, ayuda a iluminar la piel, reducir los signos del envejecimiento y promover una tez saludable y radiante.<\/p>\n<p><strong>Mezcla de aceites esenciales: <\/strong>formulado con aceite de c\u00e1scara de naranja y aceite de c\u00e1scara de lim\u00f3n, este jab\u00f3n de manos proporciona una fragancia c\u00edtrica refrescante al tiempo que ofrece beneficios antioxidantes y antis\u00e9pticos.<\/p>\n<p><strong>Limpieza profunda:<\/strong> &nbsp;contiene tensioactivos suaves que crean una abundante espuma, eliminando eficazmente la suciedad y las impurezas sin despojar a la piel de sus aceites naturales.<\/p>\n<p><strong>Hidratante y nutritivo<\/strong>&nbsp;: enriquecido con glicerina, que ayuda a retener la humedad, manteniendo la piel suave, tersa e hidratada durante todo el d\u00eda.<\/p>\n<p><strong>Beneficios de la aromaterapia : <\/strong>infundido con compuestos naturales como limoneno, linalol y citral, que ofrecen efectos de aromaterapia calmantes y estimulantes, mejorando la experiencia sensorial general.<\/p>\n","protected":false},"excerpt":{"rendered":"<p>Caracter\u00edsticas principales: Enriquecido con vitamina C:&nbsp;este jab\u00f3n de manos, enriquecido con vitamina C, ayuda a iluminar la piel, reducir los signos del envejecimiento y promover una tez saludable y radiante. Mezcla de aceites esenciales: formulado con aceite de c\u00e1scara de naranja y aceite de c\u00e1scara de lim\u00f3n, este jab\u00f3n de manos proporciona una fragancia c\u00edtrica [&hellip;]<\/p>\n","protected":false},"featured_media":300926,"comment_status":"closed","ping_status":"open","template":"","meta":{"_angie_page":false},"product_brand":[27071],"product_cat":[19453,20592],"product_tag":[],"class_list":{"0":"post-237550","1":"product","2":"type-product","3":"status-publish","4":"has-post-thumbnail","6":"product_brand-aw-cosmetics","7":"product_cat-bano-y-ducha","8":"product_cat-jabones-ecologicos-naturales","9":"pa_collection-vitamin-c-skincare-line-es","10":"pa_made-in-reino-unido","12":"first","13":"instock","14":"purchasable","15":"product-type-simple"},"supplier_id":null,"supplier_sku":"Vitc-05","barcode":null,"atum_controlled":true,"out_stock_date":null,"out_stock_threshold":null,"inheritable":false,"inbound_stock":null,"stock_on_hold":0,"sold_today":0,"sales_last_days":0,"reserved_stock":null,"customer_returns":null,"warehouse_damage":null,"lost_in_post":null,"other_logs":null,"out_stock_days":0,"lost_sales":0,"has_location":null,"update_date":"2026-04-27T07:26:20","atum_locations":[],"atum_stock_status":"instock","restock_status":false,"low_stock_amount":"","sales_update_date":"2025-09-05T00:21:17","calc_backorders":null,"_links":{"self":[{"href":"https:\/\/aromasentia.com\/es\/wp-json\/wp\/v2\/product\/237550","targetHints":{"allow":["GET"]}}],"collection":[{"href":"https:\/\/aromasentia.com\/es\/wp-json\/wp\/v2\/product"}],"about":[{"href":"https:\/\/aromasentia.com\/es\/wp-json\/wp\/v2\/types\/product"}],"replies":[{"embeddable":true,"href":"https:\/\/aromasentia.com\/es\/wp-json\/wp\/v2\/comments?post=237550"}],"version-history":[{"count":0,"href":"https:\/\/aromasentia.com\/es\/wp-json\/wp\/v2\/product\/237550\/revisions"}],"wp:featuredmedia":[{"embeddable":true,"href":"https:\/\/aromasentia.com\/es\/wp-json\/wp\/v2\/media\/300926"}],"wp:attachment":[{"href":"https:\/\/aromasentia.com\/es\/wp-json\/wp\/v2\/media?parent=237550"}],"wp:term":[{"taxonomy":"product_brand","embeddable":true,"href":"https:\/\/aromasentia.com\/es\/wp-json\/wp\/v2\/product_brand?post=237550"},{"taxonomy":"product_cat","embeddable":true,"href":"https:\/\/aromasentia.com\/es\/wp-json\/wp\/v2\/product_cat?post=237550"},{"taxonomy":"product_tag","embeddable":true,"href":"https:\/\/aromasentia.com\/es\/wp-json\/wp\/v2\/product_tag?post=237550"}],"curies":[{"name":"wp","href":"https:\/\/api.w.org\/{rel}","templated":true}]}}