{"id":237510,"date":"2025-03-20T17:59:53","date_gmt":"2025-03-20T17:59:53","guid":{"rendered":"https:\/\/aromasentia.com\/product\/pink-lemonade-whipped-cream-soap-120g\/"},"modified":"2025-12-30T21:56:51","modified_gmt":"2025-12-30T21:56:51","slug":"jabon-batido-chantilly-limon-sherbet-120g","status":"publish","type":"product","link":"https:\/\/aromasentia.com\/es\/jabon-batido-chantilly-limon-sherbet-120g\/","title":{"rendered":"Jab\u00f3n Batido Chantilly  &#8211; Lim\u00f3n Sherbet 120g"},"content":{"rendered":"<p>Cuidar la piel de tus clientes nunca fue tan placentero y sencillo! <strong>A<\/strong><strong>W Artisan Espa\u00f1a<\/strong> os presenta nuestro Jab\u00f3n Chantilly 100% artesanal, con fragancia irresistible de sorbete de lim\u00f3n. Este jab\u00f3n es apto para todo tipo de piel, hidratante y suave al tacto.<\/p>\n<p><strong>Medidas del producto: 6x6cm<\/strong><\/p>\n<p><strong>Producto hecho a mano, vegano y fabricado en Inglaterra.&nbsp;<\/strong><\/p>\n<p><strong>Producto no testado en animales, no contiene SLS ni parabenos.<\/strong><\/p>\n<p><strong>\u00bfC\u00f3mo introducir este producto en mi cat\u00e1logo?<\/strong><\/p>\n<p>Crea promociones por tiempo limitado, como &quot;compra 2 y ll\u00e9vate el tercero con descuento&quot;, para dar a conocer este producto a sus clientes, de esta forma probar\u00e1n su calidad y podr\u00e1s testar el mercado.&nbsp;<\/p>\n","protected":false},"excerpt":{"rendered":"<p>Cuidar la piel de tus clientes nunca fue tan placentero y sencillo! AW Artisan Espa\u00f1a os presenta nuestro Jab\u00f3n Chantilly 100% artesanal, con fragancia irresistible de sorbete de lim\u00f3n. Este jab\u00f3n es apto para todo tipo de piel, hidratante y suave al tacto. Medidas del producto: 6x6cm Producto hecho a mano, vegano y fabricado en [&hellip;]<\/p>\n","protected":false},"featured_media":301315,"comment_status":"closed","ping_status":"open","template":"","meta":{"_angie_page":false},"product_brand":[],"product_cat":[25844,19453,26821,20592,26236],"product_tag":[],"class_list":{"0":"post-237510","1":"product","2":"type-product","3":"status-publish","4":"has-post-thumbnail","6":"product_cat-aromas","7":"product_cat-bano-y-ducha","8":"product_cat-citrico","9":"product_cat-jabones-ecologicos-naturales","10":"product_cat-limon","11":"pa_collection-whipped-cream-soap-es","12":"pa_made-in-reino-unido","14":"first","15":"instock","16":"purchasable","17":"product-type-simple"},"supplier_id":null,"supplier_sku":"WCS-04","barcode":null,"atum_controlled":true,"out_stock_date":null,"out_stock_threshold":null,"inheritable":false,"inbound_stock":null,"stock_on_hold":0,"sold_today":0,"sales_last_days":0,"reserved_stock":null,"customer_returns":null,"warehouse_damage":null,"lost_in_post":null,"other_logs":null,"out_stock_days":0,"lost_sales":0,"has_location":null,"update_date":"2026-04-27T07:26:52","atum_locations":[],"atum_stock_status":"instock","restock_status":false,"low_stock_amount":"","sales_update_date":"2025-09-05T00:21:20","calc_backorders":null,"_links":{"self":[{"href":"https:\/\/aromasentia.com\/es\/wp-json\/wp\/v2\/product\/237510","targetHints":{"allow":["GET"]}}],"collection":[{"href":"https:\/\/aromasentia.com\/es\/wp-json\/wp\/v2\/product"}],"about":[{"href":"https:\/\/aromasentia.com\/es\/wp-json\/wp\/v2\/types\/product"}],"replies":[{"embeddable":true,"href":"https:\/\/aromasentia.com\/es\/wp-json\/wp\/v2\/comments?post=237510"}],"version-history":[{"count":0,"href":"https:\/\/aromasentia.com\/es\/wp-json\/wp\/v2\/product\/237510\/revisions"}],"wp:featuredmedia":[{"embeddable":true,"href":"https:\/\/aromasentia.com\/es\/wp-json\/wp\/v2\/media\/301315"}],"wp:attachment":[{"href":"https:\/\/aromasentia.com\/es\/wp-json\/wp\/v2\/media?parent=237510"}],"wp:term":[{"taxonomy":"product_brand","embeddable":true,"href":"https:\/\/aromasentia.com\/es\/wp-json\/wp\/v2\/product_brand?post=237510"},{"taxonomy":"product_cat","embeddable":true,"href":"https:\/\/aromasentia.com\/es\/wp-json\/wp\/v2\/product_cat?post=237510"},{"taxonomy":"product_tag","embeddable":true,"href":"https:\/\/aromasentia.com\/es\/wp-json\/wp\/v2\/product_tag?post=237510"}],"curies":[{"name":"wp","href":"https:\/\/api.w.org\/{rel}","templated":true}]}}