{"id":237502,"date":"2025-03-21T00:55:00","date_gmt":"2025-03-21T00:55:00","guid":{"rendered":"https:\/\/aromasentia.com\/product\/blueberry-whipped-cream-soap-120g\/"},"modified":"2025-12-30T21:56:51","modified_gmt":"2025-12-30T21:56:51","slug":"jabon-batido-chantilly-explosion-de-arandanos-120g","status":"publish","type":"product","link":"https:\/\/aromasentia.com\/es\/jabon-batido-chantilly-explosion-de-arandanos-120g\/","title":{"rendered":"Jab\u00f3n Batido Chantilly &#8211; Explosi\u00f3n de Ar\u00e1ndanos 120g"},"content":{"rendered":"<p>Si eres una tienda que busca ofrecer una mejor experiencia a tus clientes con tus productos, a\u00f1ade a tu cat\u00e1logo los jabones batidos de explosi\u00f3n de ar\u00e1ndonos de <strong>Aroma Sentia Espa\u00f1a.<\/strong><\/p>\n<p>Estos jabones artesanales son ideales para spas, boutiques o tiendas de cosm\u00e9ticos.&nbsp;<\/p>\n<p><strong>Medidas del producto: 6x6cm<\/strong><\/p>\n<p><strong>Producto hecho a mano, vegano y fabricado en Inglaterra.&nbsp;<\/strong><\/p>\n<p><strong>Producto no testado en animales, no contiene SLS ni parabenos.<\/strong><\/p>\n<p><strong>\u00a1Destaca de la competencia con productos de ba\u00f1o excluivos!<\/strong><\/p>\n","protected":false},"excerpt":{"rendered":"<p>Si eres una tienda que busca ofrecer una mejor experiencia a tus clientes con tus productos, a\u00f1ade a tu cat\u00e1logo los jabones batidos de explosi\u00f3n de ar\u00e1ndonos de Aroma Sentia Espa\u00f1a. Estos jabones artesanales son ideales para spas, boutiques o tiendas de cosm\u00e9ticos.&nbsp; Medidas del producto: 6x6cm Producto hecho a mano, vegano y fabricado en [&hellip;]<\/p>\n","protected":false},"featured_media":301616,"comment_status":"closed","ping_status":"open","template":"","meta":{"_angie_page":false},"product_brand":[],"product_cat":[19453,20592],"product_tag":[],"class_list":{"0":"post-237502","1":"product","2":"type-product","3":"status-publish","4":"has-post-thumbnail","6":"product_cat-bano-y-ducha","7":"product_cat-jabones-ecologicos-naturales","8":"pa_collection-whipped-cream-soap-es","9":"pa_made-in-reino-unido","11":"first","12":"instock","13":"purchasable","14":"product-type-simple"},"supplier_id":null,"supplier_sku":"WCS-07","barcode":null,"atum_controlled":true,"out_stock_date":null,"out_stock_threshold":null,"inheritable":false,"inbound_stock":null,"stock_on_hold":0,"sold_today":0,"sales_last_days":0,"reserved_stock":null,"customer_returns":null,"warehouse_damage":null,"lost_in_post":null,"other_logs":null,"out_stock_days":0,"lost_sales":0,"has_location":null,"update_date":"2026-04-27T07:26:52","atum_locations":[],"atum_stock_status":"instock","restock_status":false,"low_stock_amount":"","sales_update_date":"2025-09-05T00:21:22","calc_backorders":null,"_links":{"self":[{"href":"https:\/\/aromasentia.com\/es\/wp-json\/wp\/v2\/product\/237502","targetHints":{"allow":["GET"]}}],"collection":[{"href":"https:\/\/aromasentia.com\/es\/wp-json\/wp\/v2\/product"}],"about":[{"href":"https:\/\/aromasentia.com\/es\/wp-json\/wp\/v2\/types\/product"}],"replies":[{"embeddable":true,"href":"https:\/\/aromasentia.com\/es\/wp-json\/wp\/v2\/comments?post=237502"}],"version-history":[{"count":0,"href":"https:\/\/aromasentia.com\/es\/wp-json\/wp\/v2\/product\/237502\/revisions"}],"wp:featuredmedia":[{"embeddable":true,"href":"https:\/\/aromasentia.com\/es\/wp-json\/wp\/v2\/media\/301616"}],"wp:attachment":[{"href":"https:\/\/aromasentia.com\/es\/wp-json\/wp\/v2\/media?parent=237502"}],"wp:term":[{"taxonomy":"product_brand","embeddable":true,"href":"https:\/\/aromasentia.com\/es\/wp-json\/wp\/v2\/product_brand?post=237502"},{"taxonomy":"product_cat","embeddable":true,"href":"https:\/\/aromasentia.com\/es\/wp-json\/wp\/v2\/product_cat?post=237502"},{"taxonomy":"product_tag","embeddable":true,"href":"https:\/\/aromasentia.com\/es\/wp-json\/wp\/v2\/product_tag?post=237502"}],"curies":[{"name":"wp","href":"https:\/\/api.w.org\/{rel}","templated":true}]}}