{"id":237498,"date":"2025-03-21T00:55:00","date_gmt":"2025-03-21T00:55:00","guid":{"rendered":"https:\/\/aromasentia.com\/product\/mango-lime-whipped-cream-soap-120g\/"},"modified":"2025-12-30T21:56:51","modified_gmt":"2025-12-30T21:56:51","slug":"jabon-batido-chantilly-mango-y-lima-120g","status":"publish","type":"product","link":"https:\/\/aromasentia.com\/es\/jabon-batido-chantilly-mango-y-lima-120g\/","title":{"rendered":"Jab\u00f3n Batido Chantilly &#8211; Mango y Lima 120g"},"content":{"rendered":"<p>Haz que tu tienda destaque por la calidad de los productos de ba\u00f1o. Ofrece tus clientes productos artesanales, con ingredientes de calidad y aromas diferentes. Este jab\u00f3n tiene un aroma de mango tropical y lima.<\/p>\n<p><strong>Medidas del producto: 6x6cm<\/strong><\/p>\n<p><strong>Producto hecho a mano, vegano y fabricado en Inglaterra.&nbsp;<\/strong><\/p>\n<p><strong>Producto no testado en animales, no contiene SLS ni parabenos.<\/strong><\/p>\n<p>Tenga en cuenta que este producto se venden en conjuntos de 3 unidades.<\/p>\n<p>Combine este jab\u00f3n con los dem\u00e1s jabones de chantilly u otros productos de ba\u00f1o \u2b07\ufe0f<\/p>\n","protected":false},"excerpt":{"rendered":"<p>Haz que tu tienda destaque por la calidad de los productos de ba\u00f1o. Ofrece tus clientes productos artesanales, con ingredientes de calidad y aromas diferentes. Este jab\u00f3n tiene un aroma de mango tropical y lima. Medidas del producto: 6x6cm Producto hecho a mano, vegano y fabricado en Inglaterra.&nbsp; Producto no testado en animales, no contiene [&hellip;]<\/p>\n","protected":false},"featured_media":301575,"comment_status":"closed","ping_status":"open","template":"","meta":[],"product_brand":[],"product_cat":[25844,19453,26821,20592,26258],"product_tag":[],"class_list":{"0":"post-237498","1":"product","2":"type-product","3":"status-publish","4":"has-post-thumbnail","6":"product_cat-aromas","7":"product_cat-bano-y-ducha","8":"product_cat-citrico","9":"product_cat-jabones-ecologicos-naturales","10":"product_cat-lima","11":"pa_collection-whipped-cream-soap-es","12":"pa_made-in-reino-unido","14":"first","15":"instock","16":"purchasable","17":"product-type-simple"},"supplier_id":null,"supplier_sku":"WCS-08","barcode":null,"atum_controlled":true,"out_stock_date":null,"out_stock_threshold":null,"inheritable":false,"inbound_stock":null,"stock_on_hold":0,"sold_today":0,"sales_last_days":0,"reserved_stock":null,"customer_returns":null,"warehouse_damage":null,"lost_in_post":null,"other_logs":null,"out_stock_days":0,"lost_sales":0,"has_location":null,"update_date":"2026-02-10T06:32:31","atum_locations":[],"atum_stock_status":"instock","restock_status":false,"low_stock_amount":"","sales_update_date":"2025-09-05T00:21:22","calc_backorders":null,"_links":{"self":[{"href":"https:\/\/aromasentia.com\/es\/wp-json\/wp\/v2\/product\/237498","targetHints":{"allow":["GET"]}}],"collection":[{"href":"https:\/\/aromasentia.com\/es\/wp-json\/wp\/v2\/product"}],"about":[{"href":"https:\/\/aromasentia.com\/es\/wp-json\/wp\/v2\/types\/product"}],"replies":[{"embeddable":true,"href":"https:\/\/aromasentia.com\/es\/wp-json\/wp\/v2\/comments?post=237498"}],"version-history":[{"count":0,"href":"https:\/\/aromasentia.com\/es\/wp-json\/wp\/v2\/product\/237498\/revisions"}],"wp:featuredmedia":[{"embeddable":true,"href":"https:\/\/aromasentia.com\/es\/wp-json\/wp\/v2\/media\/301575"}],"wp:attachment":[{"href":"https:\/\/aromasentia.com\/es\/wp-json\/wp\/v2\/media?parent=237498"}],"wp:term":[{"taxonomy":"product_brand","embeddable":true,"href":"https:\/\/aromasentia.com\/es\/wp-json\/wp\/v2\/product_brand?post=237498"},{"taxonomy":"product_cat","embeddable":true,"href":"https:\/\/aromasentia.com\/es\/wp-json\/wp\/v2\/product_cat?post=237498"},{"taxonomy":"product_tag","embeddable":true,"href":"https:\/\/aromasentia.com\/es\/wp-json\/wp\/v2\/product_tag?post=237498"}],"curies":[{"name":"wp","href":"https:\/\/api.w.org\/{rel}","templated":true}]}}