{"id":237494,"date":"2025-03-21T00:55:00","date_gmt":"2025-03-21T00:55:00","guid":{"rendered":"https:\/\/aromasentia.com\/product\/banana-whipped-cream-soap-120g\/"},"modified":"2025-12-30T21:56:51","modified_gmt":"2025-12-30T21:56:51","slug":"jabon-batido-chantilly-platano-120g","status":"publish","type":"product","link":"https:\/\/aromasentia.com\/es\/jabon-batido-chantilly-platano-120g\/","title":{"rendered":"Jab\u00f3n Batido Chantilly &#8211;  Pl\u00e1tano 120g"},"content":{"rendered":"<p>Ofrezca una experiencia de lujo a sus clientes con los jabones batidos chantilly de <strong>Aroma Sentia Espa\u00f1a<\/strong> para revender en su tienda.&nbsp;<\/p>\n<p>Este jab\u00f3n contiene un aroma rico a pl\u00e1tano y propiedades nutritivas que ayudan a suavizar y la de sus piel, dej\u00e1ndola suave al tacto e hidratada.<\/p>\n<p><strong>Medidas del producto: 6x6cm<\/strong><\/p>\n<p><strong>Producto hecho a mano, vegano y fabricado en Inglaterra.&nbsp;<\/strong><\/p>\n<p><strong>Producto no testado en animales, no contiene SLS ni parabenos. <\/strong><\/p>\n<p>\u00a1No dudes en combinar este jab\u00f3n con otros modelos y crea diferentes packs de experiencia!&nbsp;<\/p>\n","protected":false},"excerpt":{"rendered":"<p>Ofrezca una experiencia de lujo a sus clientes con los jabones batidos chantilly de Aroma Sentia Espa\u00f1a para revender en su tienda.&nbsp; Este jab\u00f3n contiene un aroma rico a pl\u00e1tano y propiedades nutritivas que ayudan a suavizar y la de sus piel, dej\u00e1ndola suave al tacto e hidratada. Medidas del producto: 6x6cm Producto hecho a [&hellip;]<\/p>\n","protected":false},"featured_media":301502,"comment_status":"closed","ping_status":"open","template":"","meta":[],"product_brand":[],"product_cat":[25844,19453,26849,20592,26569],"product_tag":[],"class_list":{"0":"post-237494","1":"product","2":"type-product","3":"status-publish","4":"has-post-thumbnail","6":"product_cat-aromas","7":"product_cat-bano-y-ducha","8":"product_cat-frutal","9":"product_cat-jabones-ecologicos-naturales","10":"product_cat-platano","11":"pa_collection-whipped-cream-soap-es","12":"pa_made-in-reino-unido","14":"first","15":"instock","16":"purchasable","17":"product-type-simple"},"supplier_id":null,"supplier_sku":"WCS-01","barcode":null,"atum_controlled":true,"out_stock_date":null,"out_stock_threshold":null,"inheritable":false,"inbound_stock":null,"stock_on_hold":0,"sold_today":0,"sales_last_days":0,"reserved_stock":null,"customer_returns":null,"warehouse_damage":null,"lost_in_post":null,"other_logs":null,"out_stock_days":0,"lost_sales":0,"has_location":null,"update_date":"2026-02-09T12:49:54","atum_locations":[],"atum_stock_status":"instock","restock_status":false,"low_stock_amount":"","sales_update_date":"2025-09-05T00:21:22","calc_backorders":null,"_links":{"self":[{"href":"https:\/\/aromasentia.com\/es\/wp-json\/wp\/v2\/product\/237494","targetHints":{"allow":["GET"]}}],"collection":[{"href":"https:\/\/aromasentia.com\/es\/wp-json\/wp\/v2\/product"}],"about":[{"href":"https:\/\/aromasentia.com\/es\/wp-json\/wp\/v2\/types\/product"}],"replies":[{"embeddable":true,"href":"https:\/\/aromasentia.com\/es\/wp-json\/wp\/v2\/comments?post=237494"}],"version-history":[{"count":0,"href":"https:\/\/aromasentia.com\/es\/wp-json\/wp\/v2\/product\/237494\/revisions"}],"wp:featuredmedia":[{"embeddable":true,"href":"https:\/\/aromasentia.com\/es\/wp-json\/wp\/v2\/media\/301502"}],"wp:attachment":[{"href":"https:\/\/aromasentia.com\/es\/wp-json\/wp\/v2\/media?parent=237494"}],"wp:term":[{"taxonomy":"product_brand","embeddable":true,"href":"https:\/\/aromasentia.com\/es\/wp-json\/wp\/v2\/product_brand?post=237494"},{"taxonomy":"product_cat","embeddable":true,"href":"https:\/\/aromasentia.com\/es\/wp-json\/wp\/v2\/product_cat?post=237494"},{"taxonomy":"product_tag","embeddable":true,"href":"https:\/\/aromasentia.com\/es\/wp-json\/wp\/v2\/product_tag?post=237494"}],"curies":[{"name":"wp","href":"https:\/\/api.w.org\/{rel}","templated":true}]}}