{"id":237482,"date":"2025-03-21T00:55:53","date_gmt":"2025-03-21T00:55:53","guid":{"rendered":"https:\/\/aromasentia.com\/product\/white-christmas-whipped-cream-soap-120g\/"},"modified":"2025-12-30T21:56:51","modified_gmt":"2025-12-30T21:56:51","slug":"jabon-batido-chantilly-blanca-navidad-120g","status":"publish","type":"product","link":"https:\/\/aromasentia.com\/es\/jabon-batido-chantilly-blanca-navidad-120g\/","title":{"rendered":"Jab\u00f3n Batido Chantilly &#8211; Blanca Navidad 120g"},"content":{"rendered":"<p>Experimente el esp\u00edritu navide\u00f1o con los jabones batidos chantilly de <strong>Aroma Sentia Espa\u00f1a&nbsp;<\/strong>con una frgancia de &nbsp;blanca navidad.<\/p>\n<p><strong>\u00bfA qu\u00e9 huele esta fragancia?<\/strong><\/p>\n<p>Notas de salida: eucalipto, menta y naranja.<\/p>\n<p>Notas de coraz\u00f3n: lirio, jacinto &#8211; orqu\u00eddea, rosa, tierra, frambuesa, fresa, mora, cassis, pi\u00f1a, lila, vino.<\/p>\n<p>Notas de fondo : cedro, \u00e1mbar, almizcle, az\u00facar quemado y vainilla.<\/p>\n<p><strong>Medidas del producto: 6x6cm<\/strong><\/p>\n<p><strong>Producto hecho a mano, vegano y fabricado en Inglaterra.&nbsp;<\/strong><\/p>\n<p><strong>Producto no testado en animales, no contiene SLS ni parabenos.<\/strong><\/p>\n<p>Aporte un toque navide\u00f1o a sus clientes, con el incre\u00edble aroma de esta jab\u00f3n chantilly al por mayor.<strong>&nbsp;<\/strong><\/p>\n","protected":false},"excerpt":{"rendered":"<p>Experimente el esp\u00edritu navide\u00f1o con los jabones batidos chantilly de Aroma Sentia Espa\u00f1a&nbsp;con una frgancia de &nbsp;blanca navidad. \u00bfA qu\u00e9 huele esta fragancia? Notas de salida: eucalipto, menta y naranja. Notas de coraz\u00f3n: lirio, jacinto &#8211; orqu\u00eddea, rosa, tierra, frambuesa, fresa, mora, cassis, pi\u00f1a, lila, vino. Notas de fondo : cedro, \u00e1mbar, almizcle, az\u00facar quemado [&hellip;]<\/p>\n","protected":false},"featured_media":668548,"comment_status":"closed","ping_status":"open","template":"","meta":{"_angie_page":false},"product_brand":[],"product_cat":[27382,19453,20592],"product_tag":[],"class_list":{"0":"post-237482","1":"product","2":"type-product","3":"status-publish","4":"has-post-thumbnail","6":"product_cat-aromas-navidenos","7":"product_cat-bano-y-ducha","8":"product_cat-jabones-ecologicos-naturales","9":"pa_collection-whipped-cream-soap-es","10":"pa_made-in-reino-unido","12":"first","13":"instock","14":"purchasable","15":"product-type-simple"},"supplier_id":null,"supplier_sku":"WCS-09","barcode":null,"atum_controlled":true,"out_stock_date":null,"out_stock_threshold":null,"inheritable":false,"inbound_stock":null,"stock_on_hold":0,"sold_today":0,"sales_last_days":0,"reserved_stock":null,"customer_returns":null,"warehouse_damage":null,"lost_in_post":null,"other_logs":null,"out_stock_days":0,"lost_sales":0,"has_location":null,"update_date":"2026-04-27T07:26:52","atum_locations":[],"atum_stock_status":"instock","restock_status":false,"low_stock_amount":"","sales_update_date":"2025-09-05T00:21:24","calc_backorders":null,"_links":{"self":[{"href":"https:\/\/aromasentia.com\/es\/wp-json\/wp\/v2\/product\/237482","targetHints":{"allow":["GET"]}}],"collection":[{"href":"https:\/\/aromasentia.com\/es\/wp-json\/wp\/v2\/product"}],"about":[{"href":"https:\/\/aromasentia.com\/es\/wp-json\/wp\/v2\/types\/product"}],"replies":[{"embeddable":true,"href":"https:\/\/aromasentia.com\/es\/wp-json\/wp\/v2\/comments?post=237482"}],"version-history":[{"count":0,"href":"https:\/\/aromasentia.com\/es\/wp-json\/wp\/v2\/product\/237482\/revisions"}],"wp:featuredmedia":[{"embeddable":true,"href":"https:\/\/aromasentia.com\/es\/wp-json\/wp\/v2\/media\/668548"}],"wp:attachment":[{"href":"https:\/\/aromasentia.com\/es\/wp-json\/wp\/v2\/media?parent=237482"}],"wp:term":[{"taxonomy":"product_brand","embeddable":true,"href":"https:\/\/aromasentia.com\/es\/wp-json\/wp\/v2\/product_brand?post=237482"},{"taxonomy":"product_cat","embeddable":true,"href":"https:\/\/aromasentia.com\/es\/wp-json\/wp\/v2\/product_cat?post=237482"},{"taxonomy":"product_tag","embeddable":true,"href":"https:\/\/aromasentia.com\/es\/wp-json\/wp\/v2\/product_tag?post=237482"}],"curies":[{"name":"wp","href":"https:\/\/api.w.org\/{rel}","templated":true}]}}