{"id":237478,"date":"2025-03-21T00:55:53","date_gmt":"2025-03-21T00:55:53","guid":{"rendered":"https:\/\/aromasentia.com\/product\/warm-gingerbread-whipped-cream-soap-120g\/"},"modified":"2025-12-30T21:56:51","modified_gmt":"2025-12-30T21:56:51","slug":"jabon-batido-chantilly-galletas-de-jengibre-120g","status":"publish","type":"product","link":"https:\/\/aromasentia.com\/es\/jabon-batido-chantilly-galletas-de-jengibre-120g\/","title":{"rendered":"Jab\u00f3n Batido Chantilly &#8211; Galletas de Jengibre 120g"},"content":{"rendered":"<p>Sum\u00e9rgete en el aroma de la<strong>s galletas de jengibre <\/strong>en este nuevo formato de jab\u00f3n batido chantilly. Una nueva de que tus clientes disfruten de una experiencia navide\u00f1a y de lujo en sus hogares.<\/p>\n<p><strong>\u00bfQu\u00e9 aroma tiene este jab\u00f3n?<\/strong><\/p>\n<p>Notas de salida:&nbsp;naranja y canela.<\/p>\n<p>Notas de coraz\u00f3n:&nbsp;especias de jengibre<\/p>\n<p>Notas de fondo: mantequilla, galleta, az\u00facar y vainilla.<\/p>\n<p><strong>Medidas del producto: 6x6cm<\/strong><\/p>\n<p><strong>Producto hecho a mano, vegano y fabricado en Inglaterra.&nbsp;<\/strong><\/p>\n<p><strong>Producto no testado en animales, no contiene SLS ni parabenos.<\/strong><\/p>\n","protected":false},"excerpt":{"rendered":"<p>Sum\u00e9rgete en el aroma de las galletas de jengibre en este nuevo formato de jab\u00f3n batido chantilly. Una nueva de que tus clientes disfruten de una experiencia navide\u00f1a y de lujo en sus hogares. \u00bfQu\u00e9 aroma tiene este jab\u00f3n? Notas de salida:&nbsp;naranja y canela. Notas de coraz\u00f3n:&nbsp;especias de jengibre Notas de fondo: mantequilla, galleta, az\u00facar [&hellip;]<\/p>\n","protected":false},"featured_media":301750,"comment_status":"closed","ping_status":"open","template":"","meta":{"_angie_page":false},"product_brand":[],"product_cat":[25844,19453,26891,26192,20592],"product_tag":[],"class_list":{"0":"post-237478","1":"product","2":"type-product","3":"status-publish","4":"has-post-thumbnail","6":"product_cat-aromas","7":"product_cat-bano-y-ducha","8":"product_cat-especiado","9":"product_cat-geranio","10":"product_cat-jabones-ecologicos-naturales","11":"pa_collection-whipped-cream-soap-es","12":"pa_made-in-reino-unido","14":"first","15":"instock","16":"purchasable","17":"product-type-simple"},"supplier_id":null,"supplier_sku":"WCS-10","barcode":null,"atum_controlled":true,"out_stock_date":null,"out_stock_threshold":null,"inheritable":false,"inbound_stock":null,"stock_on_hold":0,"sold_today":0,"sales_last_days":0,"reserved_stock":null,"customer_returns":null,"warehouse_damage":null,"lost_in_post":null,"other_logs":null,"out_stock_days":0,"lost_sales":0,"has_location":null,"update_date":"2026-05-08T05:21:30","atum_locations":[],"atum_stock_status":"instock","restock_status":false,"low_stock_amount":"","sales_update_date":"2026-01-30T01:24:59","calc_backorders":null,"_links":{"self":[{"href":"https:\/\/aromasentia.com\/es\/wp-json\/wp\/v2\/product\/237478","targetHints":{"allow":["GET"]}}],"collection":[{"href":"https:\/\/aromasentia.com\/es\/wp-json\/wp\/v2\/product"}],"about":[{"href":"https:\/\/aromasentia.com\/es\/wp-json\/wp\/v2\/types\/product"}],"replies":[{"embeddable":true,"href":"https:\/\/aromasentia.com\/es\/wp-json\/wp\/v2\/comments?post=237478"}],"version-history":[{"count":0,"href":"https:\/\/aromasentia.com\/es\/wp-json\/wp\/v2\/product\/237478\/revisions"}],"wp:featuredmedia":[{"embeddable":true,"href":"https:\/\/aromasentia.com\/es\/wp-json\/wp\/v2\/media\/301750"}],"wp:attachment":[{"href":"https:\/\/aromasentia.com\/es\/wp-json\/wp\/v2\/media?parent=237478"}],"wp:term":[{"taxonomy":"product_brand","embeddable":true,"href":"https:\/\/aromasentia.com\/es\/wp-json\/wp\/v2\/product_brand?post=237478"},{"taxonomy":"product_cat","embeddable":true,"href":"https:\/\/aromasentia.com\/es\/wp-json\/wp\/v2\/product_cat?post=237478"},{"taxonomy":"product_tag","embeddable":true,"href":"https:\/\/aromasentia.com\/es\/wp-json\/wp\/v2\/product_tag?post=237478"}],"curies":[{"name":"wp","href":"https:\/\/api.w.org\/{rel}","templated":true}]}}