{"id":237470,"date":"2025-03-21T00:55:53","date_gmt":"2025-03-21T00:55:53","guid":{"rendered":"https:\/\/aromasentia.com\/product\/festive-morning-whipped-cream-soap-120g\/"},"modified":"2025-12-30T21:56:43","modified_gmt":"2025-12-30T21:56:43","slug":"jabon-batido-chantilly-mananas-festivas-120g","status":"publish","type":"product","link":"https:\/\/aromasentia.com\/es\/jabon-batido-chantilly-mananas-festivas-120g\/","title":{"rendered":"Jab\u00f3n Batido Chantilly &#8211; Ma\u00f1anas Festivas 120g"},"content":{"rendered":"<p>Satisface a tus clientes con jabones artesanales en un nuevo formato de chantilly, textura cremosa y aterciopelada, con fragancias inspiradas en las ma\u00f1anas festivas de navidad.&nbsp;<\/p>\n<p>Este jab\u00f3n est\u00e1 decorado de forma que al abrirlo, recuerde a los \u00e1rboles de navidad, para que sus cliente puedan transportarse tanto en aroma como en est\u00e9tica a las ma\u00f1anas de navidad.&nbsp;<\/p>\n<p><strong>\u00bfQu\u00e9 notas de fragancia tiene este jab\u00f3n?&nbsp;<\/strong><\/p>\n<p>Notas de salida&nbsp;: gamuza, pimienta rosa, hojas de violeta y azafr\u00e1n.<\/p>\n<p>Notas de coraz\u00f3n: lirio, jazm\u00edn, lirio y canela.<\/p>\n<p>Notas de fondo: cuero, patchouli, s\u00e1ndalo, \u00e1mbar, maderas aterciopeladas, madera de agar<\/p>\n<p><strong>Medidas del producto: 6x6cm<\/strong><\/p>\n<p><strong>Producto hecho a mano, vegano y fabricado en Inglaterra.&nbsp;<\/strong><\/p>\n<p><strong>Producto no testado en animales, no contiene SLS ni parabenos.<\/strong><\/p>\n<p><strong>\u00a1Compra al por mayor y obt\u00e9n margen de beneficio en productos de calidad!<\/strong><\/p>\n","protected":false},"excerpt":{"rendered":"<p>Satisface a tus clientes con jabones artesanales en un nuevo formato de chantilly, textura cremosa y aterciopelada, con fragancias inspiradas en las ma\u00f1anas festivas de navidad.&nbsp; Este jab\u00f3n est\u00e1 decorado de forma que al abrirlo, recuerde a los \u00e1rboles de navidad, para que sus cliente puedan transportarse tanto en aroma como en est\u00e9tica a las [&hellip;]<\/p>\n","protected":false},"featured_media":668597,"comment_status":"closed","ping_status":"open","template":"","meta":[],"product_brand":[],"product_cat":[19453,20592],"product_tag":[],"class_list":{"0":"post-237470","1":"product","2":"type-product","3":"status-publish","4":"has-post-thumbnail","6":"product_cat-bano-y-ducha","7":"product_cat-jabones-ecologicos-naturales","8":"pa_collection-whipped-cream-soap-es","9":"pa_made-in-reino-unido","11":"first","12":"instock","13":"purchasable","14":"product-type-simple"},"supplier_id":null,"supplier_sku":"WCS-12","barcode":null,"atum_controlled":true,"out_stock_date":null,"out_stock_threshold":null,"inheritable":false,"inbound_stock":null,"stock_on_hold":0,"sold_today":0,"sales_last_days":0,"reserved_stock":null,"customer_returns":null,"warehouse_damage":null,"lost_in_post":null,"other_logs":null,"out_stock_days":0,"lost_sales":0,"has_location":null,"update_date":"2026-02-09T18:59:00","atum_locations":[],"atum_stock_status":"instock","restock_status":false,"low_stock_amount":"","sales_update_date":"2025-09-05T00:21:22","calc_backorders":null,"_links":{"self":[{"href":"https:\/\/aromasentia.com\/es\/wp-json\/wp\/v2\/product\/237470","targetHints":{"allow":["GET"]}}],"collection":[{"href":"https:\/\/aromasentia.com\/es\/wp-json\/wp\/v2\/product"}],"about":[{"href":"https:\/\/aromasentia.com\/es\/wp-json\/wp\/v2\/types\/product"}],"replies":[{"embeddable":true,"href":"https:\/\/aromasentia.com\/es\/wp-json\/wp\/v2\/comments?post=237470"}],"version-history":[{"count":0,"href":"https:\/\/aromasentia.com\/es\/wp-json\/wp\/v2\/product\/237470\/revisions"}],"wp:featuredmedia":[{"embeddable":true,"href":"https:\/\/aromasentia.com\/es\/wp-json\/wp\/v2\/media\/668597"}],"wp:attachment":[{"href":"https:\/\/aromasentia.com\/es\/wp-json\/wp\/v2\/media?parent=237470"}],"wp:term":[{"taxonomy":"product_brand","embeddable":true,"href":"https:\/\/aromasentia.com\/es\/wp-json\/wp\/v2\/product_brand?post=237470"},{"taxonomy":"product_cat","embeddable":true,"href":"https:\/\/aromasentia.com\/es\/wp-json\/wp\/v2\/product_cat?post=237470"},{"taxonomy":"product_tag","embeddable":true,"href":"https:\/\/aromasentia.com\/es\/wp-json\/wp\/v2\/product_tag?post=237470"}],"curies":[{"name":"wp","href":"https:\/\/api.w.org\/{rel}","templated":true}]}}