{"id":237454,"date":"2025-03-21T00:56:23","date_gmt":"2025-03-21T00:56:23","guid":{"rendered":"https:\/\/aromasentia.com\/product\/wild-hare-solid-shampoo-60g-cherry-bonbon\/"},"modified":"2025-12-30T21:56:43","modified_gmt":"2025-12-30T21:56:43","slug":"wild-hare-champu-solido-60g-cherry-bonbon","status":"publish","type":"product","link":"https:\/\/aromasentia.com\/es\/wild-hare-champu-solido-60g-cherry-bonbon\/","title":{"rendered":"Wild Hare Champ\u00fa S\u00f3lido 60g &#8211; Cherry Bonbon"},"content":{"rendered":"<p>El champ\u00fa s\u00f3lido de cereza &nbsp;es un champ\u00fa vegano, libres de pl\u00e1sticos, aceite de palma, SLS, SLES y parabenos.&nbsp;<\/p>\n<p>Este producto se vende en pack de 4 unidades.&nbsp;<\/p>\n<p><strong>Modo de empleo:<\/strong> humedecer el champ\u00fa entre las manos, Fr\u00f3talo en tus manos o cabello y se generar\u00e1 espuma<\/p>\n<p><strong>\u00bfC\u00f3mo conservar este champ\u00fa?<\/strong>&nbsp; Conservar en un lugar fresco y seco, es preferible que el jab\u00f3n se guarde una vez escurrido o seco. Puede ver <a href=\"https:\/\/aromasentia.com\/jaboneras-de-madera-hemu-proveedor\" rel=\"noopener noreferrer\" target=\"_blank\"><strong><span style=\"color: rgb(147, 101, 184);\">nuestras jaboneras<\/span><\/strong><\/a> que har\u00e1n que sus jabones o champ\u00fa no se ablanden.<\/p>\n<p><br style=\"color: rgb(114, 114, 114); font-family: Raleway, sans-serif; font-size: 15px; font-style: normal; font-variant-ligatures: normal; font-variant-caps: normal; font-weight: 400; letter-spacing: normal; orphans: 2; text-indent: 0px; text-transform: none; widows: 2; word-spacing: 0px; -webkit-text-stroke-width: 0px; white-space: normal; text-decoration-thickness: initial; text-decoration-style: initial; text-decoration-color: initial; text-align: justify; background-color: rgb(255, 255, 255);\"><strong>Nota:<\/strong> Los tama\u00f1os pueden variar ligeramente debido a las caracter\u00edsticas de los productos hechos a mano.<\/p>\n<p>*Hecho en el Reino Unido * Aproximadamente 40 &#8211; 60 lavados cada uno * Vegano *<\/p>\n<p><\/p>\n<p>Solo venta al por mayor.<\/p>\n","protected":false},"excerpt":{"rendered":"<p>El champ\u00fa s\u00f3lido de cereza &nbsp;es un champ\u00fa vegano, libres de pl\u00e1sticos, aceite de palma, SLS, SLES y parabenos.&nbsp; Este producto se vende en pack de 4 unidades.&nbsp; Modo de empleo: humedecer el champ\u00fa entre las manos, Fr\u00f3talo en tus manos o cabello y se generar\u00e1 espuma \u00bfC\u00f3mo conservar este champ\u00fa?&nbsp; Conservar en un lugar [&hellip;]<\/p>\n","protected":false},"featured_media":301896,"comment_status":"closed","ping_status":"open","template":"","meta":{"_angie_page":false},"product_brand":[27162],"product_cat":[19453,20556],"product_tag":[],"class_list":{"0":"post-237454","1":"product","2":"type-product","3":"status-publish","4":"has-post-thumbnail","6":"product_brand-wild-hare","7":"product_cat-bano-y-ducha","8":"product_cat-cuidado-del-cabello","9":"pa_collection-wild-hare-solid-shampoo-60g-es","10":"pa_made-in-reino-unido","11":"pa_size-60g","13":"first","14":"instock","15":"purchasable","16":"product-type-simple"},"supplier_id":null,"supplier_sku":"WHSS-05","barcode":null,"atum_controlled":true,"out_stock_date":null,"out_stock_threshold":null,"inheritable":false,"inbound_stock":null,"stock_on_hold":0,"sold_today":0,"sales_last_days":0,"reserved_stock":null,"customer_returns":null,"warehouse_damage":null,"lost_in_post":null,"other_logs":null,"out_stock_days":0,"lost_sales":0,"has_location":null,"update_date":"2026-04-27T07:27:07","atum_locations":[],"atum_stock_status":"instock","restock_status":false,"low_stock_amount":"","sales_update_date":"2025-09-05T00:21:23","calc_backorders":null,"_links":{"self":[{"href":"https:\/\/aromasentia.com\/es\/wp-json\/wp\/v2\/product\/237454","targetHints":{"allow":["GET"]}}],"collection":[{"href":"https:\/\/aromasentia.com\/es\/wp-json\/wp\/v2\/product"}],"about":[{"href":"https:\/\/aromasentia.com\/es\/wp-json\/wp\/v2\/types\/product"}],"replies":[{"embeddable":true,"href":"https:\/\/aromasentia.com\/es\/wp-json\/wp\/v2\/comments?post=237454"}],"version-history":[{"count":0,"href":"https:\/\/aromasentia.com\/es\/wp-json\/wp\/v2\/product\/237454\/revisions"}],"wp:featuredmedia":[{"embeddable":true,"href":"https:\/\/aromasentia.com\/es\/wp-json\/wp\/v2\/media\/301896"}],"wp:attachment":[{"href":"https:\/\/aromasentia.com\/es\/wp-json\/wp\/v2\/media?parent=237454"}],"wp:term":[{"taxonomy":"product_brand","embeddable":true,"href":"https:\/\/aromasentia.com\/es\/wp-json\/wp\/v2\/product_brand?post=237454"},{"taxonomy":"product_cat","embeddable":true,"href":"https:\/\/aromasentia.com\/es\/wp-json\/wp\/v2\/product_cat?post=237454"},{"taxonomy":"product_tag","embeddable":true,"href":"https:\/\/aromasentia.com\/es\/wp-json\/wp\/v2\/product_tag?post=237454"}],"curies":[{"name":"wp","href":"https:\/\/api.w.org\/{rel}","templated":true}]}}