{"id":237442,"date":"2025-03-21T00:56:52","date_gmt":"2025-03-21T00:56:52","guid":{"rendered":"https:\/\/aromasentia.com\/product\/hemu-wood-soap-dish-ladder\/"},"modified":"2025-12-30T21:56:43","modified_gmt":"2025-12-30T21:56:43","slug":"jabonera-de-madera-hemu-escalera","status":"publish","type":"product","link":"https:\/\/aromasentia.com\/es\/jabonera-de-madera-hemu-escalera\/","title":{"rendered":"Jabonera de madera Hemu &#8211; Escalera"},"content":{"rendered":"<p>Si tiene una tienda de jabones, estas jaboneras de madera Hemu son un <strong>producto complementario <\/strong>que le funcionar\u00e1 muy bien. Venda junto a sus jabones una de estas jaboneras para que sus clientes puedan mantener el jab\u00f3n seco y que no se le ablande con el tiempo.&nbsp;<\/p>\n<p><strong>Estas jaboneras son de madera Hemu y est\u00e1n hechas a mano. La madera Hemu se caracteriza por resistente y duradera.<\/strong><\/p>\n<p>Estas jaboneras permiten que el jab\u00f3n permanezca seco y tenga una duraci\u00f3n m\u00e1s larga \u00bfPor qu\u00e9? Porque permiten que el aire fluya alrededor del jab\u00f3n, haciendo que se seque antes sin dejar que se ablande.<\/p>\n<p><strong>Las medidas de esta jabonera son: 11 x 8 x 1 cm. <\/strong>Adem\u00e1s, este producto se vende en packs de 6 unidades.&nbsp;<\/p>\n<p>Estas jaboneras de madera no contienen qu\u00edmicos t\u00f3xicos, siendo una opci\u00f3n ideal para combinarlo con productos de cuidado personal.&nbsp;<\/p>\n<p><strong>*Cada jabonera tiene su c\u00f3digo de barras y vienen individualmente envueltas en papel. <\/strong><\/p>\n","protected":false},"excerpt":{"rendered":"<p>Si tiene una tienda de jabones, estas jaboneras de madera Hemu son un producto complementario que le funcionar\u00e1 muy bien. Venda junto a sus jabones una de estas jaboneras para que sus clientes puedan mantener el jab\u00f3n seco y que no se le ablande con el tiempo.&nbsp; Estas jaboneras son de madera Hemu y est\u00e1n [&hellip;]<\/p>\n","protected":false},"featured_media":302119,"comment_status":"closed","ping_status":"open","template":"","meta":{"_angie_page":false},"product_brand":[],"product_cat":[19453,20540],"product_tag":[],"class_list":{"0":"post-237442","1":"product","2":"type-product","3":"status-publish","4":"has-post-thumbnail","6":"product_cat-bano-y-ducha","7":"product_cat-jaboneras-y-dispensadores","8":"pa_collection-wooden-soap-dishes-es","9":"pa_made-in-china","11":"first","12":"instock","13":"purchasable","14":"product-type-simple"},"supplier_id":null,"supplier_sku":"WSoapD-12","barcode":null,"atum_controlled":true,"out_stock_date":null,"out_stock_threshold":null,"inheritable":false,"inbound_stock":0,"stock_on_hold":0,"sold_today":0,"sales_last_days":0,"reserved_stock":0,"customer_returns":0,"warehouse_damage":0,"lost_in_post":0,"other_logs":0,"out_stock_days":0,"lost_sales":0,"has_location":false,"update_date":"2026-04-27T07:27:13","atum_locations":[],"atum_stock_status":"instock","restock_status":false,"low_stock_amount":"","sales_update_date":"2026-02-06T00:01:36","calc_backorders":null,"_links":{"self":[{"href":"https:\/\/aromasentia.com\/es\/wp-json\/wp\/v2\/product\/237442","targetHints":{"allow":["GET"]}}],"collection":[{"href":"https:\/\/aromasentia.com\/es\/wp-json\/wp\/v2\/product"}],"about":[{"href":"https:\/\/aromasentia.com\/es\/wp-json\/wp\/v2\/types\/product"}],"replies":[{"embeddable":true,"href":"https:\/\/aromasentia.com\/es\/wp-json\/wp\/v2\/comments?post=237442"}],"version-history":[{"count":0,"href":"https:\/\/aromasentia.com\/es\/wp-json\/wp\/v2\/product\/237442\/revisions"}],"wp:featuredmedia":[{"embeddable":true,"href":"https:\/\/aromasentia.com\/es\/wp-json\/wp\/v2\/media\/302119"}],"wp:attachment":[{"href":"https:\/\/aromasentia.com\/es\/wp-json\/wp\/v2\/media?parent=237442"}],"wp:term":[{"taxonomy":"product_brand","embeddable":true,"href":"https:\/\/aromasentia.com\/es\/wp-json\/wp\/v2\/product_brand?post=237442"},{"taxonomy":"product_cat","embeddable":true,"href":"https:\/\/aromasentia.com\/es\/wp-json\/wp\/v2\/product_cat?post=237442"},{"taxonomy":"product_tag","embeddable":true,"href":"https:\/\/aromasentia.com\/es\/wp-json\/wp\/v2\/product_tag?post=237442"}],"curies":[{"name":"wp","href":"https:\/\/api.w.org\/{rel}","templated":true}]}}