{"id":237438,"date":"2025-03-21T00:56:52","date_gmt":"2025-03-21T00:56:52","guid":{"rendered":"https:\/\/aromasentia.com\/product\/hemu-wood-soap-dish-corrugated\/"},"modified":"2025-12-30T21:56:43","modified_gmt":"2025-12-30T21:56:43","slug":"jabonera-de-madera-hemu-ondulado","status":"publish","type":"product","link":"https:\/\/aromasentia.com\/es\/jabonera-de-madera-hemu-ondulado\/","title":{"rendered":"Jabonera de madera Hemu &#8211; Ondulado"},"content":{"rendered":"<p><strong>Estas jaboneras son de madera Hemu y est\u00e1n hechas a mano. La madera Hemu se caracteriza por resistente y duradera.<\/strong><\/p>\n<p>Las jaboneras de Aroma Sentia son un producto atractivo, ofreciendo a su tienda un estilo natural.<strong>&nbsp;Son un producto sencillo y pr\u00e1ctico. <\/strong>Adem\u00e1s, son f\u00e1ciles de limpiar y mantener en el tiempo.<\/p>\n<p>Estas jaboneras permiten que el <strong>jab\u00f3n <\/strong>permanezca <strong>seco <\/strong>y tenga una duraci\u00f3n m\u00e1s larga \u00bfPor qu\u00e9? Porque permiten que el aire fluya alrededor del jab\u00f3n, haciendo que se seque antes sin dejar que se ablande.&nbsp;<\/p>\n<p><strong>Las medidas de esta jabonera son: 10 x 7 x 2 cm.<\/strong> Adem\u00e1s, este producto se vende en packs de 6 unidades.<\/p>\n<p><strong>*Cada jabonera tiene su c\u00f3digo de barras y vienen individualmente envueltas en papel.<\/strong><\/p>\n","protected":false},"excerpt":{"rendered":"<p>Estas jaboneras son de madera Hemu y est\u00e1n hechas a mano. La madera Hemu se caracteriza por resistente y duradera. Las jaboneras de Aroma Sentia son un producto atractivo, ofreciendo a su tienda un estilo natural.&nbsp;Son un producto sencillo y pr\u00e1ctico. Adem\u00e1s, son f\u00e1ciles de limpiar y mantener en el tiempo. Estas jaboneras permiten que [&hellip;]<\/p>\n","protected":false},"featured_media":302094,"comment_status":"closed","ping_status":"open","template":"","meta":{"_angie_page":false},"product_brand":[],"product_cat":[19453,20540],"product_tag":[],"class_list":{"0":"post-237438","1":"product","2":"type-product","3":"status-publish","4":"has-post-thumbnail","6":"product_cat-bano-y-ducha","7":"product_cat-jaboneras-y-dispensadores","8":"pa_collection-wooden-soap-dishes-es","9":"pa_made-in-china","11":"first","12":"instock","13":"purchasable","14":"product-type-simple"},"supplier_id":null,"supplier_sku":"WSoapD-11","barcode":null,"atum_controlled":true,"out_stock_date":null,"out_stock_threshold":null,"inheritable":false,"inbound_stock":0,"stock_on_hold":0,"sold_today":0,"sales_last_days":0,"reserved_stock":0,"customer_returns":0,"warehouse_damage":0,"lost_in_post":0,"other_logs":0,"out_stock_days":0,"lost_sales":0,"has_location":false,"update_date":"2026-05-11T01:56:49","atum_locations":[],"atum_stock_status":"instock","restock_status":false,"low_stock_amount":"","sales_update_date":"2025-09-05T00:21:27","calc_backorders":null,"_links":{"self":[{"href":"https:\/\/aromasentia.com\/es\/wp-json\/wp\/v2\/product\/237438","targetHints":{"allow":["GET"]}}],"collection":[{"href":"https:\/\/aromasentia.com\/es\/wp-json\/wp\/v2\/product"}],"about":[{"href":"https:\/\/aromasentia.com\/es\/wp-json\/wp\/v2\/types\/product"}],"replies":[{"embeddable":true,"href":"https:\/\/aromasentia.com\/es\/wp-json\/wp\/v2\/comments?post=237438"}],"version-history":[{"count":0,"href":"https:\/\/aromasentia.com\/es\/wp-json\/wp\/v2\/product\/237438\/revisions"}],"wp:featuredmedia":[{"embeddable":true,"href":"https:\/\/aromasentia.com\/es\/wp-json\/wp\/v2\/media\/302094"}],"wp:attachment":[{"href":"https:\/\/aromasentia.com\/es\/wp-json\/wp\/v2\/media?parent=237438"}],"wp:term":[{"taxonomy":"product_brand","embeddable":true,"href":"https:\/\/aromasentia.com\/es\/wp-json\/wp\/v2\/product_brand?post=237438"},{"taxonomy":"product_cat","embeddable":true,"href":"https:\/\/aromasentia.com\/es\/wp-json\/wp\/v2\/product_cat?post=237438"},{"taxonomy":"product_tag","embeddable":true,"href":"https:\/\/aromasentia.com\/es\/wp-json\/wp\/v2\/product_tag?post=237438"}],"curies":[{"name":"wp","href":"https:\/\/api.w.org\/{rel}","templated":true}]}}