{"id":237422,"date":"2025-03-21T00:57:13","date_gmt":"2025-03-21T00:57:13","guid":{"rendered":"https:\/\/aromasentia.com\/product\/break-the-ice-christmas-bath-bomb-gift-pack\/"},"modified":"2025-12-30T21:56:35","modified_gmt":"2025-12-30T21:56:35","slug":"pack-de-regalo-de-bombas-de-bano-navidenas-rompe-el-hielo","status":"publish","type":"product","link":"https:\/\/aromasentia.com\/es\/pack-de-regalo-de-bombas-de-bano-navidenas-rompe-el-hielo\/","title":{"rendered":"Pack de Regalo de Bombas de Ba\u00f1o Navide\u00f1as &#8211; Rompe el Hielo"},"content":{"rendered":"<p><span style=\u00abcolor: rgb(75, 80, 88);\u00bb>Prep\u00e1rate para elevar el esp\u00edritu navide\u00f1o y contagiar a todos con el ambiente festivo con este fant\u00e1stico <strong>pack de Bombas de Ba\u00f1o navide\u00f1as Break the Ice<\/strong>. <\/span><\/p>\n<p><span style=\u00abcolor: rgb(75, 80, 88);\u00bb>Tanto si eres un minorista que quiere llenar sus estanter\u00edas con la magia navide\u00f1a como si eres un empresario que planea regalos corporativos inolvidables, nuestro pack de regalo de Bombas de Ba\u00f1o navide\u00f1as es tu mejor opci\u00f3n. <\/span><\/p>\n<p><span style=\u00abcolor: rgb(75, 80, 88);\u00bb><em>Este set contiene:<\/em><\/span><\/p>\n<p><span style=\u00abcolor: rgb(75, 80, 88);\u00bb><strong>2 Bombas de Ba\u00f1o Snowflake<\/strong> (80 g cada una) con la fragancia: <em>Navidad blanca<\/em><\/span><\/p>\n<p><span style=\u00abcolor: rgb(235, 107, 86);\u00bb>Notas de salida: eucalipto y menta naranja<\/span><\/p>\n<p><span style=\u00abcolor: rgb(235, 107, 86);\u00bb>Notas de coraz\u00f3n: Lirio &#8211; Jacinto &#8211; Orqu\u00eddea &#8211; Rosa &#8211; Tierra &#8211; Frambuesa &#8211; Fresa &#8211; Mora Cassis &#8211; Pi\u00f1a &#8211; Lila &#8211; Vino<\/span><\/p>\n<p><span style=\u00abcolor: rgb(75, 80, 88);\u00bb>Notas de fondo: Cedro &#8211; \u00c1mbar &#8211; Almizcle &#8211; Az\u00facar quemado &#8211; Vainilla<\/span><\/p>\n<p><span style=\u00abcolor: rgb(75, 80, 88);\u00bb><strong>2 Bombas de Ba\u00f1o Ice Skate<\/strong> (80 g cada una) con la fragancia: <em>Ciruela escarchada<\/em><\/span><\/p>\n<p><span style=\u00abcolor: rgb(235, 107, 86);\u00bb>Notas de salida: Ciruela &#8211; Bayas de invierno<\/span><\/p>\n<p><span style=\u00abcolor: rgb(235, 107, 86);\u00bb>Notas de coraz\u00f3n:&nbsp;Az\u00facar<\/span><\/p>\n<p><span style=\u00abcolor: rgb(235, 107, 86);\u00bb>Notas de fondo: Vainilla<\/span><\/p>\n<p><span style=\u00abcolor: rgb(75, 80, 88);\u00bb><em>Envasado individualmente en pl\u00e1stico retractilado<\/em> <\/span><\/p>\n","protected":false},"excerpt":{"rendered":"<p>Prep\u00e1rate para elevar el esp\u00edritu navide\u00f1o y contagiar a todos con el ambiente festivo con este fant\u00e1stico pack de Bombas de Ba\u00f1o navide\u00f1as Break the Ice. Tanto si eres un minorista que quiere llenar sus estanter\u00edas con la magia navide\u00f1a como si eres un empresario que planea regalos corporativos inolvidables, nuestro pack de regalo de [&hellip;]<\/p>\n","protected":false},"featured_media":668646,"comment_status":"closed","ping_status":"open","template":"","meta":[],"product_brand":[],"product_cat":[27382,19453,20515,20516],"product_tag":[],"class_list":{"0":"post-237422","1":"product","2":"type-product","3":"status-publish","4":"has-post-thumbnail","6":"product_cat-aromas-navidenos","7":"product_cat-bano-y-ducha","8":"product_cat-bombas-de-bano","9":"product_cat-packs-regalo","10":"pa_collection-christmas-bath-bomb-gift-pack-es","11":"pa_made-in-reino-unido","13":"first","14":"instock","15":"purchasable","16":"product-type-simple"},"supplier_id":null,"supplier_sku":"XBB-04","barcode":null,"atum_controlled":true,"out_stock_date":null,"out_stock_threshold":null,"inheritable":false,"inbound_stock":0,"stock_on_hold":0,"sold_today":0,"sales_last_days":0,"reserved_stock":0,"customer_returns":0,"warehouse_damage":0,"lost_in_post":0,"other_logs":0,"out_stock_days":0,"lost_sales":0,"has_location":false,"update_date":"2026-01-30T01:24:38","atum_locations":[],"atum_stock_status":"instock","restock_status":false,"low_stock_amount":"","sales_update_date":"2026-01-30T01:24:38","calc_backorders":null,"_links":{"self":[{"href":"https:\/\/aromasentia.com\/es\/wp-json\/wp\/v2\/product\/237422","targetHints":{"allow":["GET"]}}],"collection":[{"href":"https:\/\/aromasentia.com\/es\/wp-json\/wp\/v2\/product"}],"about":[{"href":"https:\/\/aromasentia.com\/es\/wp-json\/wp\/v2\/types\/product"}],"replies":[{"embeddable":true,"href":"https:\/\/aromasentia.com\/es\/wp-json\/wp\/v2\/comments?post=237422"}],"version-history":[{"count":0,"href":"https:\/\/aromasentia.com\/es\/wp-json\/wp\/v2\/product\/237422\/revisions"}],"wp:featuredmedia":[{"embeddable":true,"href":"https:\/\/aromasentia.com\/es\/wp-json\/wp\/v2\/media\/668646"}],"wp:attachment":[{"href":"https:\/\/aromasentia.com\/es\/wp-json\/wp\/v2\/media?parent=237422"}],"wp:term":[{"taxonomy":"product_brand","embeddable":true,"href":"https:\/\/aromasentia.com\/es\/wp-json\/wp\/v2\/product_brand?post=237422"},{"taxonomy":"product_cat","embeddable":true,"href":"https:\/\/aromasentia.com\/es\/wp-json\/wp\/v2\/product_cat?post=237422"},{"taxonomy":"product_tag","embeddable":true,"href":"https:\/\/aromasentia.com\/es\/wp-json\/wp\/v2\/product_tag?post=237422"}],"curies":[{"name":"wp","href":"https:\/\/api.w.org\/{rel}","templated":true}]}}