{"id":237414,"date":"2025-03-21T00:57:13","date_gmt":"2025-03-21T00:57:13","guid":{"rendered":"https:\/\/aromasentia.com\/product\/hemu-wood-soap-dish-fish\/"},"modified":"2025-12-30T21:56:35","modified_gmt":"2025-12-30T21:56:35","slug":"jabonera-de-madera-hemu-pez","status":"publish","type":"product","link":"https:\/\/aromasentia.com\/es\/jabonera-de-madera-hemu-pez\/","title":{"rendered":"Jabonera de Madera Hemu &#8211; Pez"},"content":{"rendered":"<p>Nuestras jaboneras de madera de hemu cuentan con <strong>orificios de drenaje&nbsp;<\/strong>que har\u00e1n que su jab\u00f3n no se ablande o se rompa con el tiempo.&nbsp;<\/p>\n<p>Estas jaboneras son de madera Hemu en forma de pez y est\u00e1n hechas a mano. La madera Hemu se caracteriza por <strong>resistente y duradera.<\/strong><\/p>\n<p>Estas jaboneras permiten que el jab\u00f3n permanezca seco y tenga una duraci\u00f3n m\u00e1s larga \u00bfPor qu\u00e9? Porque permiten que el aire fluya alrededor del jab\u00f3n, haciendo que se seque antes sin dejar que se ablande.<\/p>\n<p><strong>Las medidas de esta jabonera son: 10x 10 x 2 cm.&nbsp;<\/strong>Adem\u00e1s, este producto se vende en packs de 6 unidades.&nbsp;<\/p>\n<p><strong>*Cada jabonera tiene su c\u00f3digo de barras y vienen individualmente envueltas en papel.<\/strong><\/p>\n","protected":false},"excerpt":{"rendered":"<p>Nuestras jaboneras de madera de hemu cuentan con orificios de drenaje&nbsp;que har\u00e1n que su jab\u00f3n no se ablande o se rompa con el tiempo.&nbsp; Estas jaboneras son de madera Hemu en forma de pez y est\u00e1n hechas a mano. La madera Hemu se caracteriza por resistente y duradera. Estas jaboneras permiten que el jab\u00f3n permanezca [&hellip;]<\/p>\n","protected":false},"featured_media":302194,"comment_status":"closed","ping_status":"open","template":"","meta":[],"product_brand":[],"product_cat":[19453,20540],"product_tag":[],"class_list":{"0":"post-237414","1":"product","2":"type-product","3":"status-publish","4":"has-post-thumbnail","6":"product_cat-bano-y-ducha","7":"product_cat-jaboneras-y-dispensadores","8":"pa_collection-wooden-soap-dishes-es","9":"pa_made-in-china","11":"first","12":"instock","13":"purchasable","14":"product-type-simple"},"supplier_id":null,"supplier_sku":"WSoapD-15","barcode":null,"atum_controlled":true,"out_stock_date":null,"out_stock_threshold":null,"inheritable":false,"inbound_stock":0,"stock_on_hold":0,"sold_today":0,"sales_last_days":0,"reserved_stock":0,"customer_returns":0,"warehouse_damage":0,"lost_in_post":0,"other_logs":0,"out_stock_days":0,"lost_sales":0,"has_location":false,"update_date":"2026-01-30T13:10:33","atum_locations":[],"atum_stock_status":"instock","restock_status":false,"low_stock_amount":"","sales_update_date":"2025-09-05T00:21:26","calc_backorders":null,"_links":{"self":[{"href":"https:\/\/aromasentia.com\/es\/wp-json\/wp\/v2\/product\/237414","targetHints":{"allow":["GET"]}}],"collection":[{"href":"https:\/\/aromasentia.com\/es\/wp-json\/wp\/v2\/product"}],"about":[{"href":"https:\/\/aromasentia.com\/es\/wp-json\/wp\/v2\/types\/product"}],"replies":[{"embeddable":true,"href":"https:\/\/aromasentia.com\/es\/wp-json\/wp\/v2\/comments?post=237414"}],"version-history":[{"count":0,"href":"https:\/\/aromasentia.com\/es\/wp-json\/wp\/v2\/product\/237414\/revisions"}],"wp:featuredmedia":[{"embeddable":true,"href":"https:\/\/aromasentia.com\/es\/wp-json\/wp\/v2\/media\/302194"}],"wp:attachment":[{"href":"https:\/\/aromasentia.com\/es\/wp-json\/wp\/v2\/media?parent=237414"}],"wp:term":[{"taxonomy":"product_brand","embeddable":true,"href":"https:\/\/aromasentia.com\/es\/wp-json\/wp\/v2\/product_brand?post=237414"},{"taxonomy":"product_cat","embeddable":true,"href":"https:\/\/aromasentia.com\/es\/wp-json\/wp\/v2\/product_cat?post=237414"},{"taxonomy":"product_tag","embeddable":true,"href":"https:\/\/aromasentia.com\/es\/wp-json\/wp\/v2\/product_tag?post=237414"}],"curies":[{"name":"wp","href":"https:\/\/api.w.org\/{rel}","templated":true}]}}