{"id":237406,"date":"2025-03-21T00:57:13","date_gmt":"2025-03-21T00:57:13","guid":{"rendered":"https:\/\/aromasentia.com\/product\/hemu-wood-soap-dish-box\/"},"modified":"2025-12-30T21:56:35","modified_gmt":"2025-12-30T21:56:35","slug":"jabonera-de-madera-hemu-caja","status":"publish","type":"product","link":"https:\/\/aromasentia.com\/es\/jabonera-de-madera-hemu-caja\/","title":{"rendered":"Jabonera de madera Hemu &#8211; Caja"},"content":{"rendered":"<p>\u00a1Ampl\u00ede su gama de jaboneras con nuestras jaboneras de madera de Hemu! Este tipo de madera tammbi\u00e9n es conocida como madera de Sissoo, caracterizada por su <strong>dureza y su resistencia.<\/strong><\/p>\n<p>Aroma Sentia vende estas maravillosas jaboneras de madera de Hemu en forma de caja para que pueda ofrecer a sus clientes las mejores jabonera calidad\/precio.&nbsp;<\/p>\n<p>Estas jaboneras permiten que el jab\u00f3n permanezca seco y tenga una duraci\u00f3n m\u00e1s larga \u00bfPor qu\u00e9? Porque permiten que el aire fluya alrededor del jab\u00f3n, haciendo que se seque antes sin dejar que se ablande.<\/p>\n<p><strong>Las medidas de esta jabonera son: 10 x 8.5 x 2 cm<\/strong>. Adem\u00e1s, este producto se vende en packs de 6 unidades.&nbsp;<\/p>\n<p>*Cada jabonera tiene su c\u00f3digo de barras y vienen individualmente envueltas en papel.&nbsp;<\/p>\n","protected":false},"excerpt":{"rendered":"<p>\u00a1Ampl\u00ede su gama de jaboneras con nuestras jaboneras de madera de Hemu! Este tipo de madera tammbi\u00e9n es conocida como madera de Sissoo, caracterizada por su dureza y su resistencia. Aroma Sentia vende estas maravillosas jaboneras de madera de Hemu en forma de caja para que pueda ofrecer a sus clientes las mejores jabonera calidad\/precio.&nbsp; [&hellip;]<\/p>\n","protected":false},"featured_media":302144,"comment_status":"closed","ping_status":"open","template":"","meta":{"_angie_page":false},"product_brand":[],"product_cat":[19453,20540],"product_tag":[],"class_list":{"0":"post-237406","1":"product","2":"type-product","3":"status-publish","4":"has-post-thumbnail","6":"product_cat-bano-y-ducha","7":"product_cat-jaboneras-y-dispensadores","8":"pa_collection-wooden-soap-dishes-es","9":"pa_made-in-china","11":"first","12":"instock","13":"purchasable","14":"product-type-simple"},"supplier_id":null,"supplier_sku":"WSoapD-13","barcode":null,"atum_controlled":true,"out_stock_date":null,"out_stock_threshold":null,"inheritable":false,"inbound_stock":0,"stock_on_hold":0,"sold_today":0,"sales_last_days":0,"reserved_stock":0,"customer_returns":0,"warehouse_damage":0,"lost_in_post":0,"other_logs":0,"out_stock_days":0,"lost_sales":0,"has_location":false,"update_date":"2026-04-27T07:27:13","atum_locations":[],"atum_stock_status":"instock","restock_status":false,"low_stock_amount":"","sales_update_date":"2025-09-05T00:21:25","calc_backorders":null,"_links":{"self":[{"href":"https:\/\/aromasentia.com\/es\/wp-json\/wp\/v2\/product\/237406","targetHints":{"allow":["GET"]}}],"collection":[{"href":"https:\/\/aromasentia.com\/es\/wp-json\/wp\/v2\/product"}],"about":[{"href":"https:\/\/aromasentia.com\/es\/wp-json\/wp\/v2\/types\/product"}],"replies":[{"embeddable":true,"href":"https:\/\/aromasentia.com\/es\/wp-json\/wp\/v2\/comments?post=237406"}],"version-history":[{"count":0,"href":"https:\/\/aromasentia.com\/es\/wp-json\/wp\/v2\/product\/237406\/revisions"}],"wp:featuredmedia":[{"embeddable":true,"href":"https:\/\/aromasentia.com\/es\/wp-json\/wp\/v2\/media\/302144"}],"wp:attachment":[{"href":"https:\/\/aromasentia.com\/es\/wp-json\/wp\/v2\/media?parent=237406"}],"wp:term":[{"taxonomy":"product_brand","embeddable":true,"href":"https:\/\/aromasentia.com\/es\/wp-json\/wp\/v2\/product_brand?post=237406"},{"taxonomy":"product_cat","embeddable":true,"href":"https:\/\/aromasentia.com\/es\/wp-json\/wp\/v2\/product_cat?post=237406"},{"taxonomy":"product_tag","embeddable":true,"href":"https:\/\/aromasentia.com\/es\/wp-json\/wp\/v2\/product_tag?post=237406"}],"curies":[{"name":"wp","href":"https:\/\/api.w.org\/{rel}","templated":true}]}}