{"id":237398,"date":"2025-03-21T00:57:40","date_gmt":"2025-03-21T00:57:40","guid":{"rendered":"https:\/\/aromasentia.com\/product\/christmas-fun-bath-bomb-gift-pack\/"},"modified":"2025-12-30T21:56:35","modified_gmt":"2025-12-30T21:56:35","slug":"pack-de-regalo-de-bomba-de-bano-divertida-navidena","status":"publish","type":"product","link":"https:\/\/aromasentia.com\/es\/pack-de-regalo-de-bomba-de-bano-divertida-navidena\/","title":{"rendered":"Pack de Regalo de bomba de ba\u00f1o divertida navide\u00f1a"},"content":{"rendered":"<p><span style=\u00abcolor: rgb(75, 80, 88);\u00bb><strong>Prep\u00e1rate para contagiar el esp\u00edritu festivo con este fant\u00e1stico pack de Bombas de Ba\u00f1o Christmas Fun Christmas. <\/strong><\/span><\/p>\n<p><span style=\u00abcolor: rgb(75, 80, 88);\u00bb>Si deseas atraer a clientes nuevos y existentes con la magia de las fiestas o eres propietario de un negocio y est\u00e1s planeando regalos corporativos inolvidables para tus amigos, empleados o seres queridos, nuestro pack de regalo de Bombas de Ba\u00f1o navide\u00f1as es tu mejor opci\u00f3n. <\/span><\/p>\n<p><span style=\u00abcolor: rgb(75, 80, 88);\u00bb><strong>Este set contiene:<\/strong><\/span><\/p>\n<p><span style=\u00abcolor: rgb(75, 80, 88);\u00bb><strong>1 bomba de ba\u00f1o de jengibre (80 g)<\/strong> <em>con la fragancia: Jengibre caliente:<\/em><\/span><\/p>\n<p><span style=\u00abcolor: rgb(97, 189, 109);\u00bb>Notas de salida: Naranja &#8211; Canela<\/span><\/p>\n<p><span style=\u00abcolor: rgb(97, 189, 109);\u00bb>Notas de coraz\u00f3n:&nbsp;Especias de jengibre<\/span><\/p>\n<p><span style=\u00abcolor: rgb(97, 189, 109);\u00bb>Notas de fondo: Galleta de mantequilla &#8211; Az\u00facar &#8211; Vainilla<\/span><\/p>\n<p><span style=\u00abcolor: rgb(75, 80, 88);\u00bb><strong>1x Bombas de Ba\u00f1o Ice Skate (80 g)<\/strong> <em>con la fragancia: Ciruela escarchada:<\/em><\/span><\/p>\n<p><span style=\u00abcolor: rgb(97, 189, 109);\u00bb>Notas de salida: Ciruela &#8211; Bayas de invierno<\/span><\/p>\n<p><span style=\u00abcolor: rgb(97, 189, 109);\u00bb>Notas de coraz\u00f3n:&nbsp;Az\u00facar<\/span><\/p>\n<p><span style=\u00abcolor: rgb(97, 189, 109);\u00bb>Notas de fondo: Vainilla<\/span><\/p>\n<p><span style=\u00abcolor: rgb(75, 80, 88);\u00bb><strong>1 bomba de ba\u00f1o Snowman (80 g)<em> <\/em><\/strong><em>con la fragancia: Holly &amp; Ivy:<\/em><\/span><\/p>\n<p><span style=\u00abcolor: rgb(97, 189, 109);\u00bb>Notas de salida: Romero &#8211; Hojas verdes<\/span><\/p>\n<p><span style=\u00abcolor: rgb(97, 189, 109);\u00bb>Notas de coraz\u00f3n:&nbsp;Madera de cedro<\/span><\/p>\n<p><span style=\u00abcolor: rgb(97, 189, 109);\u00bb>Notas de fondo: Almizcle &#8211; \u00c1mbar gris (alternativa sint\u00e9tica)<\/span><\/p>\n<p><span style=\u00abcolor: rgb(75, 80, 88);\u00bb><strong>1 bomba de ba\u00f1o de reno (80 g)<\/strong> <em>con la fragancia: Chocolate caliente:<\/em><\/span><\/p>\n<p><span style=\u00abcolor: rgb(97, 189, 109);\u00bb>Notas de salida: &nbsp;Chocolate<\/span><\/p>\n<p><span style=\u00abcolor: rgb(97, 189, 109);\u00bb>Notas de coraz\u00f3n: Miel<\/span><\/p>\n<p><span style=\u00abcolor: rgb(97, 189, 109);\u00bb>Notas de fondo: Vainilla<\/span><\/p>\n<p><span style=\u00abcolor: rgb(75, 80, 88);\u00bb><em>Envasado individualmente en pl\u00e1stico retractilado.<\/em><\/span><\/p>\n","protected":false},"excerpt":{"rendered":"<p>Prep\u00e1rate para contagiar el esp\u00edritu festivo con este fant\u00e1stico pack de Bombas de Ba\u00f1o Christmas Fun Christmas. Si deseas atraer a clientes nuevos y existentes con la magia de las fiestas o eres propietario de un negocio y est\u00e1s planeando regalos corporativos inolvidables para tus amigos, empleados o seres queridos, nuestro pack de regalo de [&hellip;]<\/p>\n","protected":false},"featured_media":668520,"comment_status":"closed","ping_status":"open","template":"","meta":{"_angie_page":false},"product_brand":[],"product_cat":[27382,19453,20515,20516],"product_tag":[],"class_list":{"0":"post-237398","1":"product","2":"type-product","3":"status-publish","4":"has-post-thumbnail","6":"product_cat-aromas-navidenos","7":"product_cat-bano-y-ducha","8":"product_cat-bombas-de-bano","9":"product_cat-packs-regalo","10":"pa_collection-christmas-bath-bomb-gift-pack-es","11":"pa_made-in-reino-unido","13":"first","14":"instock","15":"purchasable","16":"product-type-simple"},"supplier_id":null,"supplier_sku":"XBB-06","barcode":null,"atum_controlled":true,"out_stock_date":null,"out_stock_threshold":null,"inheritable":false,"inbound_stock":0,"stock_on_hold":0,"sold_today":0,"sales_last_days":0,"reserved_stock":0,"customer_returns":0,"warehouse_damage":0,"lost_in_post":0,"other_logs":0,"out_stock_days":0,"lost_sales":0,"has_location":false,"update_date":"2026-04-27T07:27:23","atum_locations":[],"atum_stock_status":"instock","restock_status":false,"low_stock_amount":"","sales_update_date":"2026-02-06T00:00:49","calc_backorders":null,"_links":{"self":[{"href":"https:\/\/aromasentia.com\/es\/wp-json\/wp\/v2\/product\/237398","targetHints":{"allow":["GET"]}}],"collection":[{"href":"https:\/\/aromasentia.com\/es\/wp-json\/wp\/v2\/product"}],"about":[{"href":"https:\/\/aromasentia.com\/es\/wp-json\/wp\/v2\/types\/product"}],"replies":[{"embeddable":true,"href":"https:\/\/aromasentia.com\/es\/wp-json\/wp\/v2\/comments?post=237398"}],"version-history":[{"count":0,"href":"https:\/\/aromasentia.com\/es\/wp-json\/wp\/v2\/product\/237398\/revisions"}],"wp:featuredmedia":[{"embeddable":true,"href":"https:\/\/aromasentia.com\/es\/wp-json\/wp\/v2\/media\/668520"}],"wp:attachment":[{"href":"https:\/\/aromasentia.com\/es\/wp-json\/wp\/v2\/media?parent=237398"}],"wp:term":[{"taxonomy":"product_brand","embeddable":true,"href":"https:\/\/aromasentia.com\/es\/wp-json\/wp\/v2\/product_brand?post=237398"},{"taxonomy":"product_cat","embeddable":true,"href":"https:\/\/aromasentia.com\/es\/wp-json\/wp\/v2\/product_cat?post=237398"},{"taxonomy":"product_tag","embeddable":true,"href":"https:\/\/aromasentia.com\/es\/wp-json\/wp\/v2\/product_tag?post=237398"}],"curies":[{"name":"wp","href":"https:\/\/api.w.org\/{rel}","templated":true}]}}