{"id":237394,"date":"2025-03-21T00:57:40","date_gmt":"2025-03-21T00:57:40","guid":{"rendered":"https:\/\/aromasentia.com\/product\/gingerbread-town-christmas-bath-bomb-gift-pack\/"},"modified":"2025-12-30T21:56:35","modified_gmt":"2025-12-30T21:56:35","slug":"pack-de-regalo-de-bombas-de-bano-navidenas-ciudad-de-jengibre","status":"publish","type":"product","link":"https:\/\/aromasentia.com\/es\/pack-de-regalo-de-bombas-de-bano-navidenas-ciudad-de-jengibre\/","title":{"rendered":"Pack de Regalo de Bombas de Ba\u00f1o Navide\u00f1as &#8211; Ciudad de Jengibre"},"content":{"rendered":"<p><span style=\u00abcolor: rgb(75, 80, 88);\u00bb>Prep\u00e1rate para elevar el esp\u00edritu navide\u00f1o y contagiar a todos con el ambiente festivo con este fant\u00e1stico <strong>pack de regalo de Bombas de Ba\u00f1o Gingerbread Town Christmas. <\/strong><\/span><\/p>\n<p><span style=\u00abcolor: rgb(75, 80, 88);\u00bb>Tanto si eres un minorista que quiere llenar sus estanter\u00edas con la magia de las fiestas como si eres un empresario que planea regalos corporativos inolvidables, nuestro pack de regalo de Bombas de Ba\u00f1o navide\u00f1as es tu mejor opci\u00f3n. &nbsp;<\/span><\/p>\n<p><span style=\u00abcolor: rgb(75, 80, 88);\u00bb>Este set contiene:<\/span><\/p>\n<p><span style=\u00abcolor: rgb(75, 80, 88);\u00bb><strong>2 Bombas de Ba\u00f1o Christmas Tree<\/strong> (75 g cada una) con la fragancia: <em>Ma\u00f1ana festiva<\/em><\/span><\/p>\n<p><span style=\u00abcolor: rgb(235, 107, 86);\u00bb>Notas de salida: ante, pimienta rosa, hojas de violeta y azafr\u00e1n<\/span><\/p>\n<p><span style=\u00abcolor: rgb(235, 107, 86);\u00bb>Notas de coraz\u00f3n: Lirio &#8211; Jazm\u00edn &#8211; Iris &#8211; Canela<\/span><\/p>\n<p><span style=\u00abcolor: rgb(235, 107, 86);\u00bb>Notas de fondo: Cuero &#8211; Pachul\u00ed &#8211; S\u00e1ndalo &#8211; \u00c1mbar &#8211; Maderas aterciopeladas &#8211; Madera de agar<\/span><\/p>\n<p><span style=\u00abcolor: rgb(75, 80, 88);\u00bb><strong>2 Bombas de Ba\u00f1o Gingerbread House<\/strong> (80 g cada una) con la fragancia: <em>Pan de jengibre caliente<\/em><\/span><\/p>\n<p><span style=\u00abcolor: rgb(75, 80, 88);\u00bb>Notas de salida: Naranja &#8211; Canela<\/span><\/p>\n<p><span style=\u00abcolor: rgb(235, 107, 86);\u00bb>Notas de coraz\u00f3n:&nbsp;Especias de jengibre<\/span><\/p>\n<p><span style=\u00abcolor: rgb(235, 107, 86);\u00bb>Notas de fondo: Galleta de mantequilla &#8211; Az\u00facar &#8211; Vainilla<\/span><\/p>\n<p><span style=\u00abcolor: rgb(75, 80, 88);\u00bb><em>.Envasado individualmente en pl\u00e1stico retractilado<\/em><\/span><\/p>\n","protected":false},"excerpt":{"rendered":"<p>Prep\u00e1rate para elevar el esp\u00edritu navide\u00f1o y contagiar a todos con el ambiente festivo con este fant\u00e1stico pack de regalo de Bombas de Ba\u00f1o Gingerbread Town Christmas. Tanto si eres un minorista que quiere llenar sus estanter\u00edas con la magia de las fiestas como si eres un empresario que planea regalos corporativos inolvidables, nuestro pack [&hellip;]<\/p>\n","protected":false},"featured_media":668534,"comment_status":"closed","ping_status":"open","template":"","meta":{"_angie_page":false},"product_brand":[],"product_cat":[25844,27382,19453,20515,26891,26192,20516],"product_tag":[],"class_list":{"0":"post-237394","1":"product","2":"type-product","3":"status-publish","4":"has-post-thumbnail","6":"product_cat-aromas","7":"product_cat-aromas-navidenos","8":"product_cat-bano-y-ducha","9":"product_cat-bombas-de-bano","10":"product_cat-especiado","11":"product_cat-geranio","12":"product_cat-packs-regalo","13":"pa_collection-christmas-bath-bomb-gift-pack-es","14":"pa_made-in-reino-unido","16":"first","17":"instock","18":"purchasable","19":"product-type-simple"},"supplier_id":null,"supplier_sku":"XBB-01","barcode":null,"atum_controlled":true,"out_stock_date":null,"out_stock_threshold":null,"inheritable":false,"inbound_stock":0,"stock_on_hold":0,"sold_today":0,"sales_last_days":0,"reserved_stock":0,"customer_returns":0,"warehouse_damage":0,"lost_in_post":0,"other_logs":0,"out_stock_days":0,"lost_sales":0,"has_location":false,"update_date":"2026-04-27T07:27:18","atum_locations":[],"atum_stock_status":"instock","restock_status":false,"low_stock_amount":"","sales_update_date":"2026-01-30T01:26:36","calc_backorders":null,"_links":{"self":[{"href":"https:\/\/aromasentia.com\/es\/wp-json\/wp\/v2\/product\/237394","targetHints":{"allow":["GET"]}}],"collection":[{"href":"https:\/\/aromasentia.com\/es\/wp-json\/wp\/v2\/product"}],"about":[{"href":"https:\/\/aromasentia.com\/es\/wp-json\/wp\/v2\/types\/product"}],"replies":[{"embeddable":true,"href":"https:\/\/aromasentia.com\/es\/wp-json\/wp\/v2\/comments?post=237394"}],"version-history":[{"count":0,"href":"https:\/\/aromasentia.com\/es\/wp-json\/wp\/v2\/product\/237394\/revisions"}],"wp:featuredmedia":[{"embeddable":true,"href":"https:\/\/aromasentia.com\/es\/wp-json\/wp\/v2\/media\/668534"}],"wp:attachment":[{"href":"https:\/\/aromasentia.com\/es\/wp-json\/wp\/v2\/media?parent=237394"}],"wp:term":[{"taxonomy":"product_brand","embeddable":true,"href":"https:\/\/aromasentia.com\/es\/wp-json\/wp\/v2\/product_brand?post=237394"},{"taxonomy":"product_cat","embeddable":true,"href":"https:\/\/aromasentia.com\/es\/wp-json\/wp\/v2\/product_cat?post=237394"},{"taxonomy":"product_tag","embeddable":true,"href":"https:\/\/aromasentia.com\/es\/wp-json\/wp\/v2\/product_tag?post=237394"}],"curies":[{"name":"wp","href":"https:\/\/api.w.org\/{rel}","templated":true}]}}