{"id":237390,"date":"2025-03-21T00:57:40","date_gmt":"2025-03-21T00:57:40","guid":{"rendered":"https:\/\/aromasentia.com\/product\/silent-night-christmas-bath-bomb-gift-pack\/"},"modified":"2025-12-30T21:56:27","modified_gmt":"2025-12-30T21:56:27","slug":"pack-de-regalo-de-bombas-de-bano-navidenas-noche-de-paz","status":"publish","type":"product","link":"https:\/\/aromasentia.com\/es\/pack-de-regalo-de-bombas-de-bano-navidenas-noche-de-paz\/","title":{"rendered":"Pack de Regalo de Bombas de Ba\u00f1o Navide\u00f1as &#8211; Noche de Paz"},"content":{"rendered":"<p><span style=\u00abcolor: rgb(75, 80, 88);\u00bb>Prep\u00e1rate para elevar el esp\u00edritu navide\u00f1o y contagiar a todos con el ambiente festivo con este fant\u00e1stico <strong>pack de regalo de Bombas de Ba\u00f1o Silent Night Christmas<\/strong>. <\/span><\/p>\n<p><span style=\u00abcolor: rgb(75, 80, 88);\u00bb>Tanto si eres un minorista que quiere llenar sus estanter\u00edas con la magia de las fiestas como si eres un empresario que planea regalos corporativos inolvidables, nuestro paquete de regalo de Bombas de Ba\u00f1o navide\u00f1as es tu mejor opci\u00f3n. <\/span><\/p>\n<p><span style=\u00abcolor: rgb(75, 80, 88);\u00bb><em>Este set contiene:<\/em><\/span><\/p>\n<p><span style=\u00abcolor: rgb(75, 80, 88);\u00bb><strong>2 Bombas de Ba\u00f1o Christmas Tree<\/strong> (75 g cada una) con la fragancia: Ma\u00f1ana festiva<\/span><\/p>\n<p><span style=\u00abcolor: rgb(235, 107, 86);\u00bb>Notas de salida: ante, pimienta rosa, hojas de violeta y azafr\u00e1n<\/span><\/p>\n<p><span style=\u00abcolor: rgb(235, 107, 86);\u00bb>Notas de coraz\u00f3n: Lirio &#8211; Jazm\u00edn &#8211; Iris &#8211; Canela<\/span><\/p>\n<p><span style=\u00abcolor: rgb(235, 107, 86);\u00bb>Notas de fondo: Cuero &#8211; Pachul\u00ed &#8211; S\u00e1ndalo &#8211; \u00c1mbar &#8211; Maderas aterciopeladas &#8211; Madera de agar<\/span><\/p>\n<p><span style=\"color: rgb(75, 80, 88);\u00bb ><strong>2 Bombas de Ba\u00f1o Star (50 g cada una) con la fragancia:<\/strong><em>&nbsp;Cosy Winter Nights<\/em><\/span><\/p>\n<p><span style=\u00abcolor: rgb(235, 107, 86);\u00bb>Notas de salida: Canela &#8211; Clavo<\/span><\/p>\n<p><span style=\u00abcolor: rgb(235, 107, 86);\u00bb>Notas de coraz\u00f3n:&nbsp;Jazm\u00edn &#8211; Violeta &#8211; Rosa<\/span><\/p>\n<p><span style=\u00abcolor: rgb(235, 107, 86);\u00bb>Notas de fondo: Cachemira &#8211; Maderas &#8211; Almizcle &#8211; Vainilla &#8211; Azafr\u00e1n<\/span><\/p>\n<p><span style=\u00abcolor: rgb(75, 80, 88);\u00bb>Envasado individualmente en pl\u00e1stico retractable <\/span><\/p>\n","protected":false},"excerpt":{"rendered":"<p>Prep\u00e1rate para elevar el esp\u00edritu navide\u00f1o y contagiar a todos con el ambiente festivo con este fant\u00e1stico pack de regalo de Bombas de Ba\u00f1o Silent Night Christmas. Tanto si eres un minorista que quiere llenar sus estanter\u00edas con la magia de las fiestas como si eres un empresario que planea regalos corporativos inolvidables, nuestro paquete [&hellip;]<\/p>\n","protected":false},"featured_media":668611,"comment_status":"closed","ping_status":"open","template":"","meta":[],"product_brand":[],"product_cat":[27382,19453,20515,20516],"product_tag":[],"class_list":{"0":"post-237390","1":"product","2":"type-product","3":"status-publish","4":"has-post-thumbnail","6":"product_cat-aromas-navidenos","7":"product_cat-bano-y-ducha","8":"product_cat-bombas-de-bano","9":"product_cat-packs-regalo","10":"pa_collection-christmas-bath-bomb-gift-pack-es","11":"pa_made-in-reino-unido","13":"first","14":"instock","15":"purchasable","16":"product-type-simple"},"supplier_id":null,"supplier_sku":"XBB-02","barcode":null,"atum_controlled":true,"out_stock_date":null,"out_stock_threshold":null,"inheritable":false,"inbound_stock":0,"stock_on_hold":0,"sold_today":0,"sales_last_days":0,"reserved_stock":0,"customer_returns":0,"warehouse_damage":0,"lost_in_post":0,"other_logs":0,"out_stock_days":0,"lost_sales":0,"has_location":false,"update_date":"2026-01-30T01:26:36","atum_locations":[],"atum_stock_status":"instock","restock_status":false,"low_stock_amount":"","sales_update_date":"2026-01-30T01:26:36","calc_backorders":null,"_links":{"self":[{"href":"https:\/\/aromasentia.com\/es\/wp-json\/wp\/v2\/product\/237390","targetHints":{"allow":["GET"]}}],"collection":[{"href":"https:\/\/aromasentia.com\/es\/wp-json\/wp\/v2\/product"}],"about":[{"href":"https:\/\/aromasentia.com\/es\/wp-json\/wp\/v2\/types\/product"}],"replies":[{"embeddable":true,"href":"https:\/\/aromasentia.com\/es\/wp-json\/wp\/v2\/comments?post=237390"}],"version-history":[{"count":0,"href":"https:\/\/aromasentia.com\/es\/wp-json\/wp\/v2\/product\/237390\/revisions"}],"wp:featuredmedia":[{"embeddable":true,"href":"https:\/\/aromasentia.com\/es\/wp-json\/wp\/v2\/media\/668611"}],"wp:attachment":[{"href":"https:\/\/aromasentia.com\/es\/wp-json\/wp\/v2\/media?parent=237390"}],"wp:term":[{"taxonomy":"product_brand","embeddable":true,"href":"https:\/\/aromasentia.com\/es\/wp-json\/wp\/v2\/product_brand?post=237390"},{"taxonomy":"product_cat","embeddable":true,"href":"https:\/\/aromasentia.com\/es\/wp-json\/wp\/v2\/product_cat?post=237390"},{"taxonomy":"product_tag","embeddable":true,"href":"https:\/\/aromasentia.com\/es\/wp-json\/wp\/v2\/product_tag?post=237390"}],"curies":[{"name":"wp","href":"https:\/\/api.w.org\/{rel}","templated":true}]}}